{"id":534875,"date":"2025-09-04T20:17:18","date_gmt":"2025-09-04T17:17:18","guid":{"rendered":"https:\/\/staging.nbg.eu\/product\/sprinco-usa-enhanced-4-coil-bolt-carrier-extractor-cs-spring-3-pak-25435-red\/"},"modified":"2025-09-29T14:50:17","modified_gmt":"2025-09-29T11:50:17","slug":"sprinco-usa-arc-extractor-purtator-oblon-4-spire-imbunatatit-cs-pachet-3-buc-25435-rosu","status":"publish","type":"product","link":"https:\/\/staging.nbg.eu\/ro\/produs\/sprinco-usa-arc-extractor-purtator-oblon-4-spire-imbunatatit-cs-pachet-3-buc-25435-rosu\/","title":{"rendered":"SPRINCO USA Arc Extractor Purt\u0103tor Oblon 4 Spire \u00cembun\u0103t\u0103\u021bit CS Pachet 3 Buc (25435) Ro\u0219u"},"content":{"rendered":"<div class=\"product-description\">\n<h2>SPRINCO USA ARC EXTRACTOR CU 4 SPIRE PENTRU TRANSPORTORUL DE \u00ceNCHIZ\u0102TOR, SET DE 3 (25435) Ro\u0219u<\/h2>\n<p>Arc extractor Sprinco fabricat \u00een SUA cu 4 spire pentru transportorul de \u00eenchiz\u0103tor. Realizat din s\u00e2rm\u0103 de crom-siliciu, tratat\u0103 termic \u0219i detensionat\u0103, aceste arcuri sunt procesate criogenic \u0219i au un strat de disulfur\u0103 de molibden.<\/p>\n<ul>\n<li>Men\u021bine ciclul de func\u021bionare extins al arcului Mil-Spec nou<\/li>\n<li>Potrivit pentru \u021bevi de 18&#8243;+ \u0219i recuperarea tuburilor<\/li>\n<li>Rezistent la c\u0103ldur\u0103 p\u00e2n\u0103 la 750\u00b0F<\/li>\n<li>Cicluri de func\u021bionare extreme cu performan\u021b\u0103 constant\u0103<\/li>\n<li>Solu\u021bie de lung\u0103 durat\u0103, u\u0219or de instalat<\/li>\n<\/ul>\n<p>\u00cembun\u0103t\u0103\u021bi\u021bi grupul transportorului de \u00eenchiz\u0103tor cu arcurile extractoare Sprinco pentru o func\u021bionare \u0219i longevitate \u00eembun\u0103t\u0103\u021bite ale armei de foc.<\/p>\n<\/div>\n","protected":false},"excerpt":{"rendered":"<p>Arcuri extractoare durabile cu 4 spirale pentru cicluri de func\u021bionare prelungite. Fabricate \u00een SUA.<\/p>\n","protected":false},"featured_media":495505,"template":"","meta":{"_acf_changed":false},"product_brand":[],"product_cat":[12811],"product_tag":[],"class_list":{"0":"post-534875","1":"product","2":"type-product","3":"status-publish","4":"has-post-thumbnail","6":"product_cat-necategorizat","8":"first","9":"instock","10":"taxable","11":"shipping-taxable","12":"purchasable","13":"product-type-simple"},"acf":[],"_links":{"self":[{"href":"https:\/\/staging.nbg.eu\/ro\/wp-json\/wp\/v2\/product\/534875","targetHints":{"allow":["GET"]}}],"collection":[{"href":"https:\/\/staging.nbg.eu\/ro\/wp-json\/wp\/v2\/product"}],"about":[{"href":"https:\/\/staging.nbg.eu\/ro\/wp-json\/wp\/v2\/types\/product"}],"wp:featuredmedia":[{"embeddable":true,"href":"https:\/\/staging.nbg.eu\/ro\/wp-json\/wp\/v2\/media\/495505"}],"wp:attachment":[{"href":"https:\/\/staging.nbg.eu\/ro\/wp-json\/wp\/v2\/media?parent=534875"}],"wp:term":[{"taxonomy":"product_brand","embeddable":true,"href":"https:\/\/staging.nbg.eu\/ro\/wp-json\/wp\/v2\/product_brand?post=534875"},{"taxonomy":"product_cat","embeddable":true,"href":"https:\/\/staging.nbg.eu\/ro\/wp-json\/wp\/v2\/product_cat?post=534875"},{"taxonomy":"product_tag","embeddable":true,"href":"https:\/\/staging.nbg.eu\/ro\/wp-json\/wp\/v2\/product_tag?post=534875"}],"curies":[{"name":"wp","href":"https:\/\/api.w.org\/{rel}","templated":true}]}}