{"id":534762,"date":"2025-09-04T20:17:18","date_gmt":"2025-09-04T17:17:18","guid":{"rendered":"https:\/\/staging.nbg.eu\/product\/law-tactical-llc-ar-15-m16-gen3-m-folding-stock-adapter-fde-99313\/"},"modified":"2025-09-29T13:46:36","modified_gmt":"2025-09-29T10:46:36","slug":"law-tactical-llc-adaptor-sold-pliabil-ar-15m16-gen3-m-fde-99313","status":"publish","type":"product","link":"https:\/\/staging.nbg.eu\/ro\/produs\/law-tactical-llc-adaptor-sold-pliabil-ar-15m16-gen3-m-fde-99313\/","title":{"rendered":"LAW TACTICAL LLC Adaptor \u0218old Pliabil AR-15\/M16 Gen3-M FDE (99313)"},"content":{"rendered":"<div class=\"product-description\">\n<h2>LAW TACTICAL LLC AR-15\/M16 Gen3-M Adaptor pentru pat rabatabil FDE (99313)<\/h2>\n<p>Adaptorul LAW TACTICAL Gen3-M pentru pat rabatabil, fabricat \u00een SUA, permite instalarea unui pat rabatabil pentru AR-15. Acest lucru creeaz\u0103 o arm\u0103 compact\u0103 potrivit\u0103 pentru utilizare \u00een vehicule sau transport discret.<\/p>\n<ul>\n<li>Compatibil cu sisteme standard cu impingere de gaze \u0219i cu piston de gaze<\/li>\n<li>Accept\u0103 tuburi de extensie pentru receptor A2, mil-spec M4 \u0219i carabin\u0103 comercial\u0103<\/li>\n<li>Func\u021bioneaz\u0103 cu grupuri de transport standard, inclusiv cele full-auto \u0219i de dimensiune .308<\/li>\n<li>Operare cu un singur buton pentru pliere \u0219i depliere rapid\u0103<\/li>\n<li>Tensiune reglabil\u0103 a balamalei<\/li>\n<li>Acoperire DLC pentru durabilitate<\/li>\n<li>Adaug\u0103 1,3&#8243; la lungimea de tragere<\/li>\n<li>Greutate: 8,5 oz<\/li>\n<\/ul>\n<p><strong>Not\u0103:<\/strong> Nu trage\u021bi cu arma c\u00e2nd patul este pliat. Compatibil doar cu transportoare Centerfire \u0219i Mil-Spec sau cu bol\u021buri AR 9mm compatibile.<\/p>\n<\/div>\n","protected":false},"excerpt":{"rendered":"<p>Adaptor compact pliabil pentru patul armei AR-15, pentru transport \u0219i depozitare u\u0219oar\u0103.<\/p>\n","protected":false},"featured_media":495390,"template":"","meta":{"_acf_changed":false},"product_brand":[],"product_cat":[12755,12795,12744],"product_tag":[],"class_list":{"0":"post-534762","1":"product","2":"type-product","3":"status-publish","4":"has-post-thumbnail","6":"product_cat-caciuli-pentru-pusti","7":"product_cat-pusca","8":"product_cat-reglaj-pusca","10":"first","11":"instock","12":"taxable","13":"shipping-taxable","14":"purchasable","15":"product-type-simple"},"acf":[],"_links":{"self":[{"href":"https:\/\/staging.nbg.eu\/ro\/wp-json\/wp\/v2\/product\/534762","targetHints":{"allow":["GET"]}}],"collection":[{"href":"https:\/\/staging.nbg.eu\/ro\/wp-json\/wp\/v2\/product"}],"about":[{"href":"https:\/\/staging.nbg.eu\/ro\/wp-json\/wp\/v2\/types\/product"}],"wp:featuredmedia":[{"embeddable":true,"href":"https:\/\/staging.nbg.eu\/ro\/wp-json\/wp\/v2\/media\/495390"}],"wp:attachment":[{"href":"https:\/\/staging.nbg.eu\/ro\/wp-json\/wp\/v2\/media?parent=534762"}],"wp:term":[{"taxonomy":"product_brand","embeddable":true,"href":"https:\/\/staging.nbg.eu\/ro\/wp-json\/wp\/v2\/product_brand?post=534762"},{"taxonomy":"product_cat","embeddable":true,"href":"https:\/\/staging.nbg.eu\/ro\/wp-json\/wp\/v2\/product_cat?post=534762"},{"taxonomy":"product_tag","embeddable":true,"href":"https:\/\/staging.nbg.eu\/ro\/wp-json\/wp\/v2\/product_tag?post=534762"}],"curies":[{"name":"wp","href":"https:\/\/api.w.org\/{rel}","templated":true}]}}