{"id":533884,"date":"2025-09-04T18:48:24","date_gmt":"2025-09-04T15:48:24","guid":{"rendered":"https:\/\/staging.nbg.eu\/product\/utg-h2-hard-coat-heavy-recoil-buffer-ar-15-m4-m16-rb-t6bfh2\/"},"modified":"2025-09-29T11:12:57","modified_gmt":"2025-09-29T08:12:57","slug":"utg-amortizor-h2-recul-puternic-hard-coat-ar-15-m4-m16-rb-t6bfh2","status":"publish","type":"product","link":"https:\/\/staging.nbg.eu\/ro\/produs\/utg-amortizor-h2-recul-puternic-hard-coat-ar-15-m4-m16-rb-t6bfh2\/","title":{"rendered":"UTG &#8211; Amortizor H2 Recul Puternic Hard Coat &#8211; AR-15 \/ M4 \/ M16 &#8211; RB-T6BFH2"},"content":{"rendered":"<div class=\"product-description\">\n<h2>UTG &#8211; Amortizor de recul H2 pentru AR-15 \/ M4 \/ M16<\/h2>\n<p>Amortizorul de recul UTG H2 pentru platforma AR-15 include:<\/p>\n<ul>\n<li>2 greut\u0103\u021bi din tungsten \u0219i 1 greutate din o\u021bel pentru func\u021bionare \u0219i fiabilitate \u00eembun\u0103t\u0103\u021bit\u0103<\/li>\n<li>Corp \u00eent\u0103rit cu anodizare pentru durabilitate<\/li>\n<li>Tampon de fixare str\u00e2ns pentru performan\u021b\u0103 optim\u0103<\/li>\n<li>Greutate total\u0103: 4.6 uncii<\/li>\n<\/ul>\n<p>Compatibil cu modelele AR-15, M4 \u0219i M16, acest amortizor negru mat este proiectat pentru a reduce reculul. Combina\u021bia de materiale tungsten, o\u021bel \u0219i aluminiu asigur\u0103 longevitate \u0219i performan\u021b\u0103 constant\u0103.<\/p>\n<\/div>\n","protected":false},"excerpt":{"rendered":"<p>Amortizor de recul greu UTG H2: Ciclu de func\u021bionare mai lin pentru carabinele AR-15.<\/p>\n","protected":false},"featured_media":494374,"template":"","meta":{"_acf_changed":false},"product_brand":[],"product_cat":[12744],"product_tag":[],"class_list":{"0":"post-533884","1":"product","2":"type-product","3":"status-publish","4":"has-post-thumbnail","6":"product_cat-reglaj-pusca","8":"first","9":"instock","10":"taxable","11":"shipping-taxable","12":"purchasable","13":"product-type-simple"},"acf":[],"_links":{"self":[{"href":"https:\/\/staging.nbg.eu\/ro\/wp-json\/wp\/v2\/product\/533884","targetHints":{"allow":["GET"]}}],"collection":[{"href":"https:\/\/staging.nbg.eu\/ro\/wp-json\/wp\/v2\/product"}],"about":[{"href":"https:\/\/staging.nbg.eu\/ro\/wp-json\/wp\/v2\/types\/product"}],"wp:featuredmedia":[{"embeddable":true,"href":"https:\/\/staging.nbg.eu\/ro\/wp-json\/wp\/v2\/media\/494374"}],"wp:attachment":[{"href":"https:\/\/staging.nbg.eu\/ro\/wp-json\/wp\/v2\/media?parent=533884"}],"wp:term":[{"taxonomy":"product_brand","embeddable":true,"href":"https:\/\/staging.nbg.eu\/ro\/wp-json\/wp\/v2\/product_brand?post=533884"},{"taxonomy":"product_cat","embeddable":true,"href":"https:\/\/staging.nbg.eu\/ro\/wp-json\/wp\/v2\/product_cat?post=533884"},{"taxonomy":"product_tag","embeddable":true,"href":"https:\/\/staging.nbg.eu\/ro\/wp-json\/wp\/v2\/product_tag?post=533884"}],"curies":[{"name":"wp","href":"https:\/\/api.w.org\/{rel}","templated":true}]}}