{"id":533773,"date":"2025-09-04T18:48:23","date_gmt":"2025-09-04T15:48:23","guid":{"rendered":"https:\/\/staging.nbg.eu\/product\/utg-h3-carbine-buffer-ar15-m4-rb-t6bfh3\/"},"modified":"2025-09-29T11:04:08","modified_gmt":"2025-09-29T08:04:08","slug":"utg-amortizor-h3-carabina-ar15-m4-rb-t6bfh3","status":"publish","type":"product","link":"https:\/\/staging.nbg.eu\/ro\/produs\/utg-amortizor-h3-carabina-ar15-m4-rb-t6bfh3\/","title":{"rendered":"UTG &#8211; Amortizor H3 Carabin\u0103 &#8211; AR15 \/ M4 &#8211; RB-T6BFH3"},"content":{"rendered":"<div class=\"product-description\">\n<h2>UTG &#8211; Amortizor H3 pentru carabin\u0103 &#8211; AR15 \/ M4 &#8211; RB-T6BFH3<\/h2>\n<p>Amortizorul de recul Leapers UTG H3 pentru AR15 are urm\u0103toarele caracteristici:<\/p>\n<ul>\n<li>3 greut\u0103\u021bi de tungsten pentru performan\u021b\u0103<\/li>\n<li>Corp din aluminiu 6061-T6 cu finisaj anodizat<\/li>\n<li>Amortizor final bine fixat pentru durabilitate<\/li>\n<li>Cre\u0219te timpul de func\u021bionare \u0219i u\u0219ureaz\u0103 extrac\u021bia<\/li>\n<li>Reduce reculul resim\u021bit<\/li>\n<li>Poate \u00eembun\u0103t\u0103\u021bi precizia pentru calibre u\u0219or mai mari<\/li>\n<\/ul>\n<p>Cu o greutate de 153 grame, acest amortizor este conceput pentru a face platforma AR mai confortabil\u0103 \u0219i poten\u021bial mai precis\u0103. Componenta \u00eembun\u0103t\u0103\u021be\u0219te performan\u021ba \u0219i reduce reculul.<\/p>\n","protected":false},"excerpt":{"rendered":"<p>Amortizor de recul UTG H3 pentru carabin\u0103: Reduce reculul, \u00eembun\u0103t\u0103\u021be\u0219te confortul pentru AR15\/M4.<\/p>\n","protected":false},"featured_media":494326,"template":"","meta":{"_acf_changed":false},"product_brand":[],"product_cat":[12744],"product_tag":[],"class_list":{"0":"post-533773","1":"product","2":"type-product","3":"status-publish","4":"has-post-thumbnail","6":"product_cat-reglaj-pusca","8":"first","9":"instock","10":"taxable","11":"shipping-taxable","12":"purchasable","13":"product-type-simple"},"acf":[],"_links":{"self":[{"href":"https:\/\/staging.nbg.eu\/ro\/wp-json\/wp\/v2\/product\/533773","targetHints":{"allow":["GET"]}}],"collection":[{"href":"https:\/\/staging.nbg.eu\/ro\/wp-json\/wp\/v2\/product"}],"about":[{"href":"https:\/\/staging.nbg.eu\/ro\/wp-json\/wp\/v2\/types\/product"}],"wp:featuredmedia":[{"embeddable":true,"href":"https:\/\/staging.nbg.eu\/ro\/wp-json\/wp\/v2\/media\/494326"}],"wp:attachment":[{"href":"https:\/\/staging.nbg.eu\/ro\/wp-json\/wp\/v2\/media?parent=533773"}],"wp:term":[{"taxonomy":"product_brand","embeddable":true,"href":"https:\/\/staging.nbg.eu\/ro\/wp-json\/wp\/v2\/product_brand?post=533773"},{"taxonomy":"product_cat","embeddable":true,"href":"https:\/\/staging.nbg.eu\/ro\/wp-json\/wp\/v2\/product_cat?post=533773"},{"taxonomy":"product_tag","embeddable":true,"href":"https:\/\/staging.nbg.eu\/ro\/wp-json\/wp\/v2\/product_tag?post=533773"}],"curies":[{"name":"wp","href":"https:\/\/api.w.org\/{rel}","templated":true}]}}