{"id":533567,"date":"2025-09-07T23:46:53","date_gmt":"2025-09-07T20:46:53","guid":{"rendered":"https:\/\/staging.nbg.eu\/product\/vanward-thread-insert\/"},"modified":"2025-09-29T10:51:02","modified_gmt":"2025-09-29T07:51:02","slug":"vanward-insert-filetat","status":"publish","type":"product","link":"https:\/\/staging.nbg.eu\/ro\/produs\/vanward-insert-filetat\/","title":{"rendered":"Vanward Insert Filetat"},"content":{"rendered":"<div class=\"product-description\">\n<h2>Insert filetat Vanward<\/h2>\n<p>\u00cembun\u0103t\u0103\u021bi\u021bi supresoarele Vanward Hunter \u0219i Hunter Pro cu inserturile noastre filetate din o\u021bel. Disponibile \u00een mai multe dimensiuni \u0219i configura\u021bii pentru a se potrivi nevoilor dumneavoastr\u0103 specifice:<\/p>\n<ul>\n<li>M13<\/li>\n<li>M14<\/li>\n<li>M15<\/li>\n<li>M17<\/li>\n<li>M18<\/li>\n<li>M22<\/li>\n<\/ul>\n<p>Aceste inserturi filetate sunt concepute pentru a oferi o potrivire sigur\u0103 \u0219i precis\u0103 pentru buc\u0219a supresoarelui. Fabricate din o\u021bel, ele asigur\u0103 durabilitate \u0219i performan\u021b\u0103 \u00een diverse condi\u021bii de tragere.<\/p>\n<p>Compatibile cu modelele Vanward Hunter \u0219i Hunter Pro, aceste inserturi filetate ofer\u0103 versatilitate pentru entuzia\u0219tii de arme de foc. \u00cembun\u0103t\u0103\u021bi\u021bi configura\u021bia supresorului dumneavoastr\u0103 cu inserturile filetate Vanward.<\/p>\n<\/div>\n","protected":false},"excerpt":{"rendered":"<p>Inser\u021bie filetat\u0103 Vanward: Inser\u021bii din o\u021bel pentru amortizoarele Hunter, M13-M22.<\/p>\n","protected":false},"featured_media":501463,"template":"","meta":{"_acf_changed":false},"product_brand":[11936],"product_cat":[12767,12730,12748],"product_tag":[],"class_list":{"0":"post-533567","1":"product","2":"type-product","3":"status-publish","4":"has-post-thumbnail","6":"product_brand-vanward","7":"product_cat-accesorii-pentru-supresoare","8":"product_cat-supresoare","9":"product_cat-supresoare-pentru-pusti","11":"first","12":"instock","13":"taxable","14":"shipping-taxable","15":"purchasable","16":"product-type-variable","17":"wvs-archive-product-wrapper"},"acf":[],"_links":{"self":[{"href":"https:\/\/staging.nbg.eu\/ro\/wp-json\/wp\/v2\/product\/533567","targetHints":{"allow":["GET"]}}],"collection":[{"href":"https:\/\/staging.nbg.eu\/ro\/wp-json\/wp\/v2\/product"}],"about":[{"href":"https:\/\/staging.nbg.eu\/ro\/wp-json\/wp\/v2\/types\/product"}],"wp:featuredmedia":[{"embeddable":true,"href":"https:\/\/staging.nbg.eu\/ro\/wp-json\/wp\/v2\/media\/501463"}],"wp:attachment":[{"href":"https:\/\/staging.nbg.eu\/ro\/wp-json\/wp\/v2\/media?parent=533567"}],"wp:term":[{"taxonomy":"product_brand","embeddable":true,"href":"https:\/\/staging.nbg.eu\/ro\/wp-json\/wp\/v2\/product_brand?post=533567"},{"taxonomy":"product_cat","embeddable":true,"href":"https:\/\/staging.nbg.eu\/ro\/wp-json\/wp\/v2\/product_cat?post=533567"},{"taxonomy":"product_tag","embeddable":true,"href":"https:\/\/staging.nbg.eu\/ro\/wp-json\/wp\/v2\/product_tag?post=533567"}],"curies":[{"name":"wp","href":"https:\/\/api.w.org\/{rel}","templated":true}]}}