{"id":533142,"date":"2025-09-04T18:25:08","date_gmt":"2025-09-04T15:25:08","guid":{"rendered":"https:\/\/staging.nbg.eu\/product\/ftcs-gas-tube-cover-round-holes-ak-cerakote-black-nr-31\/"},"modified":"2025-09-29T10:18:44","modified_gmt":"2025-09-29T07:18:44","slug":"ftcs-capac-tub-gaz-gauri-rotunde-ak-cerakote-negru-nr-31","status":"publish","type":"product","link":"https:\/\/staging.nbg.eu\/ro\/produs\/ftcs-capac-tub-gaz-gauri-rotunde-ak-cerakote-negru-nr-31\/","title":{"rendered":"FTCS &#8211; Capac Tub Gaz &#8211; G\u0103uri Rotunde &#8211; AK &#8211; Cerakote &#8211; Negru &#8211; Nr. 31"},"content":{"rendered":"<div class=\"product-description\">\n<h2>FTCS Capac Tub de Gaz &#8211; G\u0103uri Rotunde &#8211; AK &#8211; Cerakote Negru &#8211; Nr. 31<\/h2>\n<p>Capac pentru tubul de gaz de la FTCS pentru carabine din familia AK. Fabricat din o\u021bel inoxidabil \u0219i acoperit cu Cerakote.<\/p>\n<ul>\n<li>Potrivire precis\u0103 pentru instalare<\/li>\n<li>Arm\u0103tur\u0103 intern\u0103 pentru rigiditate<\/li>\n<li>Decupaje rotunde pentru disiparea c\u0103ldurii<\/li>\n<li>Finisaj Cerakote \u00een Negru Grafit H-146<\/li>\n<li>Compatibil cu ap\u0103r\u0103toarele de m\u00e2n\u0103 FTCS Nr. 1-6<\/li>\n<li>Dimensiuni: 110 x 35 mm<\/li>\n<li>Greutate: 54 g<\/li>\n<\/ul>\n<p>Capac pentru tubul de gaz pentru AK. Pentru \u00eembun\u0103t\u0103\u021birea performan\u021bei \u0219i aspectului.<\/p>\n<\/div>\n","protected":false},"excerpt":{"rendered":"<p>Capac pentru tubul de gaz AK, cu g\u0103uri rotunde, vopsit Cerakote negru, o\u021bel inoxidabil<\/p>\n","protected":false},"featured_media":494135,"template":"","meta":{"_acf_changed":false},"product_brand":[11324],"product_cat":[12795,12729,12744],"product_tag":[],"class_list":{"0":"post-533142","1":"product","2":"type-product","3":"status-publish","4":"has-post-thumbnail","6":"product_brand-ftcs","7":"product_cat-pusca","8":"product_cat-reglaj-ak","9":"product_cat-reglaj-pusca","11":"first","12":"instock","13":"taxable","14":"shipping-taxable","15":"purchasable","16":"product-type-simple"},"acf":[],"_links":{"self":[{"href":"https:\/\/staging.nbg.eu\/ro\/wp-json\/wp\/v2\/product\/533142","targetHints":{"allow":["GET"]}}],"collection":[{"href":"https:\/\/staging.nbg.eu\/ro\/wp-json\/wp\/v2\/product"}],"about":[{"href":"https:\/\/staging.nbg.eu\/ro\/wp-json\/wp\/v2\/types\/product"}],"wp:featuredmedia":[{"embeddable":true,"href":"https:\/\/staging.nbg.eu\/ro\/wp-json\/wp\/v2\/media\/494135"}],"wp:attachment":[{"href":"https:\/\/staging.nbg.eu\/ro\/wp-json\/wp\/v2\/media?parent=533142"}],"wp:term":[{"taxonomy":"product_brand","embeddable":true,"href":"https:\/\/staging.nbg.eu\/ro\/wp-json\/wp\/v2\/product_brand?post=533142"},{"taxonomy":"product_cat","embeddable":true,"href":"https:\/\/staging.nbg.eu\/ro\/wp-json\/wp\/v2\/product_cat?post=533142"},{"taxonomy":"product_tag","embeddable":true,"href":"https:\/\/staging.nbg.eu\/ro\/wp-json\/wp\/v2\/product_tag?post=533142"}],"curies":[{"name":"wp","href":"https:\/\/api.w.org\/{rel}","templated":true}]}}