{"id":533035,"date":"2025-09-04T18:25:08","date_gmt":"2025-09-04T15:25:08","guid":{"rendered":"https:\/\/staging.nbg.eu\/product\/ftcs-gas-tube-cover-oblong-holes-ak-cerakote-black-nr-30\/"},"modified":"2025-09-29T10:10:48","modified_gmt":"2025-09-29T07:10:48","slug":"ftcs-capac-tub-gaz-gauri-oblonge-ak-cerakote-negru-nr-30","status":"publish","type":"product","link":"https:\/\/staging.nbg.eu\/ro\/produs\/ftcs-capac-tub-gaz-gauri-oblonge-ak-cerakote-negru-nr-30\/","title":{"rendered":"FTCS &#8211; Capac Tub Gaz &#8211; G\u0103uri Oblonge &#8211; AK &#8211; Cerakote &#8211; Negru &#8211; Nr. 30"},"content":{"rendered":"<div class=\"product-description\">\n<h2>Capac Tub de Gaz FTCS &#8211; G\u0103uri Ovale &#8211; AK &#8211; Cerakote Negru &#8211; Nr. 30<\/h2>\n<p>Capacul Tubului de Gaz FTCS pentru AK ofer\u0103 urm\u0103toarele caracteristici:<\/p>\n<ul>\n<li>Finisaj Cerakote Negru pentru rezisten\u021b\u0103 la coroziune<\/li>\n<li>Design cu g\u0103uri ovale pentru disiparea c\u0103ldurii<\/li>\n<li>Compatibil cu majoritatea pu\u0219tilor de tip AK<\/li>\n<li>Instalare simpl\u0103 &#8211; nu necesit\u0103 armurerie<\/li>\n<li>Reduce c\u0103ldura resim\u021bit\u0103 \u00een timpul sesiunilor de tragere prelungite<\/li>\n<li>Aspect care se potrive\u0219te configura\u021biilor tactice<\/li>\n<\/ul>\n<p>Capacul Tubului de Gaz FTCS Nr. 30 pentru AK \u00eembun\u0103t\u0103\u021be\u0219te performan\u021ba \u0219i aspectul armei.<\/p>\n<\/div>\n","protected":false},"excerpt":{"rendered":"<p>Capac pentru tubul de gaz AK cu g\u0103uri alungite. Finisaj Cerakote negru. #30.<\/p>\n","protected":false},"featured_media":494066,"template":"","meta":{"_acf_changed":false},"product_brand":[11324],"product_cat":[12795,12729,12744],"product_tag":[],"class_list":{"0":"post-533035","1":"product","2":"type-product","3":"status-publish","4":"has-post-thumbnail","6":"product_brand-ftcs","7":"product_cat-pusca","8":"product_cat-reglaj-ak","9":"product_cat-reglaj-pusca","11":"first","12":"instock","13":"taxable","14":"shipping-taxable","15":"purchasable","16":"product-type-simple"},"acf":[],"_links":{"self":[{"href":"https:\/\/staging.nbg.eu\/ro\/wp-json\/wp\/v2\/product\/533035","targetHints":{"allow":["GET"]}}],"collection":[{"href":"https:\/\/staging.nbg.eu\/ro\/wp-json\/wp\/v2\/product"}],"about":[{"href":"https:\/\/staging.nbg.eu\/ro\/wp-json\/wp\/v2\/types\/product"}],"wp:featuredmedia":[{"embeddable":true,"href":"https:\/\/staging.nbg.eu\/ro\/wp-json\/wp\/v2\/media\/494066"}],"wp:attachment":[{"href":"https:\/\/staging.nbg.eu\/ro\/wp-json\/wp\/v2\/media?parent=533035"}],"wp:term":[{"taxonomy":"product_brand","embeddable":true,"href":"https:\/\/staging.nbg.eu\/ro\/wp-json\/wp\/v2\/product_brand?post=533035"},{"taxonomy":"product_cat","embeddable":true,"href":"https:\/\/staging.nbg.eu\/ro\/wp-json\/wp\/v2\/product_cat?post=533035"},{"taxonomy":"product_tag","embeddable":true,"href":"https:\/\/staging.nbg.eu\/ro\/wp-json\/wp\/v2\/product_tag?post=533035"}],"curies":[{"name":"wp","href":"https:\/\/api.w.org\/{rel}","templated":true}]}}