{"id":532763,"date":"2025-09-04T17:51:31","date_gmt":"2025-09-04T14:51:31","guid":{"rendered":"https:\/\/staging.nbg.eu\/product\/strike-industries-mass-driver-comp-for-glock-17-gen4\/"},"modified":"2025-09-29T09:50:08","modified_gmt":"2025-09-29T06:50:08","slug":"strike-industries-compensator-mass-driver-pentru-glock-17-gen4","status":"publish","type":"product","link":"https:\/\/staging.nbg.eu\/ro\/produs\/strike-industries-compensator-mass-driver-pentru-glock-17-gen4\/","title":{"rendered":"Strike Industries &#8211; Compensator Mass Driver pentru Glock 17 Gen4"},"content":{"rendered":"<h2>Strike Industries &#8211; Compensator Mass Driver pentru Glock 17 Gen4<\/h2>\n<p>Compensatorul Mass Driver (MDC) de la Strike Industries pentru Glock 17 Gen4 atenueaz\u0103 reculul mecanic f\u0103r\u0103 a compromite fiabilitatea ciclului de func\u021bionare.<\/p>\n<h2>Caracteristici principale:<\/h2>\n<ul>\n<li>Se separ\u0103 de componentele de operare dup\u0103 aprindere<\/li>\n<li>Men\u021bine viteze ciclice aproape de cele standard<\/li>\n<li>Reduce masa reciproc\u0103<\/li>\n<li>Gaur\u0103 l\u0103rgit\u0103 pentru a minimiza loviturile deflectorului \u0219i efectul de gaur\u0103 de cheie<\/li>\n<li>T\u0103ietur\u0103 de 2,5 mm pentru a preveni deteriorarea glisierului<\/li>\n<li>Compatibil cu majoritatea \u021bevilor filetate aftermarket<\/li>\n<li>Se potrive\u0219te cu glisierele GLOCK\u2122 GEN3, GEN4 \u0219i GEN5 G17<\/li>\n<li>Func\u021bioneaz\u0103 cu majoritatea tocurilor cu cap\u0103t deschis<\/li>\n<\/ul>\n<p><strong>Not\u0103:<\/strong> Cuplul recomandat pentru piuli\u021ba tijei de ghidare: 25 lbs\/in. Utilizarea muni\u021biei +P \u0219i +P+ poate cauza uzur\u0103 prematur\u0103.<\/p>\n","protected":false},"excerpt":{"rendered":"<p>Design revolu\u021bionar al compensatorului pentru reducerea reculului \u0219i ciclare mai rapid\u0103.<\/p>\n","protected":false},"featured_media":493843,"template":"","meta":{"_acf_changed":false},"product_brand":[],"product_cat":[12796,12752],"product_tag":[],"class_list":{"0":"post-532763","1":"product","2":"type-product","3":"status-publish","4":"has-post-thumbnail","6":"product_cat-piese-pistol","7":"product_cat-pistol","9":"first","10":"instock","11":"taxable","12":"shipping-taxable","13":"purchasable","14":"product-type-simple"},"acf":[],"_links":{"self":[{"href":"https:\/\/staging.nbg.eu\/ro\/wp-json\/wp\/v2\/product\/532763","targetHints":{"allow":["GET"]}}],"collection":[{"href":"https:\/\/staging.nbg.eu\/ro\/wp-json\/wp\/v2\/product"}],"about":[{"href":"https:\/\/staging.nbg.eu\/ro\/wp-json\/wp\/v2\/types\/product"}],"wp:featuredmedia":[{"embeddable":true,"href":"https:\/\/staging.nbg.eu\/ro\/wp-json\/wp\/v2\/media\/493843"}],"wp:attachment":[{"href":"https:\/\/staging.nbg.eu\/ro\/wp-json\/wp\/v2\/media?parent=532763"}],"wp:term":[{"taxonomy":"product_brand","embeddable":true,"href":"https:\/\/staging.nbg.eu\/ro\/wp-json\/wp\/v2\/product_brand?post=532763"},{"taxonomy":"product_cat","embeddable":true,"href":"https:\/\/staging.nbg.eu\/ro\/wp-json\/wp\/v2\/product_cat?post=532763"},{"taxonomy":"product_tag","embeddable":true,"href":"https:\/\/staging.nbg.eu\/ro\/wp-json\/wp\/v2\/product_tag?post=532763"}],"curies":[{"name":"wp","href":"https:\/\/api.w.org\/{rel}","templated":true}]}}