{"id":532653,"date":"2025-09-04T17:51:31","date_gmt":"2025-09-04T14:51:31","guid":{"rendered":"https:\/\/staging.nbg.eu\/product\/strike-industries-mass-driver-comp-for-glock-17-gen5-black-si-g5-mdcomp-s\/"},"modified":"2025-09-29T09:41:42","modified_gmt":"2025-09-29T06:41:42","slug":"strike-industries-compensator-mass-driver-pentru-glock-17-gen5-negru-si-g5-mdcomp-s","status":"publish","type":"product","link":"https:\/\/staging.nbg.eu\/ro\/produs\/strike-industries-compensator-mass-driver-pentru-glock-17-gen5-negru-si-g5-mdcomp-s\/","title":{"rendered":"Strike Industries &#8211; Compensator Mass Driver pentru Glock 17 Gen5 &#8211; Negru &#8211; SI-G5-MDCOMP-S"},"content":{"rendered":"<h2>Compensator Mass Driver Strike Industries pentru Glock 17 Gen5 &#8211; Negru<\/h2>\n<p>Compensatorul Mass Driver (MDC) de la Strike Industries pentru Glock 17 Gen5. Acest design este inspirat de motoarele teoretice cu propulsie \u00een mas\u0103 din c\u0103l\u0103toriile spa\u021biale.<\/p>\n<ul>\n<li>Atenueaz\u0103 reculul mecanic f\u0103r\u0103 a compromite viteza de ciclu<\/li>\n<li>Reduce masa reciproc\u0103 pentru performan\u021b\u0103 \u00eembun\u0103t\u0103\u021bit\u0103<\/li>\n<li>Gaur\u0103 l\u0103rgit\u0103 pentru a preveni loviturile deflectorului \u0219i formarea de g\u0103uri alungite<\/li>\n<li>T\u0103ietur\u0103 de degajare de 2,5 mm pentru a proteja glisiera pistolului<\/li>\n<li>Compatibil cu majoritatea \u021bevilor filetate aftermarket<\/li>\n<li>Se potrive\u0219te cu glisierele GLOCK\u2122 GEN3, GEN4 \u0219i GEN5 G19 \u0219i G17<\/li>\n<li>Func\u021bioneaz\u0103 cu majoritatea tocurilor deschise la cap\u0103t care accept\u0103 compensatoare<\/li>\n<\/ul>\n<p><strong>Not\u0103:<\/strong> Cuplul recomandat pentru piuli\u021ba tijei de ghidare: 25 lbs\/in. Utilizarea cu muni\u021bie +P \u0219i +P+ poate cauza uzur\u0103 prematur\u0103.<\/p>\n","protected":false},"excerpt":{"rendered":"<p>Strike Industries MDC: Reducere revolu\u021bionar\u0103 a reculului pentru Glock 17 Gen5.<\/p>\n","protected":false},"featured_media":493797,"template":"","meta":{"_acf_changed":false},"product_brand":[],"product_cat":[12796,12752],"product_tag":[],"class_list":{"0":"post-532653","1":"product","2":"type-product","3":"status-publish","4":"has-post-thumbnail","6":"product_cat-piese-pistol","7":"product_cat-pistol","9":"first","10":"instock","11":"taxable","12":"shipping-taxable","13":"purchasable","14":"product-type-simple"},"acf":[],"_links":{"self":[{"href":"https:\/\/staging.nbg.eu\/ro\/wp-json\/wp\/v2\/product\/532653","targetHints":{"allow":["GET"]}}],"collection":[{"href":"https:\/\/staging.nbg.eu\/ro\/wp-json\/wp\/v2\/product"}],"about":[{"href":"https:\/\/staging.nbg.eu\/ro\/wp-json\/wp\/v2\/types\/product"}],"wp:featuredmedia":[{"embeddable":true,"href":"https:\/\/staging.nbg.eu\/ro\/wp-json\/wp\/v2\/media\/493797"}],"wp:attachment":[{"href":"https:\/\/staging.nbg.eu\/ro\/wp-json\/wp\/v2\/media?parent=532653"}],"wp:term":[{"taxonomy":"product_brand","embeddable":true,"href":"https:\/\/staging.nbg.eu\/ro\/wp-json\/wp\/v2\/product_brand?post=532653"},{"taxonomy":"product_cat","embeddable":true,"href":"https:\/\/staging.nbg.eu\/ro\/wp-json\/wp\/v2\/product_cat?post=532653"},{"taxonomy":"product_tag","embeddable":true,"href":"https:\/\/staging.nbg.eu\/ro\/wp-json\/wp\/v2\/product_tag?post=532653"}],"curies":[{"name":"wp","href":"https:\/\/api.w.org\/{rel}","templated":true}]}}