{"id":531316,"date":"2025-09-04T17:51:30","date_gmt":"2025-09-04T14:51:30","guid":{"rendered":"https:\/\/staging.nbg.eu\/product\/strike-industries-mass-driver-comp-for-glock-19-gen4\/"},"modified":"2025-09-26T17:55:46","modified_gmt":"2025-09-26T14:55:46","slug":"strike-industries-compensator-mass-driver-pentru-glock-19-gen4","status":"publish","type":"product","link":"https:\/\/staging.nbg.eu\/ro\/produs\/strike-industries-compensator-mass-driver-pentru-glock-19-gen4\/","title":{"rendered":"Strike Industries &#8211; Compensator Mass Driver pentru Glock 19 Gen4"},"content":{"rendered":"<h2>Compensator Mass Driver Strike Industries pentru Glock 19 Gen4<\/h2>\n<p>Compensatorul Mass Driver (MDC) de la Strike Industries pentru Glock 19 Gen4 ofer\u0103:<\/p>\n<ul>\n<li>Reducerea recului mecanic prin sistem de contrabalans<\/li>\n<li>Viteze ciclice aproape de cele standard pentru performan\u021b\u0103 fiabil\u0103<\/li>\n<li>Alezaj l\u0103rgit pentru a preveni loviturile de deflector \u0219i rotirea proiectilului<\/li>\n<li>T\u0103ietur\u0103 de degajare de 2,5 mm pentru a proteja fa\u021ba glisierului<\/li>\n<li>Compatibilitate cu majoritatea \u021bevilor filetate aftermarket<\/li>\n<li>Se potrive\u0219te cu glisierele G19 \u0219i G17 Gen3, Gen4 \u0219i Gen5<\/li>\n<li>Func\u021bioneaz\u0103 cu tocuri cu cap\u0103t deschis care accept\u0103 compensatoare<\/li>\n<\/ul>\n<p>Not\u0103: Se recomand\u0103 un cuplu de 25 lbs\/in pentru piuli\u021ba tijei de ghidare. Utilizarea muni\u021biei +P \u0219i +P+ poate cauza uzur\u0103 prematur\u0103.<\/p>\n","protected":false},"excerpt":{"rendered":"<p>Compensator revolu\u021bionar pentru Glock 19 Gen4. Reduce recului \u0219i ridicarea \u021bevii.<\/p>\n","protected":false},"featured_media":493681,"template":"","meta":{"_acf_changed":false},"product_brand":[],"product_cat":[12811],"product_tag":[],"class_list":{"0":"post-531316","1":"product","2":"type-product","3":"status-publish","4":"has-post-thumbnail","6":"product_cat-necategorizat","8":"first","9":"instock","10":"taxable","11":"shipping-taxable","12":"purchasable","13":"product-type-simple"},"acf":[],"_links":{"self":[{"href":"https:\/\/staging.nbg.eu\/ro\/wp-json\/wp\/v2\/product\/531316","targetHints":{"allow":["GET"]}}],"collection":[{"href":"https:\/\/staging.nbg.eu\/ro\/wp-json\/wp\/v2\/product"}],"about":[{"href":"https:\/\/staging.nbg.eu\/ro\/wp-json\/wp\/v2\/types\/product"}],"wp:featuredmedia":[{"embeddable":true,"href":"https:\/\/staging.nbg.eu\/ro\/wp-json\/wp\/v2\/media\/493681"}],"wp:attachment":[{"href":"https:\/\/staging.nbg.eu\/ro\/wp-json\/wp\/v2\/media?parent=531316"}],"wp:term":[{"taxonomy":"product_brand","embeddable":true,"href":"https:\/\/staging.nbg.eu\/ro\/wp-json\/wp\/v2\/product_brand?post=531316"},{"taxonomy":"product_cat","embeddable":true,"href":"https:\/\/staging.nbg.eu\/ro\/wp-json\/wp\/v2\/product_cat?post=531316"},{"taxonomy":"product_tag","embeddable":true,"href":"https:\/\/staging.nbg.eu\/ro\/wp-json\/wp\/v2\/product_tag?post=531316"}],"curies":[{"name":"wp","href":"https:\/\/api.w.org\/{rel}","templated":true}]}}