{"id":530970,"date":"2025-09-04T17:49:03","date_gmt":"2025-09-04T14:49:03","guid":{"rendered":"https:\/\/staging.nbg.eu\/product\/magpul-moe-sl-ak-grip-for-ak47-ak74-fde-mag682-fde\/"},"modified":"2025-09-26T16:16:27","modified_gmt":"2025-09-26T13:16:27","slug":"maner-pistol-magpul-moe-k2-pentru-ak-fde-mag683-fde","status":"publish","type":"product","link":"https:\/\/staging.nbg.eu\/ro\/produs\/maner-pistol-magpul-moe-k2-pentru-ak-fde-mag683-fde\/","title":{"rendered":"Maner Pistol Magpul MOE-K2 pentru AK FDE MAG683-FDE"},"content":{"rendered":"<div class=\"product-description\">\n<h2>M\u00e2ner Magpul MOE SL AK pentru AK47\/AK74 &#8211; FDE (MAG682-FDE)<\/h2>\n<p>M\u00e2ner pentru AK47\/AK74 Magpul MOE SL AK \u00een culoarea Flat Dark Earth. Acest m\u00e2ner ofer\u0103 un unghi mai vertical, optimizat pentru arme cu lungime de tragere mai scurt\u0103, aduc\u00e2nd m\u00e2na principal\u0103 mai aproape de corp.<\/p>\n<ul>\n<li>Fabricat din polimer cu finisaj texturat<\/li>\n<li>Se potrive\u0219te at\u00e2t pentru receptoare frezate, c\u00e2t \u0219i \u0219tan\u021bate, inclusiv cele cu pl\u0103ci de ranforsare<\/li>\n<li>Are textur\u0103 TSP (Proiec\u021bii de Suprafa\u021b\u0103 Trapezoidale) pentru control \u00eembun\u0103t\u0103\u021bit al armei<\/li>\n<li>Unghi de prindere de 20 de grade pentru ergonomie \u00eembun\u0103t\u0103\u021bit\u0103<\/li>\n<li>Profil mai sub\u021bire comparativ cu m\u00e2nerele de dimensiuni complete<\/li>\n<li>Dimensiuni: 10,9 cm \u00een\u0103l\u021bime x 2,8 cm grosime, c\u00e2nt\u0103rind doar 73,7 grame<\/li>\n<li>Fabricat \u00een SUA &#8211; conteaz\u0103 ca o pies\u0103 de conformitate SUA pentru 922r<\/li>\n<\/ul>\n<p>M\u00e2nerul Magpul MOE SL AK este conceput pentru performan\u021b\u0103 \u00een toate mediile.<\/p>\n<\/div>\n","protected":false},"excerpt":{"rendered":"<p>M\u00e2ner Magpul MOE SL AK: Modernizare sub\u021bire \u0219i texturat\u0103 pentru AK47\/74 &#8211; FDE<\/p>\n","protected":false},"featured_media":493588,"template":"","meta":{"_acf_changed":false},"product_brand":[],"product_cat":[12811],"product_tag":[],"class_list":{"0":"post-530970","1":"product","2":"type-product","3":"status-publish","4":"has-post-thumbnail","6":"product_cat-necategorizat","8":"first","9":"instock","10":"taxable","11":"shipping-taxable","12":"purchasable","13":"product-type-simple"},"acf":[],"_links":{"self":[{"href":"https:\/\/staging.nbg.eu\/ro\/wp-json\/wp\/v2\/product\/530970","targetHints":{"allow":["GET"]}}],"collection":[{"href":"https:\/\/staging.nbg.eu\/ro\/wp-json\/wp\/v2\/product"}],"about":[{"href":"https:\/\/staging.nbg.eu\/ro\/wp-json\/wp\/v2\/types\/product"}],"wp:featuredmedia":[{"embeddable":true,"href":"https:\/\/staging.nbg.eu\/ro\/wp-json\/wp\/v2\/media\/493588"}],"wp:attachment":[{"href":"https:\/\/staging.nbg.eu\/ro\/wp-json\/wp\/v2\/media?parent=530970"}],"wp:term":[{"taxonomy":"product_brand","embeddable":true,"href":"https:\/\/staging.nbg.eu\/ro\/wp-json\/wp\/v2\/product_brand?post=530970"},{"taxonomy":"product_cat","embeddable":true,"href":"https:\/\/staging.nbg.eu\/ro\/wp-json\/wp\/v2\/product_cat?post=530970"},{"taxonomy":"product_tag","embeddable":true,"href":"https:\/\/staging.nbg.eu\/ro\/wp-json\/wp\/v2\/product_tag?post=530970"}],"curies":[{"name":"wp","href":"https:\/\/api.w.org\/{rel}","templated":true}]}}