{"id":530776,"date":"2025-09-04T17:31:53","date_gmt":"2025-09-04T14:31:53","guid":{"rendered":"https:\/\/staging.nbg.eu\/product\/pistoletna-drzhka-magpul-moe-k2-za-ak-fde-mag683-fde\/"},"modified":"2025-09-26T16:05:43","modified_gmt":"2025-09-26T13:05:43","slug":"magpul-aparatoare-mana-moe-m-lok-pentru-ar15m4-lungime-carabina-negru","status":"publish","type":"product","link":"https:\/\/staging.nbg.eu\/ro\/produs\/magpul-aparatoare-mana-moe-m-lok-pentru-ar15m4-lungime-carabina-negru\/","title":{"rendered":"Magpul &#8211; Aparatoare Mana MOE\u00ae M-LOK\u00ae pentru AR15\/M4 &#8211; Lungime Carabina &#8211; Negru"},"content":{"rendered":"<div class=\"product-description\">\n<h2>M\u00e2ner Magpul MOE-K2 AK &#8211; FDE (MAG683-FDE)<\/h2>\n<p>M\u00e2ner pentru pu\u0219ca AK47\/AK74 de la Magpul, \u00een culoarea Flat Dark Earth. Acest m\u00e2ner ofer\u0103:<\/p>\n<ul>\n<li>Ergonomie \u0219i control \u00eembun\u0103t\u0103\u021bite<\/li>\n<li>Construc\u021bie din polimer durabil, cu textur\u0103<\/li>\n<li>Suprafa\u021b\u0103 antiderapant\u0103<\/li>\n<li>Unghi de prindere mai abrupt pentru pozi\u021bii de tragere moderne<\/li>\n<li>Oboseal\u0103 redus\u0103 a \u00eencheieturii m\u00e2inii \u00een timpul utiliz\u0103rii prelungite<\/li>\n<\/ul>\n<p>Proiectat de Magpul, produc\u0103tor de accesorii pentru arme de foc. Acest m\u00e2ner FDE se potrive\u0219te cu diverse finisaje AK.<\/p>\n<p><strong>Num\u0103r pies\u0103 produc\u0103tor:<\/strong> MAG683-FDE<\/p>\n<p><strong>UPC:<\/strong> 840815117117<\/p>\n<\/div>\n","protected":false},"excerpt":{"rendered":"<p>M\u00e2ner Magpul MOE-K2 AK: Ergonomic, antiderapant, cu unghi mai abrupt pentru confort.<\/p>\n","protected":false},"featured_media":0,"template":"","meta":{"_acf_changed":false},"product_brand":[],"product_cat":[],"product_tag":[],"class_list":{"0":"post-530776","1":"product","2":"type-product","3":"status-publish","6":"first","7":"instock","8":"taxable","9":"shipping-taxable","10":"purchasable","11":"product-type-simple"},"acf":[],"_links":{"self":[{"href":"https:\/\/staging.nbg.eu\/ro\/wp-json\/wp\/v2\/product\/530776","targetHints":{"allow":["GET"]}}],"collection":[{"href":"https:\/\/staging.nbg.eu\/ro\/wp-json\/wp\/v2\/product"}],"about":[{"href":"https:\/\/staging.nbg.eu\/ro\/wp-json\/wp\/v2\/types\/product"}],"wp:attachment":[{"href":"https:\/\/staging.nbg.eu\/ro\/wp-json\/wp\/v2\/media?parent=530776"}],"wp:term":[{"taxonomy":"product_brand","embeddable":true,"href":"https:\/\/staging.nbg.eu\/ro\/wp-json\/wp\/v2\/product_brand?post=530776"},{"taxonomy":"product_cat","embeddable":true,"href":"https:\/\/staging.nbg.eu\/ro\/wp-json\/wp\/v2\/product_cat?post=530776"},{"taxonomy":"product_tag","embeddable":true,"href":"https:\/\/staging.nbg.eu\/ro\/wp-json\/wp\/v2\/product_tag?post=530776"}],"curies":[{"name":"wp","href":"https:\/\/api.w.org\/{rel}","templated":true}]}}