{"id":53076,"date":"2024-03-08T06:59:20","date_gmt":"2024-09-13T12:46:44","guid":{"rendered":"https:\/\/staging.nbg.eu\/product\/bore-tech-shotgun-blend\/"},"modified":"2024-09-13T12:47:47","modified_gmt":"2024-09-13T12:47:47","slug":"bore-tech-shotgun-blend-solutie-pentru-sotuet","status":"publish","type":"product","link":"https:\/\/staging.nbg.eu\/ro\/produs\/bore-tech-shotgun-blend-solutie-pentru-sotuet\/","title":{"rendered":"Bore Tech Shotgun Blend Solu\u021bie pentru \u0218otuet"},"content":{"rendered":"<p>\nBore Tech Shotgun Blend este un agent de cur\u0103\u021bare pentru \u021bevi, f\u0103r\u0103 amoniac, destinat pu\u0219tilor. Aceast\u0103 formul\u0103 biodegradabil\u0103 \u00eendep\u0103rteaz\u0103 reziduurile de plumb, pulbere \u0219i plastic din \u021bevi, conuri de for\u021bare \u0219i tuburi de \u00eengustare. Este sigur, f\u0103r\u0103 miros \u0219i u\u0219or de utilizat. Cur\u0103\u021b\u0103 eficient, iar rezultatele sunt vizibile pe petice.<\/p>\n","protected":false},"excerpt":{"rendered":"<p>Agent puternic de cur\u0103\u021bare a \u021bevii care \u00eendep\u0103rteaz\u0103 \u00een siguran\u021b\u0103 depunerile de plumb, carbon \u0219i plastic.<\/p>\n","protected":false},"featured_media":53077,"template":"","meta":{"_acf_changed":false},"product_brand":[11164],"product_cat":[12776,12790],"product_tag":[],"class_list":{"0":"post-53076","1":"product","2":"type-product","3":"status-publish","4":"has-post-thumbnail","6":"product_brand-boretech","7":"product_cat-curatare-arme","8":"product_cat-curatitori","10":"first","11":"instock","12":"taxable","13":"shipping-taxable","14":"purchasable","15":"product-type-variable","16":"wvs-archive-product-wrapper"},"acf":[],"_links":{"self":[{"href":"https:\/\/staging.nbg.eu\/ro\/wp-json\/wp\/v2\/product\/53076","targetHints":{"allow":["GET"]}}],"collection":[{"href":"https:\/\/staging.nbg.eu\/ro\/wp-json\/wp\/v2\/product"}],"about":[{"href":"https:\/\/staging.nbg.eu\/ro\/wp-json\/wp\/v2\/types\/product"}],"wp:featuredmedia":[{"embeddable":true,"href":"https:\/\/staging.nbg.eu\/ro\/wp-json\/wp\/v2\/media\/53077"}],"wp:attachment":[{"href":"https:\/\/staging.nbg.eu\/ro\/wp-json\/wp\/v2\/media?parent=53076"}],"wp:term":[{"taxonomy":"product_brand","embeddable":true,"href":"https:\/\/staging.nbg.eu\/ro\/wp-json\/wp\/v2\/product_brand?post=53076"},{"taxonomy":"product_cat","embeddable":true,"href":"https:\/\/staging.nbg.eu\/ro\/wp-json\/wp\/v2\/product_cat?post=53076"},{"taxonomy":"product_tag","embeddable":true,"href":"https:\/\/staging.nbg.eu\/ro\/wp-json\/wp\/v2\/product_tag?post=53076"}],"curies":[{"name":"wp","href":"https:\/\/api.w.org\/{rel}","templated":true}]}}