{"id":529975,"date":"2025-09-02T20:30:44","date_gmt":"2025-09-02T17:30:44","guid":{"rendered":"https:\/\/staging.nbg.eu\/product\/predna-drzhka-magpul-zhukov-za-ak-47-ak-74-lilava-mag586-plm\/"},"modified":"2025-09-26T15:05:59","modified_gmt":"2025-09-26T12:05:59","slug":"magpul-aparatoare-mana-zhukov-pentru-ak-47-mag586","status":"publish","type":"product","link":"https:\/\/staging.nbg.eu\/ro\/produs\/magpul-aparatoare-mana-zhukov-pentru-ak-47-mag586\/","title":{"rendered":"Magpul &#8211; Aparatoare Mana ZHUKOV pentru AK-47 MAG586"},"content":{"rendered":"<div class=\"product-description\">\n<h2>Magpul ZHUKOV Gard\u0103 pentru AK-47\/AK-74 &#8211; Prun\u0103 (MAG586-PLM)<\/h2>\n<p>Gard\u0103 pentru AK-47 sau AK-74 de la Magpul ZHUKOV \u00een culoare prun\u0103. Aceast\u0103 gard\u0103 ofer\u0103 o suprafa\u021b\u0103 mare de prindere pentru tehnici de tragere moderne \u0219i op\u021biuni suplimentare de montare a accesoriilor.<\/p>\n<ul>\n<li>Compatibil cu majoritatea pu\u0219tilor AK-47\/AKM\/AK-74 (diametrul \u021bevii 16,75-18,25mm, lungime &gt;13&#8243;)<\/li>\n<li>\u0218asiu din aluminiu anodizat dur pentru montare f\u0103r\u0103 flexare \u0219i protec\u021bie termic\u0103<\/li>\n<li>Acoperire exterioar\u0103 din polimer cu sloturi pentru accesorii M-LOK<\/li>\n<li>Include capac superior de \u00eenlocuire din polimer<\/li>\n<li>Compatibil cu montur\u0103 optic\u0103 UltiMAK<\/li>\n<li>Lungime: 11,7 inci<\/li>\n<\/ul>\n<p>Gard\u0103 pentru v\u00e2n\u0103toare \u0219i tragere sportiv\u0103.<\/p>\n<\/div>\n","protected":false},"excerpt":{"rendered":"<p>M\u00e2ner frontal extins Magpul ZHUKOV pentru AK-47\/AK-74, culoare prun\u0103, compatibil cu sistemul M-LOK.<\/p>\n","protected":false},"featured_media":0,"template":"","meta":{"_acf_changed":false},"product_brand":[],"product_cat":[],"product_tag":[],"class_list":{"0":"post-529975","1":"product","2":"type-product","3":"status-publish","6":"first","7":"instock","8":"taxable","9":"shipping-taxable","10":"purchasable","11":"product-type-simple"},"acf":[],"_links":{"self":[{"href":"https:\/\/staging.nbg.eu\/ro\/wp-json\/wp\/v2\/product\/529975","targetHints":{"allow":["GET"]}}],"collection":[{"href":"https:\/\/staging.nbg.eu\/ro\/wp-json\/wp\/v2\/product"}],"about":[{"href":"https:\/\/staging.nbg.eu\/ro\/wp-json\/wp\/v2\/types\/product"}],"wp:attachment":[{"href":"https:\/\/staging.nbg.eu\/ro\/wp-json\/wp\/v2\/media?parent=529975"}],"wp:term":[{"taxonomy":"product_brand","embeddable":true,"href":"https:\/\/staging.nbg.eu\/ro\/wp-json\/wp\/v2\/product_brand?post=529975"},{"taxonomy":"product_cat","embeddable":true,"href":"https:\/\/staging.nbg.eu\/ro\/wp-json\/wp\/v2\/product_cat?post=529975"},{"taxonomy":"product_tag","embeddable":true,"href":"https:\/\/staging.nbg.eu\/ro\/wp-json\/wp\/v2\/product_tag?post=529975"}],"curies":[{"name":"wp","href":"https:\/\/api.w.org\/{rel}","templated":true}]}}