{"id":52955,"date":"2024-03-08T09:51:57","date_gmt":"2024-03-08T09:51:57","guid":{"rendered":"https:\/\/staging.nbg.eu\/product\/bronze-spiral-shotgun-brush\/"},"modified":"2024-09-13T12:45:24","modified_gmt":"2024-09-13T12:45:24","slug":"perie-spirala-bronz-pentru-sotuet","status":"publish","type":"product","link":"https:\/\/staging.nbg.eu\/ro\/produs\/perie-spirala-bronz-pentru-sotuet\/","title":{"rendered":"Perie Spiral\u0103 Bronz pentru \u0218otuet"},"content":{"rendered":"<p>Peria spiralat\u0103 pentru pu\u0219c\u0103 de la Bore Tech are peri \u00een bucl\u0103 de stil Tornado pentru cur\u0103\u021bare eficient\u0103 f\u0103r\u0103 a deteriora arma. Fabricat\u0103 din bronz fosforos sigur pentru \u021beav\u0103, \u00eendep\u0103rteaz\u0103 eficient reziduurile de plastic \u0219i dureaz\u0103 mai mult dec\u00e2t periile standard cu peri de s\u00e2rm\u0103. Disponibil\u0103 pentru calibre de la 10 la .410, se potrive\u0219te cu tije filetate standard 5\/16-27.<\/p>\n","protected":false},"excerpt":{"rendered":"<p>Perie spiralat\u0103 inovatoare pentru cur\u0103\u021barea minu\u021bioas\u0103 \u0219i sigur\u0103 a \u021bevii pu\u0219tii.<\/p>\n","protected":false},"featured_media":52956,"template":"","meta":{"_acf_changed":false},"product_brand":[11164],"product_cat":[12776,12803],"product_tag":[],"class_list":{"0":"post-52955","1":"product","2":"type-product","3":"status-publish","4":"has-post-thumbnail","6":"product_brand-boretech","7":"product_cat-curatare-arme","8":"product_cat-perii","10":"first","11":"outofstock","12":"taxable","13":"shipping-taxable","14":"purchasable","15":"product-type-simple"},"acf":[],"_links":{"self":[{"href":"https:\/\/staging.nbg.eu\/ro\/wp-json\/wp\/v2\/product\/52955","targetHints":{"allow":["GET"]}}],"collection":[{"href":"https:\/\/staging.nbg.eu\/ro\/wp-json\/wp\/v2\/product"}],"about":[{"href":"https:\/\/staging.nbg.eu\/ro\/wp-json\/wp\/v2\/types\/product"}],"wp:featuredmedia":[{"embeddable":true,"href":"https:\/\/staging.nbg.eu\/ro\/wp-json\/wp\/v2\/media\/52956"}],"wp:attachment":[{"href":"https:\/\/staging.nbg.eu\/ro\/wp-json\/wp\/v2\/media?parent=52955"}],"wp:term":[{"taxonomy":"product_brand","embeddable":true,"href":"https:\/\/staging.nbg.eu\/ro\/wp-json\/wp\/v2\/product_brand?post=52955"},{"taxonomy":"product_cat","embeddable":true,"href":"https:\/\/staging.nbg.eu\/ro\/wp-json\/wp\/v2\/product_cat?post=52955"},{"taxonomy":"product_tag","embeddable":true,"href":"https:\/\/staging.nbg.eu\/ro\/wp-json\/wp\/v2\/product_tag?post=52955"}],"curies":[{"name":"wp","href":"https:\/\/api.w.org\/{rel}","templated":true}]}}