{"id":529477,"date":"2025-09-02T20:23:55","date_gmt":"2025-09-02T17:23:55","guid":{"rendered":"https:\/\/staging.nbg.eu\/product\/magpul-zhukov-s-stock-for-ak-47-ak-74-mag585\/"},"modified":"2025-09-26T12:42:30","modified_gmt":"2025-09-26T09:42:30","slug":"magpul-palna-incarcator-imbunatatita-gl-pentru-glock-19-gen-4-mag950","status":"publish","type":"product","link":"https:\/\/staging.nbg.eu\/ro\/produs\/magpul-palna-incarcator-imbunatatita-gl-pentru-glock-19-gen-4-mag950\/","title":{"rendered":"Magpul &#8211; Palna Incarcator Imbunatatita GL pentru GLOCK\u00ae 19 GEN 4 &#8211; MAG950"},"content":{"rendered":"<div class=\"product-description\">\n<h2>Pat Magpul ZHUKOV-S\u00ae pentru AK-47 \/ AK-74 &#8211; MAG585<\/h2>\n<p>Patul pliabil Magpul ZHUKOV-S\u00ae pentru carabine AK47\/AKM\/AK74 ofer\u0103:<\/p>\n<ul>\n<li>Ajustare \u00een 5 pozi\u021bii pentru potrivirea lungimii bra\u021bului<\/li>\n<li>Mecanism de pliere pe partea dreapt\u0103 compatibil cu sistemele optice cu coad\u0103 de r\u00e2ndunic\u0103<\/li>\n<li>Posibilitatea de a trage \u0219i re\u00eenc\u0103rca cu patul pliat<\/li>\n<li>Design cu profil redus<\/li>\n<li>Pl\u0103cu\u021b\u0103 de cauciuc antialunecare \u0219i de absorb\u021bie a reculului<\/li>\n<li>Orificiu pentru curea de 1.25&#8243; \u0219i compatibilitate cu port QD<\/li>\n<\/ul>\n<p>Cu o greutate de 425g \u0219i o lungime de 223.5-289.5mm, acest pat fabricat \u00een SUA combin\u0103 confortul, func\u021bionalitatea \u0219i durabilitatea. Not\u0103: Nu este compatibil cu AK-urile iugoslave, Norinco Type 56S\/MAK-90 sau cu receptoare frezate.<\/p>\n<\/div>\n","protected":false},"excerpt":{"rendered":"<p>Magpul ZHUKOV-S: Pat de arm\u0103 pliabil \u0219i ajustabil pentru AK cu porturi pentru eliberare rapid\u0103.<\/p>\n","protected":false},"featured_media":491498,"template":"","meta":{"_acf_changed":false},"product_brand":[11557],"product_cat":[12755,12795,12729,12744],"product_tag":[],"class_list":{"0":"post-529477","1":"product","2":"type-product","3":"status-publish","4":"has-post-thumbnail","6":"product_brand-magpul","7":"product_cat-caciuli-pentru-pusti","8":"product_cat-pusca","9":"product_cat-reglaj-ak","10":"product_cat-reglaj-pusca","12":"first","13":"instock","14":"taxable","15":"shipping-taxable","16":"purchasable","17":"product-type-variable","18":"wvs-archive-product-wrapper"},"acf":[],"_links":{"self":[{"href":"https:\/\/staging.nbg.eu\/ro\/wp-json\/wp\/v2\/product\/529477","targetHints":{"allow":["GET"]}}],"collection":[{"href":"https:\/\/staging.nbg.eu\/ro\/wp-json\/wp\/v2\/product"}],"about":[{"href":"https:\/\/staging.nbg.eu\/ro\/wp-json\/wp\/v2\/types\/product"}],"wp:featuredmedia":[{"embeddable":true,"href":"https:\/\/staging.nbg.eu\/ro\/wp-json\/wp\/v2\/media\/491498"}],"wp:attachment":[{"href":"https:\/\/staging.nbg.eu\/ro\/wp-json\/wp\/v2\/media?parent=529477"}],"wp:term":[{"taxonomy":"product_brand","embeddable":true,"href":"https:\/\/staging.nbg.eu\/ro\/wp-json\/wp\/v2\/product_brand?post=529477"},{"taxonomy":"product_cat","embeddable":true,"href":"https:\/\/staging.nbg.eu\/ro\/wp-json\/wp\/v2\/product_cat?post=529477"},{"taxonomy":"product_tag","embeddable":true,"href":"https:\/\/staging.nbg.eu\/ro\/wp-json\/wp\/v2\/product_tag?post=529477"}],"curies":[{"name":"wp","href":"https:\/\/api.w.org\/{rel}","templated":true}]}}