{"id":52838,"date":"2024-03-11T05:07:53","date_gmt":"2024-03-11T05:07:53","guid":{"rendered":"https:\/\/staging.nbg.eu\/product\/bore-tech-alloy-shotgun-stix-36\/"},"modified":"2024-09-13T11:37:02","modified_gmt":"2024-09-13T11:37:02","slug":"bore-tech-alloy-shotgun-stix-36-inch-tija-aliaj","status":"publish","type":"product","link":"https:\/\/staging.nbg.eu\/ro\/produs\/bore-tech-alloy-shotgun-stix-36-inch-tija-aliaj\/","title":{"rendered":"Bore Tech Alloy Shotgun Stix 36 inch Tij\u0103 Aliaj"},"content":{"rendered":"<p>\nBore Tech Alloy Shotgun Stix 36&#8243; include:<\/p>\n<ul>\n<li>M\u00e2ner ergonomic cu tij\u0103 din aliaj pentru aeronautic\u0103, sigur\u0103 pentru \u021beav\u0103<\/li>\n<li>Rigiditate pentru pu\u0219ti de v\u00e2n\u0103toare de calibru 410-10<\/li>\n<li>Lungime de lucru de 36&#8243; (configura\u021bie dintr-o singur\u0103 pies\u0103)<\/li>\n<li>Cap\u0103t cu filet interior standard 5\/16-27<\/li>\n<li>Compatibil cu perii de cur\u0103\u021bare pentru pu\u0219ti \u0219i perii din bronz pentru \u021beav\u0103<\/li>\n<\/ul>\n<p>Acest instrument de cur\u0103\u021bare este durabil \u0219i versatil.<\/p>\n","protected":false},"excerpt":{"rendered":"<p>Tij\u0103 rigid\u0103 din aliaj de 91,4 cm pentru pu\u0219ti de v\u00e2n\u0103toare calibru 410-10. M\u00e2ner ergonomic.<\/p>\n","protected":false},"featured_media":52839,"template":"","meta":{"_acf_changed":false},"product_brand":[],"product_cat":[12735,12776],"product_tag":[],"class_list":{"0":"post-52838","1":"product","2":"type-product","3":"status-publish","4":"has-post-thumbnail","6":"product_cat-bete-de-curatare","7":"product_cat-curatare-arme","9":"first","10":"outofstock","11":"taxable","12":"shipping-taxable","13":"purchasable","14":"product-type-simple"},"acf":[],"_links":{"self":[{"href":"https:\/\/staging.nbg.eu\/ro\/wp-json\/wp\/v2\/product\/52838","targetHints":{"allow":["GET"]}}],"collection":[{"href":"https:\/\/staging.nbg.eu\/ro\/wp-json\/wp\/v2\/product"}],"about":[{"href":"https:\/\/staging.nbg.eu\/ro\/wp-json\/wp\/v2\/types\/product"}],"wp:featuredmedia":[{"embeddable":true,"href":"https:\/\/staging.nbg.eu\/ro\/wp-json\/wp\/v2\/media\/52839"}],"wp:attachment":[{"href":"https:\/\/staging.nbg.eu\/ro\/wp-json\/wp\/v2\/media?parent=52838"}],"wp:term":[{"taxonomy":"product_brand","embeddable":true,"href":"https:\/\/staging.nbg.eu\/ro\/wp-json\/wp\/v2\/product_brand?post=52838"},{"taxonomy":"product_cat","embeddable":true,"href":"https:\/\/staging.nbg.eu\/ro\/wp-json\/wp\/v2\/product_cat?post=52838"},{"taxonomy":"product_tag","embeddable":true,"href":"https:\/\/staging.nbg.eu\/ro\/wp-json\/wp\/v2\/product_tag?post=52838"}],"curies":[{"name":"wp","href":"https:\/\/api.w.org\/{rel}","templated":true}]}}