{"id":527633,"date":"2025-09-02T20:20:53","date_gmt":"2025-09-02T17:20:53","guid":{"rendered":"https:\/\/staging.nbg.eu\/product\/strike-industries-ak-rear-sight-rail-black-si-akrr\/"},"modified":"2025-09-25T22:27:36","modified_gmt":"2025-09-25T19:27:36","slug":"ftcs-buton-incarcator-marit-cu-polita-platforma-ak-nr16","status":"publish","type":"product","link":"https:\/\/staging.nbg.eu\/ro\/produs\/ftcs-buton-incarcator-marit-cu-polita-platforma-ak-nr16\/","title":{"rendered":"FTCS &#8211; Buton Incarcator Marit Cu Polita &#8211; Platforma AK &#8211; Nr.16"},"content":{"rendered":"<div class=\"product-description\">\n<h2>Strike Industries &#8211; \u0218in\u0103 pentru lunet\u0103 posterioar\u0103 AK &#8211; Negru &#8211; SI-AKRR<\/h2>\n<p>\u00cembun\u0103t\u0103\u021bi\u021bi carabina din familia AK cu \u0219ina pentru lunet\u0103 posterioar\u0103 Strike Industries. Acest accesoriu ofer\u0103:<\/p>\n<ul>\n<li>Montare compatibil\u0103 Picatinny pentru optic\u0103 cu profil redus<\/li>\n<li>Construc\u021bie din aluminiu 6061 pentru avia\u021bie<\/li>\n<li>Func\u021bionalitate dual\u0103 ca lunet\u0103 standard pentru pu\u0219c\u0103<\/li>\n<li>Capacit\u0103\u021bi de ajustare vertical\u0103 \u0219i orizontal\u0103<\/li>\n<li>Design u\u0219or de doar 38g<\/li>\n<\/ul>\n<p>Cu o lungime de 99,7mm \u0219i o l\u0103\u021bime de 21mm, aceast\u0103 \u0219in\u0103 neagr\u0103 \u00eenlocuie\u0219te dispozitivul de ochire posterior al AK-ului. Are ad\u00e2ncituri laterale pentru vopsire personalizat\u0103 \u0219i men\u021bine o distan\u021b\u0103 adecvat\u0103 pentru utilizarea dispozitivelor de ochire mecanice c\u00e2nd nu sunt montate optici.<\/p>\n<p>\u00cembun\u0103t\u0103\u021bi\u021bi versatilitatea \u0219i precizia AK-ului cu aceast\u0103 ad\u0103ugare la configura\u021bia pu\u0219tii dumneavoastr\u0103.<\/p>\n<\/div>\n","protected":false},"excerpt":{"rendered":"<p>\u0218in\u0103 pentru lunet\u0103 pe partea din spate a AK. Aluminiu durabil, compatibil cu Picatinny.<\/p>\n","protected":false},"featured_media":490599,"template":"","meta":{"_acf_changed":false},"product_brand":[],"product_cat":[12729],"product_tag":[],"class_list":{"0":"post-527633","1":"product","2":"type-product","3":"status-publish","4":"has-post-thumbnail","6":"product_cat-reglaj-ak","8":"first","9":"instock","10":"taxable","11":"shipping-taxable","12":"purchasable","13":"product-type-simple"},"acf":[],"_links":{"self":[{"href":"https:\/\/staging.nbg.eu\/ro\/wp-json\/wp\/v2\/product\/527633","targetHints":{"allow":["GET"]}}],"collection":[{"href":"https:\/\/staging.nbg.eu\/ro\/wp-json\/wp\/v2\/product"}],"about":[{"href":"https:\/\/staging.nbg.eu\/ro\/wp-json\/wp\/v2\/types\/product"}],"wp:featuredmedia":[{"embeddable":true,"href":"https:\/\/staging.nbg.eu\/ro\/wp-json\/wp\/v2\/media\/490599"}],"wp:attachment":[{"href":"https:\/\/staging.nbg.eu\/ro\/wp-json\/wp\/v2\/media?parent=527633"}],"wp:term":[{"taxonomy":"product_brand","embeddable":true,"href":"https:\/\/staging.nbg.eu\/ro\/wp-json\/wp\/v2\/product_brand?post=527633"},{"taxonomy":"product_cat","embeddable":true,"href":"https:\/\/staging.nbg.eu\/ro\/wp-json\/wp\/v2\/product_cat?post=527633"},{"taxonomy":"product_tag","embeddable":true,"href":"https:\/\/staging.nbg.eu\/ro\/wp-json\/wp\/v2\/product_tag?post=527633"}],"curies":[{"name":"wp","href":"https:\/\/api.w.org\/{rel}","templated":true}]}}