{"id":527030,"date":"2025-08-25T00:18:45","date_gmt":"2025-08-24T21:18:45","guid":{"rendered":"https:\/\/staging.nbg.eu\/product\/ftcs-enlarged-magazine-catch-with-shelf-ak-platform-no-16\/"},"modified":"2025-09-25T22:06:06","modified_gmt":"2025-09-25T19:06:06","slug":"maner-kmr-l-dotmatrix-ergo-portocaliu","status":"publish","type":"product","link":"https:\/\/staging.nbg.eu\/ro\/produs\/maner-kmr-l-dotmatrix-ergo-portocaliu\/","title":{"rendered":"Maner KMR L DOTMATRIX ERGO PORTOCALIU"},"content":{"rendered":"<div class=\"product-description\">\n<h2>FTCS &#8211; Opritor de \u00cenc\u0103rc\u0103tor M\u0103rit cu Platform\u0103 &#8211; pentru platforma AK &#8211; Nr.16<\/h2>\n<p>\u00cembun\u0103t\u0103\u021bi\u021bi carabina dvs. de tip AK cu acest opritor de \u00eenc\u0103rc\u0103tor m\u0103rit care include o platform\u0103 pentru eliberarea rapid\u0103 a \u00eenc\u0103rc\u0103torului folosind degetul ar\u0103t\u0103tor. Fabricat din o\u021bel \u0219i finisat cu Cerakote Graphite Black H-146.<\/p>\n<h2>Caracteristici principale:<\/h2>\n<ul>\n<li>Compatibil cu majoritatea armelor de tip AK\/AKM\/AK-74<\/li>\n<li>Construc\u021bie din o\u021bel pentru durabilitate<\/li>\n<li>Design m\u0103rit pentru manevrare \u00eembun\u0103t\u0103\u021bit\u0103<\/li>\n<li>Platform\u0103 suplimentar\u0103 pentru eliberarea \u00eenc\u0103rc\u0103torului cu degetul ar\u0103t\u0103tor<\/li>\n<\/ul>\n<h2>Specifica\u021bii tehnice:<\/h2>\n<ul>\n<li>Dimensiuni: 55 x 52 x 21 mm<\/li>\n<li>Greutate: 20 g<\/li>\n<li>Finisaj: Cerakote Graphite Black H-146<\/li>\n<\/ul>\n<p>\u00cembun\u0103t\u0103\u021bi\u021bi ergonomia \u0219i func\u021bionalitatea carabinei dvs. de tip AK cu Opritorul de \u00cenc\u0103rc\u0103tor M\u0103rit cu Platform\u0103 FTCS &#8211; Nr.16.<\/p>\n<\/div>\n","protected":false},"excerpt":{"rendered":"<p>Buton de eliberare a \u00eenc\u0103rc\u0103torului \u00eembun\u0103t\u0103\u021bit pentru platforma AK, cu suport pentru deget. O\u021bel, negru.<\/p>\n","protected":false},"featured_media":481351,"template":"","meta":{"_acf_changed":false},"product_brand":[11324],"product_cat":[12795,12729,12744],"product_tag":[],"class_list":{"0":"post-527030","1":"product","2":"type-product","3":"status-publish","4":"has-post-thumbnail","6":"product_brand-ftcs","7":"product_cat-pusca","8":"product_cat-reglaj-ak","9":"product_cat-reglaj-pusca","11":"first","12":"instock","13":"taxable","14":"shipping-taxable","15":"purchasable","16":"product-type-simple"},"acf":[],"_links":{"self":[{"href":"https:\/\/staging.nbg.eu\/ro\/wp-json\/wp\/v2\/product\/527030","targetHints":{"allow":["GET"]}}],"collection":[{"href":"https:\/\/staging.nbg.eu\/ro\/wp-json\/wp\/v2\/product"}],"about":[{"href":"https:\/\/staging.nbg.eu\/ro\/wp-json\/wp\/v2\/types\/product"}],"wp:featuredmedia":[{"embeddable":true,"href":"https:\/\/staging.nbg.eu\/ro\/wp-json\/wp\/v2\/media\/481351"}],"wp:attachment":[{"href":"https:\/\/staging.nbg.eu\/ro\/wp-json\/wp\/v2\/media?parent=527030"}],"wp:term":[{"taxonomy":"product_brand","embeddable":true,"href":"https:\/\/staging.nbg.eu\/ro\/wp-json\/wp\/v2\/product_brand?post=527030"},{"taxonomy":"product_cat","embeddable":true,"href":"https:\/\/staging.nbg.eu\/ro\/wp-json\/wp\/v2\/product_cat?post=527030"},{"taxonomy":"product_tag","embeddable":true,"href":"https:\/\/staging.nbg.eu\/ro\/wp-json\/wp\/v2\/product_tag?post=527030"}],"curies":[{"name":"wp","href":"https:\/\/api.w.org\/{rel}","templated":true}]}}