{"id":52184,"date":"2024-03-12T19:00:56","date_gmt":"2024-09-13T11:30:09","guid":{"rendered":"https:\/\/staging.nbg.eu\/product\/bore-tech-rimfire-blend\/"},"modified":"2024-09-13T11:31:10","modified_gmt":"2024-09-13T11:31:10","slug":"bore-tech-rimfire-blend-amestec-percutie-inelara","status":"publish","type":"product","link":"https:\/\/staging.nbg.eu\/ro\/produs\/bore-tech-rimfire-blend-amestec-percutie-inelara\/","title":{"rendered":"Bore Tech Rimfire Blend Amestec Percu\u021bie Inelar\u0103"},"content":{"rendered":"<div class=\"product-description\">\n<h2>Solu\u021bie de cur\u0103\u021bare Bore Tech Rimfire Blend<\/h2>\n<p>Formulat\u0103 pentru tr\u0103g\u0103torii cu arme de calibru mic, aceast\u0103 solu\u021bie \u00eendep\u0103rteaz\u0103 plumbul, reziduurile de pulbere \u0219i ceara gloan\u021belor. Utilizat\u0103 de competitori \u0219i produc\u0103tori de arme.<\/p>\n<ul>\n<li>F\u0103r\u0103 amoniac \u0219i inodor\u0103<\/li>\n<li>100% biodegradabil\u0103<\/li>\n<li>\u00cendep\u0103rteaz\u0103 straturile de plumb, cear\u0103 \u0219i carbon<\/li>\n<li>Necesit\u0103 periere minim\u0103<\/li>\n<li>Sigur\u0103 pentru toate tipurile de \u021bevi<\/li>\n<\/ul>\n<p>\u00cencerca\u021bi tehnologia liniei de cur\u0103\u021bare specializat\u0103 Bore Tech.<\/p>\n<\/div>\n","protected":false},"excerpt":{"rendered":"<p>Solu\u021bie eficient\u0103 de cur\u0103\u021bare pentru arme cu percu\u021bie pe ram\u0103, care \u00eendep\u0103rteaz\u0103 plumbul, ceara \u0219i carbonul. F\u0103r\u0103 amoniac.<\/p>\n","protected":false},"featured_media":52185,"template":"","meta":{"_acf_changed":false},"product_brand":[11164],"product_cat":[12776,12790],"product_tag":[],"class_list":{"0":"post-52184","1":"product","2":"type-product","3":"status-publish","4":"has-post-thumbnail","6":"product_brand-boretech","7":"product_cat-curatare-arme","8":"product_cat-curatitori","10":"first","11":"instock","12":"taxable","13":"shipping-taxable","14":"purchasable","15":"product-type-variable","16":"wvs-archive-product-wrapper"},"acf":[],"_links":{"self":[{"href":"https:\/\/staging.nbg.eu\/ro\/wp-json\/wp\/v2\/product\/52184","targetHints":{"allow":["GET"]}}],"collection":[{"href":"https:\/\/staging.nbg.eu\/ro\/wp-json\/wp\/v2\/product"}],"about":[{"href":"https:\/\/staging.nbg.eu\/ro\/wp-json\/wp\/v2\/types\/product"}],"wp:featuredmedia":[{"embeddable":true,"href":"https:\/\/staging.nbg.eu\/ro\/wp-json\/wp\/v2\/media\/52185"}],"wp:attachment":[{"href":"https:\/\/staging.nbg.eu\/ro\/wp-json\/wp\/v2\/media?parent=52184"}],"wp:term":[{"taxonomy":"product_brand","embeddable":true,"href":"https:\/\/staging.nbg.eu\/ro\/wp-json\/wp\/v2\/product_brand?post=52184"},{"taxonomy":"product_cat","embeddable":true,"href":"https:\/\/staging.nbg.eu\/ro\/wp-json\/wp\/v2\/product_cat?post=52184"},{"taxonomy":"product_tag","embeddable":true,"href":"https:\/\/staging.nbg.eu\/ro\/wp-json\/wp\/v2\/product_tag?post=52184"}],"curies":[{"name":"wp","href":"https:\/\/api.w.org\/{rel}","templated":true}]}}