{"id":51998,"date":"2024-03-12T19:14:59","date_gmt":"2024-09-13T11:27:36","guid":{"rendered":"https:\/\/staging.nbg.eu\/product\/bore-tech-cu2-copper-remover\/"},"modified":"2024-09-13T11:28:37","modified_gmt":"2024-09-13T11:28:37","slug":"bore-tech-cu2-solutie-indepartare-cupru","status":"publish","type":"product","link":"https:\/\/staging.nbg.eu\/ro\/produs\/bore-tech-cu2-solutie-indepartare-cupru\/","title":{"rendered":"Bore Tech CU+2 Solu\u021bie \u00cendep\u0103rtare Cupru"},"content":{"rendered":"<div class=\"product-description\">\n<h2>Bore Tech CU+2 Solu\u021bie pentru \u00eendep\u0103rtarea cuprului<\/h2>\n<p>Solu\u021bia patentat\u0103 Cu+2 pentru \u00eendep\u0103rtarea cuprului. Acest produs \u00eenlocuie\u0219te solven\u021bii tradi\u021bionali pe baz\u0103 de petrol \u0219i amoniac, oferind:<\/p>\n<ul>\n<li>100% sigur pentru \u021beav\u0103 \u0219i f\u0103r\u0103 amoniac<\/li>\n<li>F\u0103r\u0103 miros \u0219i biodegradabil<\/li>\n<li>Extrac\u021bie rapid\u0103 \u0219i complet\u0103 a cuprului<\/li>\n<li>Proces \u00een dou\u0103 etape pentru cur\u0103\u021bare<\/li>\n<li>Prevenire pe termen scurt a ruginii<\/li>\n<\/ul>\n<p>Produs pentru \u00eentre\u021binerea armelor de foc, u\u0219or de utilizat \u0219i non-periculos.<\/p>\n<\/div>\n","protected":false},"excerpt":{"rendered":"<p>Agent brevetat pentru \u00eendep\u0103rtarea cuprului, f\u0103r\u0103 amoniac. Cu ac\u021biune rapid\u0103, sigur pentru \u021beav\u0103 \u0219i f\u0103r\u0103 miros.<\/p>\n","protected":false},"featured_media":51999,"template":"","meta":{"_acf_changed":false},"product_brand":[11164],"product_cat":[12776,12790],"product_tag":[],"class_list":{"0":"post-51998","1":"product","2":"type-product","3":"status-publish","4":"has-post-thumbnail","6":"product_brand-boretech","7":"product_cat-curatare-arme","8":"product_cat-curatitori","10":"first","11":"instock","12":"taxable","13":"shipping-taxable","14":"purchasable","15":"product-type-variable","16":"wvs-archive-product-wrapper"},"acf":[],"_links":{"self":[{"href":"https:\/\/staging.nbg.eu\/ro\/wp-json\/wp\/v2\/product\/51998","targetHints":{"allow":["GET"]}}],"collection":[{"href":"https:\/\/staging.nbg.eu\/ro\/wp-json\/wp\/v2\/product"}],"about":[{"href":"https:\/\/staging.nbg.eu\/ro\/wp-json\/wp\/v2\/types\/product"}],"wp:featuredmedia":[{"embeddable":true,"href":"https:\/\/staging.nbg.eu\/ro\/wp-json\/wp\/v2\/media\/51999"}],"wp:attachment":[{"href":"https:\/\/staging.nbg.eu\/ro\/wp-json\/wp\/v2\/media?parent=51998"}],"wp:term":[{"taxonomy":"product_brand","embeddable":true,"href":"https:\/\/staging.nbg.eu\/ro\/wp-json\/wp\/v2\/product_brand?post=51998"},{"taxonomy":"product_cat","embeddable":true,"href":"https:\/\/staging.nbg.eu\/ro\/wp-json\/wp\/v2\/product_cat?post=51998"},{"taxonomy":"product_tag","embeddable":true,"href":"https:\/\/staging.nbg.eu\/ro\/wp-json\/wp\/v2\/product_tag?post=51998"}],"curies":[{"name":"wp","href":"https:\/\/api.w.org\/{rel}","templated":true}]}}