{"id":51828,"date":"2024-03-13T05:48:23","date_gmt":"2024-03-13T05:48:23","guid":{"rendered":"https:\/\/staging.nbg.eu\/product\/bore-tech-c4-carbon-remover-4-oz\/"},"modified":"2024-09-13T10:08:03","modified_gmt":"2024-09-13T10:08:03","slug":"bore-tech-c4-solutie-indepartare-carbon","status":"publish","type":"product","link":"https:\/\/staging.nbg.eu\/ro\/produs\/bore-tech-c4-solutie-indepartare-carbon\/","title":{"rendered":"Bore Tech C4 Solu\u021bie \u00cendep\u0103rtare Carbon"},"content":{"rendered":"<div class=\"product-description\">\n<h2>Bore Tech C4 Solu\u021bie pentru \u00eendep\u0103rtarea carbonului &#8211; 118 ml<\/h2>\n<p>Bore Tech C4 Solu\u021bie pentru \u00eendep\u0103rtarea carbonului elimin\u0103 depunerile de carbon f\u0103r\u0103 riscurile, toxicitatea sau mirosurile prezente \u00een alte produse de cur\u0103\u021bare. Este sigur pentru \u021bevi, nu este periculos \u0219i nu con\u021bine amoniac. Poate fi folosit pentru \u021bevi, transportori de bol\u021b \u0219i altele.<\/p>\n<\/div>\n","protected":false},"excerpt":{"rendered":"<p>Solu\u021bie puternic\u0103 \u0219i sigur\u0103 pentru \u00eendep\u0103rtarea depunerilor de carbon de pe armele de foc. Rapid\u0103 \u0219i eficient\u0103.<\/p>\n","protected":false},"featured_media":51829,"template":"","meta":{"_acf_changed":false},"product_brand":[11164],"product_cat":[12776,12790],"product_tag":[],"class_list":{"0":"post-51828","1":"product","2":"type-product","3":"status-publish","4":"has-post-thumbnail","6":"product_brand-boretech","7":"product_cat-curatare-arme","8":"product_cat-curatitori","10":"first","11":"instock","12":"taxable","13":"shipping-taxable","14":"purchasable","15":"product-type-variable","16":"wvs-archive-product-wrapper"},"acf":[],"_links":{"self":[{"href":"https:\/\/staging.nbg.eu\/ro\/wp-json\/wp\/v2\/product\/51828","targetHints":{"allow":["GET"]}}],"collection":[{"href":"https:\/\/staging.nbg.eu\/ro\/wp-json\/wp\/v2\/product"}],"about":[{"href":"https:\/\/staging.nbg.eu\/ro\/wp-json\/wp\/v2\/types\/product"}],"wp:featuredmedia":[{"embeddable":true,"href":"https:\/\/staging.nbg.eu\/ro\/wp-json\/wp\/v2\/media\/51829"}],"wp:attachment":[{"href":"https:\/\/staging.nbg.eu\/ro\/wp-json\/wp\/v2\/media?parent=51828"}],"wp:term":[{"taxonomy":"product_brand","embeddable":true,"href":"https:\/\/staging.nbg.eu\/ro\/wp-json\/wp\/v2\/product_brand?post=51828"},{"taxonomy":"product_cat","embeddable":true,"href":"https:\/\/staging.nbg.eu\/ro\/wp-json\/wp\/v2\/product_cat?post=51828"},{"taxonomy":"product_tag","embeddable":true,"href":"https:\/\/staging.nbg.eu\/ro\/wp-json\/wp\/v2\/product_tag?post=51828"}],"curies":[{"name":"wp","href":"https:\/\/api.w.org\/{rel}","templated":true}]}}