{"id":51731,"date":"2024-03-14T09:15:35","date_gmt":"2024-09-13T10:05:15","guid":{"rendered":"https:\/\/staging.nbg.eu\/product\/boretech-nylon-chamber-brush-multiple-calibers\/"},"modified":"2024-09-13T10:06:12","modified_gmt":"2024-09-13T10:06:12","slug":"perie-nylon-boretech-pentru-camera-calibre-multiple","status":"publish","type":"product","link":"https:\/\/staging.nbg.eu\/ro\/produs\/perie-nylon-boretech-pentru-camera-calibre-multiple\/","title":{"rendered":"Perie Nylon BoreTech pentru Camer\u0103 Calibre Multiple"},"content":{"rendered":"<div class=\"product-description\">\n<h2>Perie de camer\u0103 din nylon BoreTech (Mai multe calibre)<\/h2>\n<p>Periile de camer\u0103 din nylon Bore Tech ofer\u0103 siguran\u021b\u0103 \u0219i eficien\u021b\u0103. Aceste perii complet sigure pentru camer\u0103 includ:<\/p>\n<ul>\n<li>Compatibilitate cu solu\u021bii de cur\u0103\u021bare rapid\u0103 a cuprului<\/li>\n<li>Ac\u021biune de cur\u0103\u021bare \u00eembun\u0103t\u0103\u021bit\u0103 cu peri de nylon cu stria\u021bii suplimentare<\/li>\n<li>Diametre ale perilor adaptate pentru fiecare calibru<\/li>\n<li>Miez de perie dublu \u00eenf\u0103\u0219urat, f\u0103r\u0103 alam\u0103, cu cap\u0103t buclat<\/li>\n<li>Suporturi din aluminiu de calitate aeronautic\u0103 pentru durabilitate<\/li>\n<\/ul>\n<p>Elimin\u0103 indica\u021biile false de depuneri de cupru \u0219i petele albastre asociate cu periile din bronz fosforos. Disponibile \u00een pachete individuale pentru .223\/5.56mm AR-15 \u0219i .308\/7.62mm AR-10.<\/p>\n<p>Alege\u021bi Bore Tech pentru cur\u0103\u021barea mai rapid\u0103 \u0219i mai eficient\u0103 a camerei f\u0103r\u0103 a compromite integritatea armei de foc.<\/p>\n<\/div>\n","protected":false},"excerpt":{"rendered":"<p>Perie sigur\u0103 \u0219i durabil\u0103 din nylon pentru cur\u0103\u021barea eficient\u0103 a armelor de foc.<\/p>\n","protected":false},"featured_media":51732,"template":"","meta":{"_acf_changed":false},"product_brand":[11164],"product_cat":[12776,12803],"product_tag":[],"class_list":{"0":"post-51731","1":"product","2":"type-product","3":"status-publish","4":"has-post-thumbnail","6":"product_brand-boretech","7":"product_cat-curatare-arme","8":"product_cat-perii","9":"pa_model-ar-10-ro","10":"pa_model-ar-15-ro","12":"first","13":"instock","14":"taxable","15":"shipping-taxable","16":"purchasable","17":"product-type-variable","18":"wvs-archive-product-wrapper"},"acf":[],"_links":{"self":[{"href":"https:\/\/staging.nbg.eu\/ro\/wp-json\/wp\/v2\/product\/51731","targetHints":{"allow":["GET"]}}],"collection":[{"href":"https:\/\/staging.nbg.eu\/ro\/wp-json\/wp\/v2\/product"}],"about":[{"href":"https:\/\/staging.nbg.eu\/ro\/wp-json\/wp\/v2\/types\/product"}],"wp:featuredmedia":[{"embeddable":true,"href":"https:\/\/staging.nbg.eu\/ro\/wp-json\/wp\/v2\/media\/51732"}],"wp:attachment":[{"href":"https:\/\/staging.nbg.eu\/ro\/wp-json\/wp\/v2\/media?parent=51731"}],"wp:term":[{"taxonomy":"product_brand","embeddable":true,"href":"https:\/\/staging.nbg.eu\/ro\/wp-json\/wp\/v2\/product_brand?post=51731"},{"taxonomy":"product_cat","embeddable":true,"href":"https:\/\/staging.nbg.eu\/ro\/wp-json\/wp\/v2\/product_cat?post=51731"},{"taxonomy":"product_tag","embeddable":true,"href":"https:\/\/staging.nbg.eu\/ro\/wp-json\/wp\/v2\/product_tag?post=51731"}],"curies":[{"name":"wp","href":"https:\/\/api.w.org\/{rel}","templated":true}]}}