{"id":51573,"date":"2024-03-15T05:39:44","date_gmt":"2024-09-13T09:59:31","guid":{"rendered":"https:\/\/staging.nbg.eu\/product\/bore-tech-bullet-knock-out-set\/"},"modified":"2024-09-13T10:00:27","modified_gmt":"2024-09-13T10:00:27","slug":"set-bore-tech-bullet-knock-out","status":"publish","type":"product","link":"https:\/\/staging.nbg.eu\/ro\/produs\/set-bore-tech-bullet-knock-out\/","title":{"rendered":"Set Bore Tech Bullet Knock-out"},"content":{"rendered":"<p><strong>Setul Bore Tech de extragere a gloan\u021belor<\/strong> este un instrument pentru tr\u0103g\u0103tori. Acest kit include 4 v\u00e2rfuri din alam\u0103 prelucrat\u0103, concepute pentru a \u00eendep\u0103rta gloan\u021bele blocate sau tuburile blocate f\u0103r\u0103 a deteriora tija de cur\u0103\u021bare. Compatibil cu pu\u0219ti \u0219i pistoale de la calibrul .17 la .50, este util pentru cutia de accesorii de tir.<\/p>\n","protected":false},"excerpt":{"rendered":"<p>Instrument esen\u021bial pentru \u00eendep\u0103rtarea gloan\u021belor blocate. 4 v\u00e2rfuri de alam\u0103, calibru .17-.50.<\/p>\n","protected":false},"featured_media":51574,"template":"","meta":{"_acf_changed":false},"product_brand":[11164],"product_cat":[12776,12803],"product_tag":[],"class_list":{"0":"post-51573","1":"product","2":"type-product","3":"status-publish","4":"has-post-thumbnail","6":"product_brand-boretech","7":"product_cat-curatare-arme","8":"product_cat-perii","10":"first","11":"instock","12":"taxable","13":"shipping-taxable","14":"purchasable","15":"product-type-simple"},"acf":[],"_links":{"self":[{"href":"https:\/\/staging.nbg.eu\/ro\/wp-json\/wp\/v2\/product\/51573","targetHints":{"allow":["GET"]}}],"collection":[{"href":"https:\/\/staging.nbg.eu\/ro\/wp-json\/wp\/v2\/product"}],"about":[{"href":"https:\/\/staging.nbg.eu\/ro\/wp-json\/wp\/v2\/types\/product"}],"wp:featuredmedia":[{"embeddable":true,"href":"https:\/\/staging.nbg.eu\/ro\/wp-json\/wp\/v2\/media\/51574"}],"wp:attachment":[{"href":"https:\/\/staging.nbg.eu\/ro\/wp-json\/wp\/v2\/media?parent=51573"}],"wp:term":[{"taxonomy":"product_brand","embeddable":true,"href":"https:\/\/staging.nbg.eu\/ro\/wp-json\/wp\/v2\/product_brand?post=51573"},{"taxonomy":"product_cat","embeddable":true,"href":"https:\/\/staging.nbg.eu\/ro\/wp-json\/wp\/v2\/product_cat?post=51573"},{"taxonomy":"product_tag","embeddable":true,"href":"https:\/\/staging.nbg.eu\/ro\/wp-json\/wp\/v2\/product_tag?post=51573"}],"curies":[{"name":"wp","href":"https:\/\/api.w.org\/{rel}","templated":true}]}}