{"id":51481,"date":"2024-03-15T06:18:52","date_gmt":"2024-09-13T09:57:13","guid":{"rendered":"https:\/\/staging.nbg.eu\/product\/bore-tech-chameleon-gel-2-oz-tube\/"},"modified":"2024-09-13T09:58:13","modified_gmt":"2024-09-13T09:58:13","slug":"bore-tech-chameleon-gel-tub-2-oz","status":"publish","type":"product","link":"https:\/\/staging.nbg.eu\/ro\/produs\/bore-tech-chameleon-gel-tub-2-oz\/","title":{"rendered":"Bore Tech Chameleon Gel (Tub 2 Oz)"},"content":{"rendered":"<h2>Bore Tech Chameleon Gel (Tub de 2 Uncii)<\/h2>\n<p>Bore Tech Chameleon Gel\u2122 este un produs de cur\u0103\u021bare \u0219i lustruire pentru arme de foc. Acest gel \u00eendep\u0103rteaz\u0103 depunerile de Carbon, Cupru, Plumb \u0219i Molibden, cur\u0103\u021b\u00e2nd \u021beava.<\/p>\n<ul>\n<li>F\u0103r\u0103 miros \u0219i biodegradabil<\/li>\n<li>Sigur pentru toate tipurile de \u021bevi<\/li>\n<li>Nu necesit\u0103 amestecare<\/li>\n<li>Formul\u0103 gel u\u0219or de utilizat<\/li>\n<li>Tehnologie de indicare a culorii pentru cur\u0103\u021bare<\/li>\n<\/ul>\n<p>Formula Chameleon Gel \u00ee\u0219i schimb\u0103 culoarea pentru a indica tipul de depunere prezent:<\/p>\n<p>Albastru\/Verde: Cupru<\/p>\n<p>Negru: Carbon<\/p>\n<p>Gri: Plumb\/Molibden<\/p>\n<p>Alb: \u021aeav\u0103 curat\u0103<\/p>\n<p>Men\u021bine\u021bi performan\u021ba armei dumneavoastr\u0103 cu aceast\u0103 solu\u021bie de cur\u0103\u021bare. Disponibil \u00een tub de 2 uncii.<\/p>\n","protected":false},"excerpt":{"rendered":"<p>Gel de cur\u0103\u021bare care \u00ee\u0219i schimb\u0103 culoarea \u00eendep\u0103rteaz\u0103 depunerile din \u021bevile armelor.<\/p>\n","protected":false},"featured_media":51482,"template":"","meta":{"_acf_changed":false},"product_brand":[11164],"product_cat":[12776,12790],"product_tag":[],"class_list":{"0":"post-51481","1":"product","2":"type-product","3":"status-publish","4":"has-post-thumbnail","6":"product_brand-boretech","7":"product_cat-curatare-arme","8":"product_cat-curatitori","10":"first","11":"instock","12":"taxable","13":"shipping-taxable","14":"purchasable","15":"product-type-simple"},"acf":[],"_links":{"self":[{"href":"https:\/\/staging.nbg.eu\/ro\/wp-json\/wp\/v2\/product\/51481","targetHints":{"allow":["GET"]}}],"collection":[{"href":"https:\/\/staging.nbg.eu\/ro\/wp-json\/wp\/v2\/product"}],"about":[{"href":"https:\/\/staging.nbg.eu\/ro\/wp-json\/wp\/v2\/types\/product"}],"wp:featuredmedia":[{"embeddable":true,"href":"https:\/\/staging.nbg.eu\/ro\/wp-json\/wp\/v2\/media\/51482"}],"wp:attachment":[{"href":"https:\/\/staging.nbg.eu\/ro\/wp-json\/wp\/v2\/media?parent=51481"}],"wp:term":[{"taxonomy":"product_brand","embeddable":true,"href":"https:\/\/staging.nbg.eu\/ro\/wp-json\/wp\/v2\/product_brand?post=51481"},{"taxonomy":"product_cat","embeddable":true,"href":"https:\/\/staging.nbg.eu\/ro\/wp-json\/wp\/v2\/product_cat?post=51481"},{"taxonomy":"product_tag","embeddable":true,"href":"https:\/\/staging.nbg.eu\/ro\/wp-json\/wp\/v2\/product_tag?post=51481"}],"curies":[{"name":"wp","href":"https:\/\/api.w.org\/{rel}","templated":true}]}}