{"id":51429,"date":"2024-03-15T07:11:12","date_gmt":"2024-09-13T09:53:29","guid":{"rendered":"https:\/\/staging.nbg.eu\/product\/bore-tech-shield-xp-rust-preventive\/"},"modified":"2024-09-13T09:54:29","modified_gmt":"2024-09-13T09:54:29","slug":"bore-tech-shield-xp-preventiv-antirugina","status":"publish","type":"product","link":"https:\/\/staging.nbg.eu\/ro\/produs\/bore-tech-shield-xp-preventiv-antirugina\/","title":{"rendered":"Bore Tech Shield XP Preventiv Antirugina"},"content":{"rendered":"<h2>Bore Tech Shield XP Protec\u021bie \u00eempotriva Ruginii<\/h2>\n<p>Proteja\u021bi armele de foc cu Bore Tech Shield XP, o formul\u0103 care ofer\u0103 protec\u021bie \u00eempotriva ruginii \u0219i coroziunii. Aceast\u0103 solu\u021bie non-uleioas\u0103 penetreaz\u0103 \u00een profunzime, disloc\u0103 umezeala \u0219i neutralizeaz\u0103 corozivii, l\u0103s\u00e2nd o barier\u0103 invizibil\u0103 care nu atrage resturi.<\/p>\n<ul>\n<li>Potrivit pentru depozitare pe termen lung<\/li>\n<li>Sigur pentru toate metalele<\/li>\n<li>Dep\u0103\u0219e\u0219te 500 de ore \u00een testele de umiditate ASTM<\/li>\n<li>Miros de cocos<\/li>\n<li>Flacon cu pulverizator<\/li>\n<\/ul>\n<h3>Instruc\u021biuni:<\/h3>\n<ol>\n<li>Desc\u0103rca\u021bi arma \u0219i degresa\u021bi suprafe\u021bele<\/li>\n<li>Pulveriza\u021bi sau aplica\u021bi Shield XP pe suprafe\u021bele metalice<\/li>\n<li>A\u0219tepta\u021bi 15 minute, aplica\u021bi un al doilea strat dac\u0103 este necesar<\/li>\n<li>\u00cenainte de utilizare, trece\u021bi o lavet\u0103 uscat\u0103 prin \u021beav\u0103<\/li>\n<\/ol>\n<p>Shield XP: Protec\u021bie \u00eempotriva ruginii \u0219i coroziunii pentru armele de foc.<\/p>\n","protected":false},"excerpt":{"rendered":"<p>Protec\u021bie de lung\u0103 durat\u0103 \u00eempotriva ruginii pentru arme de foc.<\/p>\n","protected":false},"featured_media":51387,"template":"","meta":{"_acf_changed":false},"product_brand":[11164],"product_cat":[12776,12764],"product_tag":[],"class_list":{"0":"post-51429","1":"product","2":"type-product","3":"status-publish","4":"has-post-thumbnail","6":"product_brand-boretech","7":"product_cat-curatare-arme","8":"product_cat-lubrifianti","10":"first","11":"instock","12":"taxable","13":"shipping-taxable","14":"purchasable","15":"product-type-simple"},"acf":[],"_links":{"self":[{"href":"https:\/\/staging.nbg.eu\/ro\/wp-json\/wp\/v2\/product\/51429","targetHints":{"allow":["GET"]}}],"collection":[{"href":"https:\/\/staging.nbg.eu\/ro\/wp-json\/wp\/v2\/product"}],"about":[{"href":"https:\/\/staging.nbg.eu\/ro\/wp-json\/wp\/v2\/types\/product"}],"wp:featuredmedia":[{"embeddable":true,"href":"https:\/\/staging.nbg.eu\/ro\/wp-json\/wp\/v2\/media\/51387"}],"wp:attachment":[{"href":"https:\/\/staging.nbg.eu\/ro\/wp-json\/wp\/v2\/media?parent=51429"}],"wp:term":[{"taxonomy":"product_brand","embeddable":true,"href":"https:\/\/staging.nbg.eu\/ro\/wp-json\/wp\/v2\/product_brand?post=51429"},{"taxonomy":"product_cat","embeddable":true,"href":"https:\/\/staging.nbg.eu\/ro\/wp-json\/wp\/v2\/product_cat?post=51429"},{"taxonomy":"product_tag","embeddable":true,"href":"https:\/\/staging.nbg.eu\/ro\/wp-json\/wp\/v2\/product_tag?post=51429"}],"curies":[{"name":"wp","href":"https:\/\/api.w.org\/{rel}","templated":true}]}}