{"id":51386,"date":"2024-03-15T07:47:20","date_gmt":"2024-09-13T09:50:04","guid":{"rendered":"https:\/\/staging.nbg.eu\/product\/boretech-eliminator-4-oz\/"},"modified":"2024-09-13T09:51:07","modified_gmt":"2024-09-13T09:51:07","slug":"boretech-eliminator-4-oz","status":"publish","type":"product","link":"https:\/\/staging.nbg.eu\/ro\/produs\/boretech-eliminator-4-oz\/","title":{"rendered":"BoreTech Eliminator &#8211; 4 Oz"},"content":{"rendered":"<div class=\"product-description\">\n<h2>BoreTech Eliminator &#8211; 118 ml<\/h2>\n<p>BoreTech Eliminator\u2122 este un agent de cur\u0103\u021bare pentru \u021bevi de arme. Aceast\u0103 formul\u0103 brevetat\u0103 \u0219i sigur\u0103 pentru \u021beav\u0103 are urm\u0103toarele caracteristici:<\/p>\n<ul>\n<li>100% sigur pentru \u021beav\u0103 \u0219i biodegradabil<\/li>\n<li>F\u0103r\u0103 amoniac \u0219i inodor<\/li>\n<li>\u00cendep\u0103rteaz\u0103 carbon, cupru, plumb \u0219i reziduuri corozive<\/li>\n<li>Non-periculos \u0219i u\u0219or de utilizat<\/li>\n<\/ul>\n<p>Eliminator con\u021bine o combina\u021bie de surfactan\u021bi chimici care dizolv\u0103 depunerile de carbon \u0219i oxideaz\u0103 \u0219i suspend\u0103 depunerile de cupru. Acest proces previne redepunerea \u0219i asigur\u0103 o cur\u0103\u021bare complet\u0103.<\/p>\n<h3>Instruc\u021biuni:<\/h3>\n<ol>\n<li>Umezi\u021bi 3-4 petice cu Eliminator \u0219i \u00eempinge\u021bi prin \u021beav\u0103 \u00eentr-o singur\u0103 direc\u021bie<\/li>\n<li>Face\u021bi 10-15 treceri cu o perie de nylon saturat\u0103<\/li>\n<li>Repeta\u021bi pasul 1 \u0219i l\u0103sa\u021bi s\u0103 ac\u021bioneze 3-5 minute<\/li>\n<li>\u00cempinge\u021bi petice uscate p\u00e2n\u0103 sunt curate<\/li>\n<li>Repeta\u021bi dac\u0103 este necesar<\/li>\n<li>Aplica\u021bi ulei Bore Tech Friction Guard XP pentru depozitare<\/li>\n<li>Trece\u021bi un petic uscat \u00eenainte de utilizare<\/li>\n<\/ol>\n<p>Alege\u021bi BoreTech Eliminator pentru cur\u0103\u021barea \u0219i protec\u021bia \u021bevii.<\/p>\n<\/div>\n","protected":false},"excerpt":{"rendered":"<p>BoreTech Eliminator: Solu\u021bie de cur\u0103\u021bare a \u021bevii sigur\u0103 \u0219i puternic\u0103. \u00cendep\u0103rteaz\u0103 reziduurile.<\/p>\n","protected":false},"featured_media":70986,"template":"","meta":{"_acf_changed":false},"product_brand":[11164],"product_cat":[12776,12790],"product_tag":[],"class_list":{"0":"post-51386","1":"product","2":"type-product","3":"status-publish","4":"has-post-thumbnail","6":"product_brand-boretech","7":"product_cat-curatare-arme","8":"product_cat-curatitori","10":"first","11":"instock","12":"taxable","13":"shipping-taxable","14":"purchasable","15":"product-type-variable","16":"wvs-archive-product-wrapper"},"acf":[],"_links":{"self":[{"href":"https:\/\/staging.nbg.eu\/ro\/wp-json\/wp\/v2\/product\/51386","targetHints":{"allow":["GET"]}}],"collection":[{"href":"https:\/\/staging.nbg.eu\/ro\/wp-json\/wp\/v2\/product"}],"about":[{"href":"https:\/\/staging.nbg.eu\/ro\/wp-json\/wp\/v2\/types\/product"}],"wp:featuredmedia":[{"embeddable":true,"href":"https:\/\/staging.nbg.eu\/ro\/wp-json\/wp\/v2\/media\/70986"}],"wp:attachment":[{"href":"https:\/\/staging.nbg.eu\/ro\/wp-json\/wp\/v2\/media?parent=51386"}],"wp:term":[{"taxonomy":"product_brand","embeddable":true,"href":"https:\/\/staging.nbg.eu\/ro\/wp-json\/wp\/v2\/product_brand?post=51386"},{"taxonomy":"product_cat","embeddable":true,"href":"https:\/\/staging.nbg.eu\/ro\/wp-json\/wp\/v2\/product_cat?post=51386"},{"taxonomy":"product_tag","embeddable":true,"href":"https:\/\/staging.nbg.eu\/ro\/wp-json\/wp\/v2\/product_tag?post=51386"}],"curies":[{"name":"wp","href":"https:\/\/api.w.org\/{rel}","templated":true}]}}