{"id":51280,"date":"2024-03-15T17:11:28","date_gmt":"2024-03-15T17:11:28","guid":{"rendered":"https:\/\/staging.nbg.eu\/product\/bore-tech-bore-guide-bolt-action-centerfire-8mm-416-cal\/"},"modified":"2024-09-13T09:48:12","modified_gmt":"2024-09-13T09:48:12","slug":"ghid-de-teava-bore-tech-bolt-action-centerfire-8mm416-cal","status":"publish","type":"product","link":"https:\/\/staging.nbg.eu\/ro\/produs\/ghid-de-teava-bore-tech-bolt-action-centerfire-8mm416-cal\/","title":{"rendered":"Ghid de Teava Bore Tech &#8211; Bolt Action Centerfire (8mm\/.416 Cal)"},"content":{"rendered":"<div class=\"product-description\">\n<h2>Ghid de \u021beav\u0103 Bore Tech &#8211; Arm\u0103 cu repeti\u021bie cu \u00eenchiz\u0103tor rotativ pentru muni\u021bie central\u0103 (8mm\/.416 Cal)<\/h2>\n<p>Proteja\u021bi-v\u0103 arma \u0219i tija de cur\u0103\u021bare cu Ghidul de \u021beav\u0103 Bore Tech. Acest instrument pentru pu\u0219tile cu repeti\u021bie cu \u00eenchiz\u0103tor rotativ asigur\u0103:<\/p>\n<ul>\n<li>Alinierea precis\u0103 a tijelor de cur\u0103\u021bare cu \u021beava<\/li>\n<li>Prevenirea deterior\u0103rii armei \u0219i a tijei de cur\u0103\u021bare<\/li>\n<li>Etan\u0219are cu conuri de nas din cauciuc rezistente la solven\u021bi<\/li>\n<li>F\u0103r\u0103 scurgeri de solu\u021bie de cur\u0103\u021bare \u00een camer\u0103 \u0219i mecanism<\/li>\n<\/ul>\n<p>Caracteristici:<\/p>\n<ul>\n<li>Componente prelucrate CNC \u0219i turnate prin injec\u021bie<\/li>\n<li>Codat cu verde pentru calibrele de la 8mm la .416<\/li>\n<li>Se potrive\u0219te cu majoritatea pu\u0219tilor cu repeti\u021bie cu \u00eenchiz\u0103tor rotativ<\/li>\n<li>Porturi de solvent l\u0103rgite pentru aplicare u\u0219oar\u0103<\/li>\n<li>Guler de \u00eenchiz\u0103tor reglabil pentru ac\u021biuni scurte \u0219i lungi<\/li>\n<\/ul>\n<p>Investi\u021bi \u00een \u00eentre\u021binerea corect\u0103 a armei cu Ghidul de \u021beav\u0103 Bore Tech.<\/p>\n<\/div>\n","protected":false},"excerpt":{"rendered":"<p>Instrument de cur\u0103\u021bare de precizie pentru pu\u0219ti cu \u00eenchiz\u0103tor cu \u0219urub de calibru 8mm-.416. Previne deteriorarea.<\/p>\n","protected":false},"featured_media":51281,"template":"","meta":{"_acf_changed":false},"product_brand":[11164],"product_cat":[12735,12776],"product_tag":[],"class_list":{"0":"post-51280","1":"product","2":"type-product","3":"status-publish","4":"has-post-thumbnail","6":"product_brand-boretech","7":"product_cat-bete-de-curatare","8":"product_cat-curatare-arme","10":"first","11":"instock","12":"taxable","13":"shipping-taxable","14":"purchasable","15":"product-type-variable","16":"wvs-archive-product-wrapper"},"acf":[],"_links":{"self":[{"href":"https:\/\/staging.nbg.eu\/ro\/wp-json\/wp\/v2\/product\/51280","targetHints":{"allow":["GET"]}}],"collection":[{"href":"https:\/\/staging.nbg.eu\/ro\/wp-json\/wp\/v2\/product"}],"about":[{"href":"https:\/\/staging.nbg.eu\/ro\/wp-json\/wp\/v2\/types\/product"}],"wp:featuredmedia":[{"embeddable":true,"href":"https:\/\/staging.nbg.eu\/ro\/wp-json\/wp\/v2\/media\/51281"}],"wp:attachment":[{"href":"https:\/\/staging.nbg.eu\/ro\/wp-json\/wp\/v2\/media?parent=51280"}],"wp:term":[{"taxonomy":"product_brand","embeddable":true,"href":"https:\/\/staging.nbg.eu\/ro\/wp-json\/wp\/v2\/product_brand?post=51280"},{"taxonomy":"product_cat","embeddable":true,"href":"https:\/\/staging.nbg.eu\/ro\/wp-json\/wp\/v2\/product_cat?post=51280"},{"taxonomy":"product_tag","embeddable":true,"href":"https:\/\/staging.nbg.eu\/ro\/wp-json\/wp\/v2\/product_tag?post=51280"}],"curies":[{"name":"wp","href":"https:\/\/api.w.org\/{rel}","templated":true}]}}