{"id":51163,"date":"2024-03-16T18:40:45","date_gmt":"2024-09-13T09:25:28","guid":{"rendered":"https:\/\/staging.nbg.eu\/product\/bore-tech-bronze-stainless-chamber-brush\/"},"modified":"2024-09-13T09:26:25","modified_gmt":"2024-09-13T09:26:25","slug":"perie-pentru-camera-bore-tech-bronzinox","status":"publish","type":"product","link":"https:\/\/staging.nbg.eu\/ro\/produs\/perie-pentru-camera-bore-tech-bronzinox\/","title":{"rendered":"Perie pentru Camera Bore Tech Bronz\/Inox"},"content":{"rendered":"<h2>Perie pentru camera de ardere Bore Tech din bronz\/o\u021bel inoxidabil<\/h2>\n<p>Perii pentru camera de ardere Bore Tech din bronz\/o\u021bel inoxidabil. Aceste perii sigure pentru camera de ardere sunt construite cu caracteristici tehnice specifice.<\/p>\n<ul>\n<li>Combina\u021bie de peri din bronz \u0219i o\u021bel inoxidabil<\/li>\n<li>Ac\u021biune de cur\u0103\u021bare dubl\u0103<\/li>\n<li>Perii cu capete buclate pentru a elimina marginile ascu\u021bite<\/li>\n<li>Suporturi din aluminiu de calitate aeronautic\u0103<\/li>\n<li>Disponibile pentru .223\/5.56mm AR-15 \u0219i .308\/7.62mm AR-10<\/li>\n<\/ul>\n<p>Perii pentru cur\u0103\u021barea camerei de ardere de la Bore Tech.<\/p>\n<h3>Instruc\u021biuni:<\/h3>\n<ol>\n<li>\u00cen\u0219uruba\u021bi peria pe tij\u0103<\/li>\n<li>Umezi\u021bi peria cu solu\u021bie de cur\u0103\u021bare (recomandate C4 Carbon Remover sau Eliminator Bore Cleaner)<\/li>\n<li>Introduce\u021bi \u00een camera de ardere \u0219i roti\u021bi de 6-12 ori<\/li>\n<li>Reaplica\u021bi solvent \u0219i continua\u021bi perierea dup\u0103 necesitate<\/li>\n<li>\u0218terge\u021bi camera de ardere cu o c\u00e2rp\u0103 sau mop<\/li>\n<li>Cur\u0103\u021ba\u021bi periile \u00eenainte de depozitare<\/li>\n<\/ol>\n","protected":false},"excerpt":{"rendered":"<p>Perie cu camer\u0103 dubl\u0103 cu peri eficient\u0103 pentru pu\u0219tile AR-15 \u0219i AR-10.<\/p>\n","protected":false},"featured_media":51164,"template":"","meta":{"_acf_changed":false},"product_brand":[11164],"product_cat":[12776,12803],"product_tag":[],"class_list":{"0":"post-51163","1":"product","2":"type-product","3":"status-publish","4":"has-post-thumbnail","6":"product_brand-boretech","7":"product_cat-curatare-arme","8":"product_cat-perii","9":"pa_model-ar-10-ro","10":"pa_model-ar-15-ro","12":"first","13":"instock","14":"taxable","15":"shipping-taxable","16":"purchasable","17":"product-type-variable","18":"wvs-archive-product-wrapper"},"acf":[],"_links":{"self":[{"href":"https:\/\/staging.nbg.eu\/ro\/wp-json\/wp\/v2\/product\/51163","targetHints":{"allow":["GET"]}}],"collection":[{"href":"https:\/\/staging.nbg.eu\/ro\/wp-json\/wp\/v2\/product"}],"about":[{"href":"https:\/\/staging.nbg.eu\/ro\/wp-json\/wp\/v2\/types\/product"}],"wp:featuredmedia":[{"embeddable":true,"href":"https:\/\/staging.nbg.eu\/ro\/wp-json\/wp\/v2\/media\/51164"}],"wp:attachment":[{"href":"https:\/\/staging.nbg.eu\/ro\/wp-json\/wp\/v2\/media?parent=51163"}],"wp:term":[{"taxonomy":"product_brand","embeddable":true,"href":"https:\/\/staging.nbg.eu\/ro\/wp-json\/wp\/v2\/product_brand?post=51163"},{"taxonomy":"product_cat","embeddable":true,"href":"https:\/\/staging.nbg.eu\/ro\/wp-json\/wp\/v2\/product_cat?post=51163"},{"taxonomy":"product_tag","embeddable":true,"href":"https:\/\/staging.nbg.eu\/ro\/wp-json\/wp\/v2\/product_tag?post=51163"}],"curies":[{"name":"wp","href":"https:\/\/api.w.org\/{rel}","templated":true}]}}