{"id":50815,"date":"2024-04-18T08:10:02","date_gmt":"2024-09-13T09:08:22","guid":{"rendered":"https:\/\/staging.nbg.eu\/product\/blue-force-gear-hunting-sling\/"},"modified":"2024-09-13T09:09:21","modified_gmt":"2024-09-13T09:09:21","slug":"curea-de-purtare-blue-force-gear-pentru-vanatoare","status":"publish","type":"product","link":"https:\/\/staging.nbg.eu\/ro\/produs\/curea-de-purtare-blue-force-gear-pentru-vanatoare\/","title":{"rendered":"Curea de Purtare Blue Force Gear pentru Vanatoare"},"content":{"rendered":"<h2>Curea de v\u00e2n\u0103toare Blue Force Gear<\/h2>\n<p>Cureaua de v\u00e2n\u0103toare Blue Force Gear este conceput\u0103 pentru pu\u0219ti \u0219i arme de v\u00e2n\u0103toare. Aceast\u0103 curea versatil\u0103 combin\u0103 calitatea dovedit\u0103 \u00een lupt\u0103 cu u\u0219urin\u021ba \u00een utilizare, potrivindu-se cu u\u0219urin\u021b\u0103 la inelele tradi\u021bionale pentru curele.<\/p>\n<h2>Caracteristici principale:<\/h2>\n<ul>\n<li>\u021aes\u0103tur\u0103 CORDURA\u00ae de la INVISTA\u2122 vopsit\u0103 \u00een solu\u021bie, de calitate militar\u0103<\/li>\n<li>Ajustabil\u0103 rapid de la 66 cm la 117 cm<\/li>\n<li>Include inele de prindere cu eliberare lateral\u0103<\/li>\n<li>Rezistent\u0103 la decolorare, rulare, cr\u0103pare sau \u00eent\u0103rire<\/li>\n<li>Potrivit\u0103 pentru drume\u021bii lungi \u0219i urcarea \u00een standuri<\/li>\n<\/ul>\n<p>Aceast\u0103 curea ofer\u0103 durabilitate \u0219i func\u021bionalitate, permi\u021b\u00e2nd trecerea u\u0219oar\u0103 de la pozi\u021bia de transport la cea de tragere. Asigur\u0103 arma aproape de corp sau o sl\u0103be\u0219te pentru um\u0103rire \u0219i tragere rapid\u0103.<\/p>\n","protected":false},"excerpt":{"rendered":"<p>Curea durabil\u0103 \u0219i ajustabil\u0103 pentru pu\u0219ti \u0219i arme de v\u00e2n\u0103toare. U\u0219or de folosit.<\/p>\n","protected":false},"featured_media":50816,"template":"","meta":{"_acf_changed":false},"product_brand":[11140],"product_cat":[12758,12762],"product_tag":[],"class_list":{"0":"post-50815","1":"product","2":"type-product","3":"status-publish","4":"has-post-thumbnail","6":"product_brand-blue-force-gear","7":"product_cat-curele-de-purtare","8":"product_cat-echipament","10":"first","11":"instock","12":"taxable","13":"shipping-taxable","14":"purchasable","15":"product-type-variable","16":"wvs-archive-product-wrapper"},"acf":[],"_links":{"self":[{"href":"https:\/\/staging.nbg.eu\/ro\/wp-json\/wp\/v2\/product\/50815","targetHints":{"allow":["GET"]}}],"collection":[{"href":"https:\/\/staging.nbg.eu\/ro\/wp-json\/wp\/v2\/product"}],"about":[{"href":"https:\/\/staging.nbg.eu\/ro\/wp-json\/wp\/v2\/types\/product"}],"wp:featuredmedia":[{"embeddable":true,"href":"https:\/\/staging.nbg.eu\/ro\/wp-json\/wp\/v2\/media\/50816"}],"wp:attachment":[{"href":"https:\/\/staging.nbg.eu\/ro\/wp-json\/wp\/v2\/media?parent=50815"}],"wp:term":[{"taxonomy":"product_brand","embeddable":true,"href":"https:\/\/staging.nbg.eu\/ro\/wp-json\/wp\/v2\/product_brand?post=50815"},{"taxonomy":"product_cat","embeddable":true,"href":"https:\/\/staging.nbg.eu\/ro\/wp-json\/wp\/v2\/product_cat?post=50815"},{"taxonomy":"product_tag","embeddable":true,"href":"https:\/\/staging.nbg.eu\/ro\/wp-json\/wp\/v2\/product_tag?post=50815"}],"curies":[{"name":"wp","href":"https:\/\/api.w.org\/{rel}","templated":true}]}}