{"id":50475,"date":"2024-04-18T10:53:56","date_gmt":"2024-09-13T08:59:31","guid":{"rendered":"https:\/\/staging.nbg.eu\/product\/blue-force-gear-gmt-sling\/"},"modified":"2024-09-13T09:00:30","modified_gmt":"2024-09-13T09:00:30","slug":"curea-de-purtare-blue-force-gear-gmt","status":"publish","type":"product","link":"https:\/\/staging.nbg.eu\/ro\/produs\/curea-de-purtare-blue-force-gear-gmt\/","title":{"rendered":"Curea de Purtare Blue Force Gear GMT"},"content":{"rendered":"<h2>Curea Blue Force Gear GMT<\/h2>\n<p>Cureaua Blue Force Gear GMT rezolv\u0103 deficien\u021bele curelelor tradi\u021bionale, oferind confort \u0219i func\u021bionalitate.<\/p>\n<h2>Caracteristici principale:<\/h2>\n<ul>\n<li>Cataram\u0103 personalizat\u0103 cu dubl\u0103 blocare din nylon rezistent \u0219i anticoroziv<\/li>\n<li>\u021aes\u0103tur\u0103 din nylon CORDURA\u00ae vopsit \u00een mas\u0103 pentru confort \u0219i reducerea ag\u0103\u021b\u0103rii<\/li>\n<li>Ajustare u\u0219oar\u0103: Trage\u021bi de cap\u0103t pentru a str\u00e2nge, apuca\u021bi butonul sferic pentru a sl\u0103bi<\/li>\n<li>Opritor cusut la cap\u0103tul curelei pentru a preveni eliberarea accidental\u0103 a armei<\/li>\n<\/ul>\n<h2>Specifica\u021bii:<\/h2>\n<ul>\n<li>Disponibil \u00een l\u0103\u021bimi de 2,54 cm \u0219i 3,175 cm<\/li>\n<li>Compatibil cu diverse arme de foc, de la pu\u0219ti u\u0219oare la arme de v\u00e2n\u0103toare<\/li>\n<li>Lungime: 86,36 cm &#8211; 162,56 cm<\/li>\n<li>Hardware: Nylon DuPont Zytel\u00ae ranforsat cu fibr\u0103 de sticl\u0103<\/li>\n<\/ul>\n<p>GMT Sling reprezint\u0103 o evolu\u021bie \u00een designul curelelor tactice.<\/p>\n","protected":false},"excerpt":{"rendered":"<p>Curea tactic\u0103 inovatoare cu dispozitiv de reglare rezistent la rugin\u0103 \u0219i ching\u0103 confortabil\u0103.<\/p>\n","protected":false},"featured_media":50476,"template":"","meta":{"_acf_changed":false},"product_brand":[11140],"product_cat":[12758,12762],"product_tag":[],"class_list":{"0":"post-50475","1":"product","2":"type-product","3":"status-publish","4":"has-post-thumbnail","6":"product_brand-blue-force-gear","7":"product_cat-curele-de-purtare","8":"product_cat-echipament","10":"first","11":"instock","12":"taxable","13":"shipping-taxable","14":"purchasable","15":"product-type-variable","16":"wvs-archive-product-wrapper"},"acf":[],"_links":{"self":[{"href":"https:\/\/staging.nbg.eu\/ro\/wp-json\/wp\/v2\/product\/50475","targetHints":{"allow":["GET"]}}],"collection":[{"href":"https:\/\/staging.nbg.eu\/ro\/wp-json\/wp\/v2\/product"}],"about":[{"href":"https:\/\/staging.nbg.eu\/ro\/wp-json\/wp\/v2\/types\/product"}],"wp:featuredmedia":[{"embeddable":true,"href":"https:\/\/staging.nbg.eu\/ro\/wp-json\/wp\/v2\/media\/50476"}],"wp:attachment":[{"href":"https:\/\/staging.nbg.eu\/ro\/wp-json\/wp\/v2\/media?parent=50475"}],"wp:term":[{"taxonomy":"product_brand","embeddable":true,"href":"https:\/\/staging.nbg.eu\/ro\/wp-json\/wp\/v2\/product_brand?post=50475"},{"taxonomy":"product_cat","embeddable":true,"href":"https:\/\/staging.nbg.eu\/ro\/wp-json\/wp\/v2\/product_cat?post=50475"},{"taxonomy":"product_tag","embeddable":true,"href":"https:\/\/staging.nbg.eu\/ro\/wp-json\/wp\/v2\/product_tag?post=50475"}],"curies":[{"name":"wp","href":"https:\/\/api.w.org\/{rel}","templated":true}]}}