{"id":50200,"date":"2024-04-21T18:34:24","date_gmt":"2024-09-13T08:44:32","guid":{"rendered":"https:\/\/staging.nbg.eu\/product\/blue-force-gear-molded-uwl-black\/"},"modified":"2024-09-13T08:45:24","modified_gmt":"2024-09-13T08:45:24","slug":"blue-force-gear-uwl-turnat-negru","status":"publish","type":"product","link":"https:\/\/staging.nbg.eu\/ro\/produs\/blue-force-gear-uwl-turnat-negru\/","title":{"rendered":"Blue Force Gear UWL Turnat &#8211; Negru"},"content":{"rendered":"<div class=\"product-description\">\n<h2>Blue Force Gear Molded UWL &#8211; Negru<\/h2>\n<p>Universal Wire Loop\u2122 (UWL) Moldat ofer\u0103 versatilitate pentru ata\u0219area curelelor la diferite puncte de montare ale armei. Proiectat pentru curele de p\u00e2n\u0103 la 1,25&#8243; l\u0103\u021bime, inclusiv cureaua Vickers, aceast\u0103 solu\u021bie u\u0219oar\u0103 este potrivit\u0103 pentru inele, fante \u0219i g\u0103uri de \u0219in\u0103.<\/p>\n<h3>Caracteristici principale:<\/h3>\n<ul>\n<li>Cablu din o\u021bel inoxidabil de calitate aeronautic\u0103 acoperit cu nylon de calitate militar\u0103<\/li>\n<li>Corp durabil din nylon 6-6 nereflectorizant<\/li>\n<li>Bucl\u0103 de s\u00e2rm\u0103 de 2,55&#8243; de la baz\u0103 la v\u00e2rf<\/li>\n<li>Bucl\u0103 pentru curea de 1,25&#8243; compatibil\u0103 cu Vickers Combat Applications Slings\u2122<\/li>\n<li>Soclu cu buton pentru carabine standard pentru curele<\/li>\n<li>Capete cu bil\u0103 conform specifica\u021biilor militare sertizate direct pe s\u00e2rm\u0103 pentru rezisten\u021b\u0103 suplimentar\u0103<\/li>\n<\/ul>\n<p>Blue Force Gear Molded UWL &#8211; Negru ofer\u0103 versatilitate \u00een ata\u0219area curelelor.<\/p>\n<\/div>\n","protected":false},"excerpt":{"rendered":"<p>Montur\u0103 versatil\u0103 pentru curele de 3,175 cm (1,25 inch). Design durabil \u0219i u\u0219or.<\/p>\n","protected":false},"featured_media":50201,"template":"","meta":{"_acf_changed":false},"product_brand":[11140],"product_cat":[12758,12762],"product_tag":[],"class_list":{"0":"post-50200","1":"product","2":"type-product","3":"status-publish","4":"has-post-thumbnail","6":"product_brand-blue-force-gear","7":"product_cat-curele-de-purtare","8":"product_cat-echipament","10":"first","11":"instock","12":"taxable","13":"shipping-taxable","14":"purchasable","15":"product-type-simple"},"acf":[],"_links":{"self":[{"href":"https:\/\/staging.nbg.eu\/ro\/wp-json\/wp\/v2\/product\/50200","targetHints":{"allow":["GET"]}}],"collection":[{"href":"https:\/\/staging.nbg.eu\/ro\/wp-json\/wp\/v2\/product"}],"about":[{"href":"https:\/\/staging.nbg.eu\/ro\/wp-json\/wp\/v2\/types\/product"}],"wp:featuredmedia":[{"embeddable":true,"href":"https:\/\/staging.nbg.eu\/ro\/wp-json\/wp\/v2\/media\/50201"}],"wp:attachment":[{"href":"https:\/\/staging.nbg.eu\/ro\/wp-json\/wp\/v2\/media?parent=50200"}],"wp:term":[{"taxonomy":"product_brand","embeddable":true,"href":"https:\/\/staging.nbg.eu\/ro\/wp-json\/wp\/v2\/product_brand?post=50200"},{"taxonomy":"product_cat","embeddable":true,"href":"https:\/\/staging.nbg.eu\/ro\/wp-json\/wp\/v2\/product_cat?post=50200"},{"taxonomy":"product_tag","embeddable":true,"href":"https:\/\/staging.nbg.eu\/ro\/wp-json\/wp\/v2\/product_tag?post=50200"}],"curies":[{"name":"wp","href":"https:\/\/api.w.org\/{rel}","templated":true}]}}