{"id":49955,"date":"2024-05-23T19:46:21","date_gmt":"2024-09-13T08:37:41","guid":{"rendered":"https:\/\/staging.nbg.eu\/product\/blue-force-gear-micro-trauma-kit-now\/"},"modified":"2024-09-13T08:38:38","modified_gmt":"2024-09-13T08:38:38","slug":"kit-micro-trauma-blue-force-gear-now","status":"publish","type":"product","link":"https:\/\/staging.nbg.eu\/ro\/produs\/kit-micro-trauma-blue-force-gear-now\/","title":{"rendered":"Kit Micro Trauma Blue Force Gear NOW"},"content":{"rendered":"<div class=\"product-description\">\n<h2>Blue Force Gear Micro Trauma Kit NOW!<\/h2>\n<p>Micro Trauma Kit NOW! (Micro TKN) este o solu\u021bie compact\u0103 pentru transportul zilnic al echipamentelor medicale esen\u021biale. Este destinat profesioni\u0219tilor din domeniul aplic\u0103rii legii, cet\u0103\u021benilor preg\u0103ti\u021bi \u0219i v\u00e2n\u0103torilor, acest kit montat pe centur\u0103 asigur\u0103 acces rapid la articole de prim ajutor critice.<\/p>\n<h2>Caracteristici principale:<\/h2>\n<ul>\n<li>Dimensiune compact\u0103 pentru transport zilnic confortabil<\/li>\n<li>Desf\u0103\u0219urare cu o singur\u0103 m\u00e2n\u0103 din ambele p\u0103r\u021bi<\/li>\n<li>Op\u021biuni de ata\u0219are MOLLE sau pe centur\u0103<\/li>\n<li>Tehnologie Ten-Speed pentru depozitare sigur\u0103<\/li>\n<li>Insert deta\u0219abil pentru depozitarea organizat\u0103 a materialelor<\/li>\n<li>Clapete ajustabile cu c\u00e2rlig \u0219i bucl\u0103 potrivite pentru majoritatea centurilor<\/li>\n<\/ul>\n<p>Fi\u021bi preg\u0103ti\u021bi pentru urgen\u021be cu Micro TKN &#8211; setul dumneavoastr\u0103 portabil pentru situa\u021bii critice.<\/p>\n<\/div>\n","protected":false},"excerpt":{"rendered":"<p>Kit compact de traum\u0103, cu poten\u021bial de salvare a vie\u021bii, pentru a fi purtat zilnic la curea.<\/p>\n","protected":false},"featured_media":49956,"template":"","meta":{"_acf_changed":false},"product_brand":[11140],"product_cat":[12762,12797],"product_tag":[],"class_list":{"0":"post-49955","1":"product","2":"type-product","3":"status-publish","4":"has-post-thumbnail","6":"product_brand-blue-force-gear","7":"product_cat-echipament","8":"product_cat-medical","10":"first","11":"instock","12":"taxable","13":"shipping-taxable","14":"purchasable","15":"product-type-variable","16":"wvs-archive-product-wrapper"},"acf":[],"_links":{"self":[{"href":"https:\/\/staging.nbg.eu\/ro\/wp-json\/wp\/v2\/product\/49955","targetHints":{"allow":["GET"]}}],"collection":[{"href":"https:\/\/staging.nbg.eu\/ro\/wp-json\/wp\/v2\/product"}],"about":[{"href":"https:\/\/staging.nbg.eu\/ro\/wp-json\/wp\/v2\/types\/product"}],"wp:featuredmedia":[{"embeddable":true,"href":"https:\/\/staging.nbg.eu\/ro\/wp-json\/wp\/v2\/media\/49956"}],"wp:attachment":[{"href":"https:\/\/staging.nbg.eu\/ro\/wp-json\/wp\/v2\/media?parent=49955"}],"wp:term":[{"taxonomy":"product_brand","embeddable":true,"href":"https:\/\/staging.nbg.eu\/ro\/wp-json\/wp\/v2\/product_brand?post=49955"},{"taxonomy":"product_cat","embeddable":true,"href":"https:\/\/staging.nbg.eu\/ro\/wp-json\/wp\/v2\/product_cat?post=49955"},{"taxonomy":"product_tag","embeddable":true,"href":"https:\/\/staging.nbg.eu\/ro\/wp-json\/wp\/v2\/product_tag?post=49955"}],"curies":[{"name":"wp","href":"https:\/\/api.w.org\/{rel}","templated":true}]}}