{"id":49607,"date":"2024-07-29T13:10:43","date_gmt":"2024-09-12T16:17:35","guid":{"rendered":"https:\/\/staging.nbg.eu\/product\/cobra-buckle-conversion-kit\/"},"modified":"2024-09-12T16:18:32","modified_gmt":"2024-09-12T16:18:32","slug":"kit-de-conversie-catarama-cobra","status":"publish","type":"product","link":"https:\/\/staging.nbg.eu\/ro\/produs\/kit-de-conversie-catarama-cobra\/","title":{"rendered":"Kit de Conversie Catarama COBRA"},"content":{"rendered":"<div class=\"product-description\">\n<h2>Kit de conversie cu cataram\u0103 COBRA\u00ae pentru centura GRID\u2122<\/h2>\n<p>\u00cembun\u0103t\u0103\u021bi\u021bi centura GRID\u2122 cu kitul nostru de conversie cu cataram\u0103 COBRA\u00ae, care include catarama COBRA\u00ae ProStyle brevetat\u0103 de nou\u0103 genera\u021bie. Acest kit adaug\u0103 func\u021bionalitatea de eliberare rapid\u0103 \u0219i un aspect robust centurii dumneavoastr\u0103.<\/p>\n<h3>Caracteristici principale:<\/h3>\n<ul>\n<li>Sistem de blocare adaptat pentru o \u00eenchidere lin\u0103 \u0219i prevenirea deschiderii accidentale<\/li>\n<li>\u00cendepline\u0219te standardele ANSI \u0219i CSA<\/li>\n<li>Certificat pentru teste de cea\u021b\u0103 salin\u0103 \u0219i nisip \u00een mi\u0219care<\/li>\n<li>Func\u021bionalitate de eliberare rapid\u0103 pentru comoditate suplimentar\u0103<\/li>\n<\/ul>\n<p><strong>Not\u0103:<\/strong> Acest kit de \u00eembun\u0103t\u0103\u021bire nu adaug\u0103 capacit\u0103\u021bi de suportare a greut\u0103\u021bii centurii GRID. Pentru op\u021biuni cu capacitate de \u00eenc\u0103rcare, v\u0103 rug\u0103m s\u0103 lua\u021bi \u00een considerare centura noastr\u0103 CHLK.<\/p>\n<\/div>\n","protected":false},"excerpt":{"rendered":"<p>Kit de cataram\u0103 COBRA\u00ae: Upgrade cu eliberare rapid\u0103 pentru centura GRID\u2122. Sigur, elegant.<\/p>\n","protected":false},"featured_media":49610,"template":"","meta":{"_acf_changed":false},"product_brand":[],"product_cat":[12781,12762],"product_tag":[],"class_list":{"0":"post-49607","1":"product","2":"type-product","3":"status-publish","4":"has-post-thumbnail","6":"product_cat-curele-tactice","7":"product_cat-echipament","9":"first","10":"instock","11":"taxable","12":"shipping-taxable","13":"purchasable","14":"product-type-variable","15":"wvs-archive-product-wrapper"},"acf":[],"_links":{"self":[{"href":"https:\/\/staging.nbg.eu\/ro\/wp-json\/wp\/v2\/product\/49607","targetHints":{"allow":["GET"]}}],"collection":[{"href":"https:\/\/staging.nbg.eu\/ro\/wp-json\/wp\/v2\/product"}],"about":[{"href":"https:\/\/staging.nbg.eu\/ro\/wp-json\/wp\/v2\/types\/product"}],"wp:featuredmedia":[{"embeddable":true,"href":"https:\/\/staging.nbg.eu\/ro\/wp-json\/wp\/v2\/media\/49610"}],"wp:attachment":[{"href":"https:\/\/staging.nbg.eu\/ro\/wp-json\/wp\/v2\/media?parent=49607"}],"wp:term":[{"taxonomy":"product_brand","embeddable":true,"href":"https:\/\/staging.nbg.eu\/ro\/wp-json\/wp\/v2\/product_brand?post=49607"},{"taxonomy":"product_cat","embeddable":true,"href":"https:\/\/staging.nbg.eu\/ro\/wp-json\/wp\/v2\/product_cat?post=49607"},{"taxonomy":"product_tag","embeddable":true,"href":"https:\/\/staging.nbg.eu\/ro\/wp-json\/wp\/v2\/product_tag?post=49607"}],"curies":[{"name":"wp","href":"https:\/\/api.w.org\/{rel}","templated":true}]}}