{"id":49490,"date":"2024-07-29T18:42:30","date_gmt":"2024-09-12T16:13:22","guid":{"rendered":"https:\/\/staging.nbg.eu\/product\/large-utility-dapper-pouch\/"},"modified":"2024-09-12T16:14:21","modified_gmt":"2024-09-12T16:14:21","slug":"geanta-utilitara-mare-dapper","status":"publish","type":"product","link":"https:\/\/staging.nbg.eu\/ro\/produs\/geanta-utilitara-mare-dapper\/","title":{"rendered":"Geanta Utilitara Mare Dapper"},"content":{"rendered":"<div class=\"product-description\">\n<h2>Geant\u0103 mare util\u0103<\/h2>\n<p>Geanta noastr\u0103 mare util\u0103 este conceput\u0103 pentru a \u021bine majoritatea obiectelor de zi cu zi \u0219i echipamentelor. De la \u00eenc\u0103rc\u0103toare \u0219i echipamente computerizate la consumabile medicale \u0219i unelte, aceast\u0103 geant\u0103 versatil\u0103 le poate con\u021bine.<\/p>\n<ul>\n<li>Instalare \u0219i \u00eendep\u0103rtare rapid\u0103 pe orice suprafa\u021b\u0103 cu bucl\u0103<\/li>\n<li>Dou\u0103 fermoare albastre pentru acces u\u0219or<\/li>\n<li>M\u00e2ner superior din cauciuc pentru transport comod<\/li>\n<li>Partea superioar\u0103 transparent\u0103 pentru vizibilitatea con\u021binutului<\/li>\n<li>Suprafa\u021b\u0103 interioar\u0103 cu bucl\u0103 pentru op\u021biuni suplimentare de organizare<\/li>\n<li>Cu c\u00e2rlig pe spate pentru montare pe diverse suprafe\u021be<\/li>\n<\/ul>\n<p>Potrivit\u0103 pentru utilizare cu rucsacuri, inser\u021bii sau aplica\u021bii personalizate. \u00cembun\u0103t\u0103\u021bi\u021bi organizarea echipamentului dumneavoastr\u0103.<\/p>\n<\/div>\n","protected":false},"excerpt":{"rendered":"<p>Buzunar versatil \u0219i deta\u0219abil pentru echipamentul zilnic \u0219i lucrurile esen\u021biale pentru misiune.<\/p>\n","protected":false},"featured_media":49494,"template":"","meta":{"_acf_changed":false},"product_brand":[11140],"product_cat":[12762,12753],"product_tag":[],"class_list":{"0":"post-49490","1":"product","2":"type-product","3":"status-publish","4":"has-post-thumbnail","6":"product_brand-blue-force-gear","7":"product_cat-echipament","8":"product_cat-genti-tactice","10":"first","11":"instock","12":"taxable","13":"shipping-taxable","14":"purchasable","15":"product-type-simple"},"acf":[],"_links":{"self":[{"href":"https:\/\/staging.nbg.eu\/ro\/wp-json\/wp\/v2\/product\/49490","targetHints":{"allow":["GET"]}}],"collection":[{"href":"https:\/\/staging.nbg.eu\/ro\/wp-json\/wp\/v2\/product"}],"about":[{"href":"https:\/\/staging.nbg.eu\/ro\/wp-json\/wp\/v2\/types\/product"}],"wp:featuredmedia":[{"embeddable":true,"href":"https:\/\/staging.nbg.eu\/ro\/wp-json\/wp\/v2\/media\/49494"}],"wp:attachment":[{"href":"https:\/\/staging.nbg.eu\/ro\/wp-json\/wp\/v2\/media?parent=49490"}],"wp:term":[{"taxonomy":"product_brand","embeddable":true,"href":"https:\/\/staging.nbg.eu\/ro\/wp-json\/wp\/v2\/product_brand?post=49490"},{"taxonomy":"product_cat","embeddable":true,"href":"https:\/\/staging.nbg.eu\/ro\/wp-json\/wp\/v2\/product_cat?post=49490"},{"taxonomy":"product_tag","embeddable":true,"href":"https:\/\/staging.nbg.eu\/ro\/wp-json\/wp\/v2\/product_tag?post=49490"}],"curies":[{"name":"wp","href":"https:\/\/api.w.org\/{rel}","templated":true}]}}