{"id":49263,"date":"2024-07-29T18:45:25","date_gmt":"2024-09-12T16:09:06","guid":{"rendered":"https:\/\/staging.nbg.eu\/product\/ten-speed-single-m4-mag-pouch\/"},"modified":"2024-09-12T16:10:15","modified_gmt":"2024-09-12T16:10:15","slug":"portincarcator-ten-speed-single-m4","status":"publish","type":"product","link":"https:\/\/staging.nbg.eu\/ro\/produs\/portincarcator-ten-speed-single-m4\/","title":{"rendered":"Portincarcator Ten-Speed Single M4"},"content":{"rendered":"<div class=\"product-description\">\n<h2>Suport pentru un \u00eenc\u0103rc\u0103tor M4 Ten-Speed\u00ae<\/h2>\n<p>Acest suport u\u0219or \u021bine un \u00eenc\u0103rc\u0103tor M4 sau obiecte de dimensiuni similare. Realizat din elastic de calitate militar\u0103 \u0219i ULTRAcomp\u2122, st\u0103 plat c\u00e2nd este gol.<\/p>\n<h3>Caracteristici principale:<\/h3>\n<ul>\n<li>Sistem de ata\u0219are Helium Whisper\u00ae<\/li>\n<li>Compatibil MOLLE<\/li>\n<li>Cu 60% mai u\u0219or dec\u00e2t suporturile tradi\u021bionale<\/li>\n<li>Laminat rezistent<\/li>\n<li>Reten\u021bie \u0219i durabilitate optimizate<\/li>\n<\/ul>\n<h3>Specifica\u021bii:<\/h3>\n<ul>\n<li>Dimensiuni: 0,3175 cm x 7,62 cm x 15,24 cm<\/li>\n<li>C\u00e2mp MOLLE: 3 x 2<\/li>\n<li>Materiale: Elastic Ten-Speed\u00ae, laminat ULTRAcomp\u2122<\/li>\n<\/ul>\n<p>Acest suport este potrivit pentru uz militar, for\u021be de ordine \u0219i amatori de echipamente tactice.<\/p>\n<\/div>\n","protected":false},"excerpt":{"rendered":"<p>Port\u00eenc\u0103rc\u0103tor M4 u\u0219or \u0219i sigur. Acces rapid, profil plat.<\/p>\n","protected":false},"featured_media":49272,"template":"","meta":{"_acf_changed":false},"product_brand":[11140],"product_cat":[12762,12753,12738],"product_tag":[],"class_list":{"0":"post-49263","1":"product","2":"type-product","3":"status-publish","4":"has-post-thumbnail","6":"product_brand-blue-force-gear","7":"product_cat-echipament","8":"product_cat-genti-tactice","9":"product_cat-suporturi-pentru-incarcatoare","11":"first","12":"instock","13":"taxable","14":"shipping-taxable","15":"purchasable","16":"product-type-variable","17":"wvs-archive-product-wrapper"},"acf":[],"_links":{"self":[{"href":"https:\/\/staging.nbg.eu\/ro\/wp-json\/wp\/v2\/product\/49263","targetHints":{"allow":["GET"]}}],"collection":[{"href":"https:\/\/staging.nbg.eu\/ro\/wp-json\/wp\/v2\/product"}],"about":[{"href":"https:\/\/staging.nbg.eu\/ro\/wp-json\/wp\/v2\/types\/product"}],"wp:featuredmedia":[{"embeddable":true,"href":"https:\/\/staging.nbg.eu\/ro\/wp-json\/wp\/v2\/media\/49272"}],"wp:attachment":[{"href":"https:\/\/staging.nbg.eu\/ro\/wp-json\/wp\/v2\/media?parent=49263"}],"wp:term":[{"taxonomy":"product_brand","embeddable":true,"href":"https:\/\/staging.nbg.eu\/ro\/wp-json\/wp\/v2\/product_brand?post=49263"},{"taxonomy":"product_cat","embeddable":true,"href":"https:\/\/staging.nbg.eu\/ro\/wp-json\/wp\/v2\/product_cat?post=49263"},{"taxonomy":"product_tag","embeddable":true,"href":"https:\/\/staging.nbg.eu\/ro\/wp-json\/wp\/v2\/product_tag?post=49263"}],"curies":[{"name":"wp","href":"https:\/\/api.w.org\/{rel}","templated":true}]}}