{"id":48860,"date":"2024-07-29T18:47:29","date_gmt":"2024-09-12T15:58:02","guid":{"rendered":"https:\/\/staging.nbg.eu\/product\/ten-speed-triple-m4-mag-pouch\/"},"modified":"2024-09-12T15:59:04","modified_gmt":"2024-09-12T15:59:04","slug":"portincarcator-ten-speed-triple-m4","status":"publish","type":"product","link":"https:\/\/staging.nbg.eu\/ro\/produs\/portincarcator-ten-speed-triple-m4\/","title":{"rendered":"Portincarcator Ten-Speed Triple M4"},"content":{"rendered":"<div class=\"product-description\">\n<h2>Portinc\u0103rc\u0103tor triplu Ten-Speed\u00ae M4 de la BFG<\/h2>\n<p>Acest portinc\u0103rc\u0103tor u\u0219or \u021bine trei \u00eenc\u0103rc\u0103toare AR\/M4 sau M16. Este fabricat din elastic de calitate militar\u0103 \u0219i laminat ULTRAcomp\u00ae, devenind plat c\u00e2nd este gol.<\/p>\n<ul>\n<li>Compatibil cu \u00eenc\u0103rc\u0103toare din polimer sau metal<\/li>\n<li>Design multifunc\u021bional pentru materiale medicale, grenade flash, etc.<\/li>\n<li>Compatibil MOLLE cu sistem de ata\u0219are Helium Whisper\u00ae<\/li>\n<li>Dimensiuni: 0,3175 cm x 22,86 cm x 15,24 cm<\/li>\n<li>Necesit\u0103 c\u00e2mp MOLLE de 3 x 6<\/li>\n<\/ul>\n<p>Portinc\u0103rc\u0103torul este potrivit pentru uz militar, for\u021be de ordine \u0219i entuzia\u0219ti tactici.<\/p>\n<\/div>\n","protected":false},"excerpt":{"rendered":"<p>S\u0103cule\u021b MOLLE u\u0219or \u0219i flexibil pentru 3 \u00eenc\u0103rc\u0103toare AR\/M4 sau obiecte similare.<\/p>\n","protected":false},"featured_media":48870,"template":"","meta":{"_acf_changed":false},"product_brand":[11140],"product_cat":[12762,12753,12738],"product_tag":[],"class_list":{"0":"post-48860","1":"product","2":"type-product","3":"status-publish","4":"has-post-thumbnail","6":"product_brand-blue-force-gear","7":"product_cat-echipament","8":"product_cat-genti-tactice","9":"product_cat-suporturi-pentru-incarcatoare","11":"first","12":"instock","13":"taxable","14":"shipping-taxable","15":"purchasable","16":"product-type-simple"},"acf":[],"_links":{"self":[{"href":"https:\/\/staging.nbg.eu\/ro\/wp-json\/wp\/v2\/product\/48860","targetHints":{"allow":["GET"]}}],"collection":[{"href":"https:\/\/staging.nbg.eu\/ro\/wp-json\/wp\/v2\/product"}],"about":[{"href":"https:\/\/staging.nbg.eu\/ro\/wp-json\/wp\/v2\/types\/product"}],"wp:featuredmedia":[{"embeddable":true,"href":"https:\/\/staging.nbg.eu\/ro\/wp-json\/wp\/v2\/media\/48870"}],"wp:attachment":[{"href":"https:\/\/staging.nbg.eu\/ro\/wp-json\/wp\/v2\/media?parent=48860"}],"wp:term":[{"taxonomy":"product_brand","embeddable":true,"href":"https:\/\/staging.nbg.eu\/ro\/wp-json\/wp\/v2\/product_brand?post=48860"},{"taxonomy":"product_cat","embeddable":true,"href":"https:\/\/staging.nbg.eu\/ro\/wp-json\/wp\/v2\/product_cat?post=48860"},{"taxonomy":"product_tag","embeddable":true,"href":"https:\/\/staging.nbg.eu\/ro\/wp-json\/wp\/v2\/product_tag?post=48860"}],"curies":[{"name":"wp","href":"https:\/\/api.w.org\/{rel}","templated":true}]}}