{"id":48688,"date":"2024-07-29T19:00:12","date_gmt":"2024-09-12T15:53:56","guid":{"rendered":"https:\/\/staging.nbg.eu\/product\/ten-speed-single-pistol-mag-pouch\/"},"modified":"2024-09-12T15:55:00","modified_gmt":"2024-09-12T15:55:00","slug":"portincarcator-ten-speed-single-pentru-pistol","status":"publish","type":"product","link":"https:\/\/staging.nbg.eu\/ro\/produs\/portincarcator-ten-speed-single-pentru-pistol\/","title":{"rendered":"Portincarcator Ten-Speed Single pentru Pistol"},"content":{"rendered":"<h2>Toc pentru un \u00eenc\u0103rc\u0103tor de pistol Ten-Speed\u00ae<\/h2>\n<p>Tocul nostru Ten-Speed\u00ae pentru un \u00eenc\u0103rc\u0103tor de pistol este conceput pentru operatorul tactic modern. Acest toc versatil poate g\u0103zdui:<\/p>\n<ul>\n<li>\u00cenc\u0103rc\u0103toare de pistol cu stiv\u0103 simpl\u0103 sau dubl\u0103 (p\u00e2n\u0103 la HK 45)<\/li>\n<li>Unelte multifunc\u021bionale<\/li>\n<li>Lanterne<\/li>\n<li>Cu\u021bite<\/li>\n<li>Spray-uri OC mici<\/li>\n<\/ul>\n<p>Cu elastic de calitate militar\u0103 \u0219i construc\u021bie ULTRAcomp\u2122, acest toc u\u0219or st\u0103 plat c\u00e2nd nu este utilizat. Sistemul de ata\u0219are Helium Whisper\u00ae asigur\u0103 compatibilitatea MOLLE \u0219i reduce greutatea cu p\u00e2n\u0103 la 60% f\u0103r\u0103 a compromite durabilitatea.<\/p>\n<p>Dimensiuni: 0,3175 cm x 5,08 cm x 10,16 cm (necesar un c\u00e2mp MOLLE de 2&#215;1)<\/p>\n<p>Ofer\u0103 reten\u021bie \u0219i durabilitate \u00eembun\u0103t\u0103\u021bite datorit\u0103 noilor materiale utilizate.<\/p>\n","protected":false},"excerpt":{"rendered":"<p>Toc pentru \u00eenc\u0103rc\u0103tor de pistol ultra-u\u0219or, cu acces rapid, pentru \u00eenc\u0103rc\u0103toare cu stiv\u0103 simpl\u0103 sau dubl\u0103.<\/p>\n","protected":false},"featured_media":33960,"template":"","meta":{"_acf_changed":false},"product_brand":[11140],"product_cat":[12762,12753,12738],"product_tag":[],"class_list":{"0":"post-48688","1":"product","2":"type-product","3":"status-publish","4":"has-post-thumbnail","6":"product_brand-blue-force-gear","7":"product_cat-echipament","8":"product_cat-genti-tactice","9":"product_cat-suporturi-pentru-incarcatoare","11":"first","12":"instock","13":"taxable","14":"shipping-taxable","15":"purchasable","16":"product-type-variable","17":"wvs-archive-product-wrapper"},"acf":[],"_links":{"self":[{"href":"https:\/\/staging.nbg.eu\/ro\/wp-json\/wp\/v2\/product\/48688","targetHints":{"allow":["GET"]}}],"collection":[{"href":"https:\/\/staging.nbg.eu\/ro\/wp-json\/wp\/v2\/product"}],"about":[{"href":"https:\/\/staging.nbg.eu\/ro\/wp-json\/wp\/v2\/types\/product"}],"wp:featuredmedia":[{"embeddable":true,"href":"https:\/\/staging.nbg.eu\/ro\/wp-json\/wp\/v2\/media\/33960"}],"wp:attachment":[{"href":"https:\/\/staging.nbg.eu\/ro\/wp-json\/wp\/v2\/media?parent=48688"}],"wp:term":[{"taxonomy":"product_brand","embeddable":true,"href":"https:\/\/staging.nbg.eu\/ro\/wp-json\/wp\/v2\/product_brand?post=48688"},{"taxonomy":"product_cat","embeddable":true,"href":"https:\/\/staging.nbg.eu\/ro\/wp-json\/wp\/v2\/product_cat?post=48688"},{"taxonomy":"product_tag","embeddable":true,"href":"https:\/\/staging.nbg.eu\/ro\/wp-json\/wp\/v2\/product_tag?post=48688"}],"curies":[{"name":"wp","href":"https:\/\/api.w.org\/{rel}","templated":true}]}}