{"id":48651,"date":"2024-07-29T19:02:28","date_gmt":"2024-09-12T15:50:12","guid":{"rendered":"https:\/\/staging.nbg.eu\/product\/ten-speed-single-308-mag-pouch\/"},"modified":"2024-09-12T15:51:10","modified_gmt":"2024-09-12T15:51:10","slug":"portincarcator-ten-speed-single-308","status":"publish","type":"product","link":"https:\/\/staging.nbg.eu\/ro\/produs\/portincarcator-ten-speed-single-308\/","title":{"rendered":"Portincarcator Ten-Speed Single 308"},"content":{"rendered":"<div class=\"product-description\">\n<h2>Buzunar Individual Ten-Speed\u00ae pentru \u00cenc\u0103rc\u0103tor 308 Mag<\/h2>\n<p>Solu\u021bie pentru transportul \u00eenc\u0103rc\u0103toarelor de .308 \u0219i altele. Acest buzunar versatil g\u0103zduie\u0219te un \u00eenc\u0103rc\u0103tor .308 (compatibil cu SR-25, SIG 716, M110, FAL, SCAR-17, NGSW, XM7) sau obiecte de dimensiuni similare precum materiale de prim ajutor, radiouri mici sau dispozitive GPS.<\/p>\n<h3>Caracteristici principale:<\/h3>\n<ul>\n<li>Design u\u0219or \u0219i profil redus<\/li>\n<li>Elastic de calitate militar\u0103 \u0219i laminat ULTRAcomp\u2122<\/li>\n<li>Sistem de ata\u0219are patentat Helium Whisper\u00ae<\/li>\n<li>Compatibil MOLLE<\/li>\n<li>Reten\u021bie \u0219i durabilitate \u00eembun\u0103t\u0103\u021bite<\/li>\n<li>C\u00e2nt\u0103re\u0219te cu 60% mai pu\u021bin dec\u00e2t buzunarele tradi\u021bionale<\/li>\n<\/ul>\n<p>Buzunarul Ten-Speed\u00ae Individual pentru \u00cenc\u0103rc\u0103tor 308 Mag combin\u0103 viteza cu siguran\u021ba.<\/p>\n<\/div>\n","protected":false},"excerpt":{"rendered":"<p>Hus\u0103 u\u0219oar\u0103 \u0219i versatil\u0103 pentru calibrul .308, cu re\u021binere elastic\u0103 sigur\u0103.<\/p>\n","protected":false},"featured_media":48654,"template":"","meta":{"_acf_changed":false},"product_brand":[11140],"product_cat":[12762,12753,12738],"product_tag":[],"class_list":{"0":"post-48651","1":"product","2":"type-product","3":"status-publish","4":"has-post-thumbnail","6":"product_brand-blue-force-gear","7":"product_cat-echipament","8":"product_cat-genti-tactice","9":"product_cat-suporturi-pentru-incarcatoare","11":"first","12":"instock","13":"taxable","14":"shipping-taxable","15":"purchasable","16":"product-type-simple"},"acf":[],"_links":{"self":[{"href":"https:\/\/staging.nbg.eu\/ro\/wp-json\/wp\/v2\/product\/48651","targetHints":{"allow":["GET"]}}],"collection":[{"href":"https:\/\/staging.nbg.eu\/ro\/wp-json\/wp\/v2\/product"}],"about":[{"href":"https:\/\/staging.nbg.eu\/ro\/wp-json\/wp\/v2\/types\/product"}],"wp:featuredmedia":[{"embeddable":true,"href":"https:\/\/staging.nbg.eu\/ro\/wp-json\/wp\/v2\/media\/48654"}],"wp:attachment":[{"href":"https:\/\/staging.nbg.eu\/ro\/wp-json\/wp\/v2\/media?parent=48651"}],"wp:term":[{"taxonomy":"product_brand","embeddable":true,"href":"https:\/\/staging.nbg.eu\/ro\/wp-json\/wp\/v2\/product_brand?post=48651"},{"taxonomy":"product_cat","embeddable":true,"href":"https:\/\/staging.nbg.eu\/ro\/wp-json\/wp\/v2\/product_cat?post=48651"},{"taxonomy":"product_tag","embeddable":true,"href":"https:\/\/staging.nbg.eu\/ro\/wp-json\/wp\/v2\/product_tag?post=48651"}],"curies":[{"name":"wp","href":"https:\/\/api.w.org\/{rel}","templated":true}]}}