{"id":48564,"date":"2024-07-30T17:57:46","date_gmt":"2024-07-30T17:57:46","guid":{"rendered":"https:\/\/staging.nbg.eu\/product\/red-dot-sight-holosun-hs503gu\/"},"modified":"2024-09-12T15:42:51","modified_gmt":"2024-09-12T15:42:51","slug":"dispozitiv-de-ochire-red-dot-holosun-hs503gu","status":"publish","type":"product","link":"https:\/\/staging.nbg.eu\/ro\/produs\/dispozitiv-de-ochire-red-dot-holosun-hs503gu\/","title":{"rendered":"Dispozitiv de Ochire Red Dot Holosun HS503GU"},"content":{"rendered":"<h2>Holosun HS503GU Dispozitiv de ochire cu punct ro\u0219u<\/h2>\n<p>Holosun HS503GU Dispozitiv de ochire cu punct ro\u0219u are urm\u0103toarele caracteristici:<\/p>\n<ul>\n<li>Reticul cu cerc \u0219i punct, cu punct de 2 MOA \u0219i cerc de 65 MOA<\/li>\n<li>Amplasarea bateriei \u00eentr-un turret cu \u0219urub<\/li>\n<li>Design de protec\u021bie pentru turretele de reglare pe orizontal\u0103 \u0219i vertical\u0103<\/li>\n<li>Durata de via\u021b\u0103 a bateriei p\u00e2n\u0103 la 2 ani cu utilizare constant\u0103<\/li>\n<li>Func\u021bie de pornire\/oprire activat\u0103 de mi\u0219care<\/li>\n<li>Tehnologie LED<\/li>\n<li>Pozi\u021bionare off-axis a lentilei pentru reflexia luminii<\/li>\n<li>Construc\u021bie din aluminiu u\u0219or (0,18 kg)<\/li>\n<li>Dimensiuni compacte: 6,6 cm L x 3,8 cm l x 6,9 cm \u00ce<\/li>\n<li>M\u0103rire 1x pentru achizi\u021bionarea rapid\u0103 a \u021bintei<\/li>\n<li>Compatibilitate cu montur\u0103 Picatinny<\/li>\n<\/ul>\n<p>HS503GU este potrivit pentru v\u00e2n\u0103toare \u0219i sporturi de tir tactic. Ofer\u0103 precizie \u0219i durabilitate.<\/p>\n","protected":false},"excerpt":{"rendered":"<p>Dispozitiv compact de ochire cu punct ro\u0219u \u0219i reticul circular, cu durat\u0103 mare de via\u021b\u0103 a bateriei.<\/p>\n","protected":false},"featured_media":48565,"template":"","meta":{"_acf_changed":false},"product_brand":[11435],"product_cat":[12771,12772,12805],"product_tag":[],"class_list":{"0":"post-48564","1":"product","2":"type-product","3":"status-publish","4":"has-post-thumbnail","6":"product_brand-holosun","7":"product_cat-ochire","8":"product_cat-puncte-rosii","9":"product_cat-puncte-rosii-pusca","11":"first","12":"outofstock","13":"taxable","14":"shipping-taxable","15":"purchasable","16":"product-type-simple"},"acf":[],"_links":{"self":[{"href":"https:\/\/staging.nbg.eu\/ro\/wp-json\/wp\/v2\/product\/48564","targetHints":{"allow":["GET"]}}],"collection":[{"href":"https:\/\/staging.nbg.eu\/ro\/wp-json\/wp\/v2\/product"}],"about":[{"href":"https:\/\/staging.nbg.eu\/ro\/wp-json\/wp\/v2\/types\/product"}],"wp:featuredmedia":[{"embeddable":true,"href":"https:\/\/staging.nbg.eu\/ro\/wp-json\/wp\/v2\/media\/48565"}],"wp:attachment":[{"href":"https:\/\/staging.nbg.eu\/ro\/wp-json\/wp\/v2\/media?parent=48564"}],"wp:term":[{"taxonomy":"product_brand","embeddable":true,"href":"https:\/\/staging.nbg.eu\/ro\/wp-json\/wp\/v2\/product_brand?post=48564"},{"taxonomy":"product_cat","embeddable":true,"href":"https:\/\/staging.nbg.eu\/ro\/wp-json\/wp\/v2\/product_cat?post=48564"},{"taxonomy":"product_tag","embeddable":true,"href":"https:\/\/staging.nbg.eu\/ro\/wp-json\/wp\/v2\/product_tag?post=48564"}],"curies":[{"name":"wp","href":"https:\/\/api.w.org\/{rel}","templated":true}]}}