{"id":48442,"date":"2024-07-30T17:59:23","date_gmt":"2024-09-12T15:33:15","guid":{"rendered":"https:\/\/staging.nbg.eu\/product\/red-dot-sight-holosun-he508t-rd-x2\/"},"modified":"2024-09-12T15:34:04","modified_gmt":"2024-09-12T15:34:04","slug":"dispozitiv-de-ochire-red-dot-holosun-he508t-rd-x2","status":"publish","type":"product","link":"https:\/\/staging.nbg.eu\/ro\/produs\/dispozitiv-de-ochire-red-dot-holosun-he508t-rd-x2\/","title":{"rendered":"Dispozitiv de Ochire Red Dot Holosun HE508T-RD-X2"},"content":{"rendered":"<div class=\"product-description\">\n<h2>Holosun HE508T-RD X2 Sight cu Punct Ro\u0219u<\/h2>\n<p>Holosun HE508T-RD X2 este un sight reflex deschis pentru aplica\u021bii solicitante. Acest dispozitiv optic combin\u0103 durabilitatea, versatilitatea \u0219i tehnologia pentru a oferi performan\u021b\u0103 \u00een orice situa\u021bie.<\/p>\n<h2>Caracteristici principale:<\/h2>\n<ul>\n<li><strong>Construc\u021bie din Titan:<\/strong> Carcas\u0103 din titan de grad 5 pentru durabilitate \u0219i greutate redus\u0103.<\/li>\n<li><strong>Sistem Multi-Reticul (MRS):<\/strong> Op\u021biuni \u00eentre un punct de 2 MOA, cerc de 32 MOA, sau o combina\u021bie cerc-punct.<\/li>\n<li><strong>Durat\u0103 baterie:<\/strong> P\u00e2n\u0103 la 50.000 de ore de la o singur\u0103 baterie CR1632 la setarea 6.<\/li>\n<li><strong>Siguran\u021b\u0103 Solar\u0103:<\/strong> Asigur\u0103 func\u021bionarea continu\u0103 chiar dac\u0103 bateria se descarc\u0103.<\/li>\n<li><strong>Tehnologie Shake Awake:<\/strong> Conserv\u0103 bateria activ\u00e2nd sight-ul c\u00e2nd este detectat\u0103 mi\u0219care.<\/li>\n<li><strong>Mod Blocare:<\/strong> Previne schimb\u0103ri accidentale ale set\u0103rilor \u00een timpul utiliz\u0103rii.<\/li>\n<li><strong>Compatibilitate cu Vedere Nocturn\u0103:<\/strong> Dou\u0103 din cele 12 set\u0103ri de luminozitate sunt optimizate pentru dispozitive de vedere nocturn\u0103.<\/li>\n<\/ul>\n<h2>Specifica\u021bii Tehnice:<\/h2>\n<ul>\n<li>Dimensiune Fereastr\u0103: 0,63&#8243; x 0,91&#8243;<\/li>\n<li>Dimensiuni: 1,78&#8243; x 1,15&#8243; x 1,15&#8243;<\/li>\n<li>Greutate: 2 oz<\/li>\n<li>Ajustare per Click: 1 MOA<\/li>\n<li>Interval de Ajustare Lateral\u0103 \u0219i Vertical\u0103: \u00b150 MOA<\/li>\n<li>Temperatur\u0103 de Operare: -30\u00b0C p\u00e2n\u0103 la 60\u00b0C<\/li>\n<li>Rezisten\u021b\u0103 la Ap\u0103: Clasificare IP67<\/li>\n<li>Rezisten\u021b\u0103 la Vibra\u021bii: 5000G<\/li>\n<\/ul>\n<p>Holosun HE508T-RD X2 este proiectat s\u0103 reziste \u00een condi\u021bii dificile, oferind o imagine clar\u0103 \u0219i achizi\u021bie rapid\u0103 a \u021bintei. Designul f\u0103r\u0103 paralax\u0103 \u0219i distan\u021ba nelimitat\u0103 pentru ochi \u00eel fac potrivit pentru scenarii de tragere rapid\u0103. Compartimentul bateriei permite schimbarea u\u0219oar\u0103 f\u0103r\u0103 a \u00eendep\u0103rta sight-ul de pe arm\u0103.<\/p>\n<p>HE508T-RD X2 ofer\u0103 fiabilitate, precizie \u0219i versatilitate pentru tr\u0103g\u0103tori competitivi, profesioni\u0219ti \u00een aplicarea legii sau entuzia\u0219ti ai armelor de foc.<\/p>\n<\/div>\n","protected":false},"excerpt":{"rendered":"<p>Dispozitiv de ochire deschis din titan pentru pistoale. Reticul multiplu, durat\u0103 lung\u0103 de via\u021b\u0103 a bateriei.<\/p>\n","protected":false},"featured_media":48443,"template":"","meta":{"_acf_changed":false},"product_brand":[11435],"product_cat":[12771,12752,12751,12772],"product_tag":[],"class_list":{"0":"post-48442","1":"product","2":"type-product","3":"status-publish","4":"has-post-thumbnail","6":"product_brand-holosun","7":"product_cat-ochire","8":"product_cat-pistol","9":"product_cat-puncte-pentru-pistoale","10":"product_cat-puncte-rosii","12":"first","13":"instock","14":"taxable","15":"shipping-taxable","16":"purchasable","17":"product-type-simple"},"acf":[],"_links":{"self":[{"href":"https:\/\/staging.nbg.eu\/ro\/wp-json\/wp\/v2\/product\/48442","targetHints":{"allow":["GET"]}}],"collection":[{"href":"https:\/\/staging.nbg.eu\/ro\/wp-json\/wp\/v2\/product"}],"about":[{"href":"https:\/\/staging.nbg.eu\/ro\/wp-json\/wp\/v2\/types\/product"}],"wp:featuredmedia":[{"embeddable":true,"href":"https:\/\/staging.nbg.eu\/ro\/wp-json\/wp\/v2\/media\/48443"}],"wp:attachment":[{"href":"https:\/\/staging.nbg.eu\/ro\/wp-json\/wp\/v2\/media?parent=48442"}],"wp:term":[{"taxonomy":"product_brand","embeddable":true,"href":"https:\/\/staging.nbg.eu\/ro\/wp-json\/wp\/v2\/product_brand?post=48442"},{"taxonomy":"product_cat","embeddable":true,"href":"https:\/\/staging.nbg.eu\/ro\/wp-json\/wp\/v2\/product_cat?post=48442"},{"taxonomy":"product_tag","embeddable":true,"href":"https:\/\/staging.nbg.eu\/ro\/wp-json\/wp\/v2\/product_tag?post=48442"}],"curies":[{"name":"wp","href":"https:\/\/api.w.org\/{rel}","templated":true}]}}