{"id":48270,"date":"2024-07-30T18:00:01","date_gmt":"2024-09-12T15:21:19","guid":{"rendered":"https:\/\/staging.nbg.eu\/product\/red-dot-sight-holosun-hs507k\/"},"modified":"2024-09-12T15:22:08","modified_gmt":"2024-09-12T15:22:08","slug":"dispozitiv-de-ochire-red-dot-holosun-hs507k","status":"publish","type":"product","link":"https:\/\/staging.nbg.eu\/ro\/produs\/dispozitiv-de-ochire-red-dot-holosun-hs507k\/","title":{"rendered":"Dispozitiv de Ochire Red Dot Holosun HS507K"},"content":{"rendered":"<h2>Holosun HS507K X2 Sight cu punct ro\u0219u<\/h2>\n<p>Holosun HS507K X2 este un sight optic reflex deschis conceput pentru aplica\u021bii pe pistoale subcompacte. Acest sight include modul de blocare, o func\u021bie care securizeaz\u0103 set\u0103rile butoanelor pentru a preveni modific\u0103rile accidentale.<\/p>\n<h2>Caracteristici principale:<\/h2>\n<ul>\n<li>LED ro\u0219u cu durat\u0103 de via\u021b\u0103 a bateriei de p\u00e2n\u0103 la 50.000 de ore<\/li>\n<li>Sistem multi-reticul: Cerc cu punct, Punct 2 MOA \u0219i Cerc 32 MOA<\/li>\n<li>Tehnologie Shake Awake pentru activare instantanee<\/li>\n<li>Carcas\u0103 din aluminiu 7075<\/li>\n<li>Compartiment lateral pentru \u00eenlocuirea u\u0219oar\u0103 a bateriei 1632<\/li>\n<li>Compatibil cu P365X\/XL (plac\u0103 adaptor necesar\u0103 pentru glisiere cu interfa\u021b\u0103 cu patru \u0219tifturi)<\/li>\n<\/ul>\n<h2>Specifica\u021bii:<\/h2>\n<ul>\n<li>12 set\u0103ri de luminozitate: 10 pentru lumina zilei \u0219i 2 compatibile cu vedere nocturn\u0103<\/li>\n<li>F\u0103r\u0103 paralax\u0103 \u0219i relief ocular nelimitat<\/li>\n<li>Clasificare impermeabil\u0103 IP67<\/li>\n<li>Dimensiunea ferestrei: 0,58&#8243; x 0,77&#8243;<\/li>\n<li>Dimensiuni: 1,6&#8243; x 0,98&#8243; x 0,95&#8243;<\/li>\n<li>Greutate: 28 grame<\/li>\n<li>Ajustare click 1 MOA<\/li>\n<li>Interval de reglare deriva \u0219i eleva\u021bie \u00b130 MOA<\/li>\n<li>Temperatura de func\u021bionare: -20\u00b0C p\u00e2n\u0103 la 51\u00b0C<\/li>\n<li>Temperatura de depozitare: -20\u00b0C p\u00e2n\u0103 la 65\u00b0C<\/li>\n<li>Rezisten\u021b\u0103 la vibra\u021bii: 5000G<\/li>\n<\/ul>\n<p>HS507K X2 este destinat armelor pentru port ascuns (CCW), oferind o solu\u021bie compact\u0103 pentru achizi\u021bia \u021bintei. Construc\u021bia sa \u0219i caracteristicile sale \u00eel fac o alegere pentru entuzia\u0219tii \u0219i profesioni\u0219tii \u00een arme de foc. HS507K X2 ofer\u0103 precizie \u00eembun\u0103t\u0103\u021bit\u0103 \u0219i achizi\u021bie mai rapid\u0103 a \u021bintei.<\/p>\n","protected":false},"excerpt":{"rendered":"<p>Dispozitiv compact de ochire cu punct ro\u0219u pentru pistoale. Reticul multiplu, durat\u0103 lung\u0103 de via\u021b\u0103 a bateriei, durabil.<\/p>\n","protected":false},"featured_media":48271,"template":"","meta":{"_acf_changed":false},"product_brand":[11435],"product_cat":[12771,12752,12751,12772],"product_tag":[],"class_list":{"0":"post-48270","1":"product","2":"type-product","3":"status-publish","4":"has-post-thumbnail","6":"product_brand-holosun","7":"product_cat-ochire","8":"product_cat-pistol","9":"product_cat-puncte-pentru-pistoale","10":"product_cat-puncte-rosii","12":"first","13":"instock","14":"taxable","15":"shipping-taxable","16":"purchasable","17":"product-type-simple"},"acf":[],"_links":{"self":[{"href":"https:\/\/staging.nbg.eu\/ro\/wp-json\/wp\/v2\/product\/48270","targetHints":{"allow":["GET"]}}],"collection":[{"href":"https:\/\/staging.nbg.eu\/ro\/wp-json\/wp\/v2\/product"}],"about":[{"href":"https:\/\/staging.nbg.eu\/ro\/wp-json\/wp\/v2\/types\/product"}],"wp:featuredmedia":[{"embeddable":true,"href":"https:\/\/staging.nbg.eu\/ro\/wp-json\/wp\/v2\/media\/48271"}],"wp:attachment":[{"href":"https:\/\/staging.nbg.eu\/ro\/wp-json\/wp\/v2\/media?parent=48270"}],"wp:term":[{"taxonomy":"product_brand","embeddable":true,"href":"https:\/\/staging.nbg.eu\/ro\/wp-json\/wp\/v2\/product_brand?post=48270"},{"taxonomy":"product_cat","embeddable":true,"href":"https:\/\/staging.nbg.eu\/ro\/wp-json\/wp\/v2\/product_cat?post=48270"},{"taxonomy":"product_tag","embeddable":true,"href":"https:\/\/staging.nbg.eu\/ro\/wp-json\/wp\/v2\/product_tag?post=48270"}],"curies":[{"name":"wp","href":"https:\/\/api.w.org\/{rel}","templated":true}]}}