{"id":47817,"date":"2024-07-30T18:21:46","date_gmt":"2024-09-12T13:52:36","guid":{"rendered":"https:\/\/staging.nbg.eu\/product\/surefire-supressor-alighnment-rod\/"},"modified":"2024-09-12T13:53:29","modified_gmt":"2024-09-12T13:53:29","slug":"tija-aliniere-supresor-surefire","status":"publish","type":"product","link":"https:\/\/staging.nbg.eu\/ro\/produs\/tija-aliniere-supresor-surefire\/","title":{"rendered":"Tija Aliniere Supresor Surefire"},"content":{"rendered":"<p style=\"text-align: center\"><span style=\"font-size: 170%\"><strong>Tije de aliniere pentru \u021beav\u0103 SureFire<\/strong><\/span><\/p>\n<p>Tijele pentru \u021beav\u0103 SureFire sunt instrumente care asigur\u0103 concentricitatea corect\u0103 de-a lungul traiectoriei glon\u021bului c\u00e2nd se trage cu un amortizor de zgomot pe o platform\u0103 nou\u0103. Tija reprezint\u0103 cel mai bine traiectoria glon\u021bului \u0219i va ar\u0103ta orice nealiniere, dac\u0103 exist\u0103. SureFire recomand\u0103 verificarea alinierii \u00eentre \u021beav\u0103, adaptor \u0219i amortizor pentru orice configura\u021bie nou\u0103 sau nefolosit\u0103 anterior, iar tijele SureFire sunt cea mai eficient\u0103 metod\u0103 de confirmare. Alege\u021bi tija corespunz\u0103toare pentru calibrul armei dumneavoastr\u0103.<\/p>\n<p><span style=\"color: #282828\"><strong><span style=\"font-size: 150%\">CARACTERISTICI:<\/span><\/strong><\/span><\/p>\n<p style=\"padding-left: 40px\"><span style=\"color: #282828\"><strong>\u2588 <\/strong><\/span>Fabricat \u00een S.U.A.<\/p>\n<p style=\"padding-left: 40px\"><span style=\"color: #282828\"><strong>\u2588 <\/strong><\/span>O\u021bel inoxidabil tratat termic.<\/p>\n<p style=\"padding-left: 40px\"><span style=\"color: #282828\"><strong>\u2588 <\/strong><\/span>Pentru validarea configura\u021biei \u00eenainte de prima tragere.<\/p>\n<p style=\"padding-left: 40px\"><span style=\"color: #282828\"><strong>\u2588 <\/strong><\/span>Tije prelucrate cu precizie pentru verificare exact\u0103.<\/p>\n<p style=\"padding-left: 40px\"><span style=\"color: #282828\"><strong>\u2588 <\/strong><\/span>Tija prelucrat\u0103 cu precizie va ar\u0103ta orice abatere \u00een aliniere.<\/p>\n<p style=\"padding-left: 40px\"><span style=\"color: #282828\"><strong>\u2588 <\/strong><\/span>Metoda aprobat\u0103 de SureFire pentru verificarea alinierii corecte a amortizorului.<\/p>\n<p style=\"padding-left: 40px\"><span style=\"color: #282828\"><strong>\u2588 <\/strong><\/span>Tije pentru calibre specifice, pentru cele mai populare op\u021biuni de pe pia\u021b\u0103.<\/p>\n<p style=\"padding-left: 40px\"><span style=\"color: #282828\"><strong>\u2588 <\/strong><\/span>Trebuie s\u0103 se observe un spa\u021biu egal \u00eentre orificiul amortizorului \u0219i tija centrat\u0103.<\/p>\n<p style=\"padding-left: 40px\"><span style=\"color: #282828\"><strong>\u2588 <\/strong><\/span>Introduce\u021bi tija prin amortizorul montat al unei arme desc\u0103rcate.<\/p>\n<p style=\"padding-left: 40px\"><span style=\"color: #282828\"><strong>\u2588 <\/strong><\/span>Tije specifice disponibile pentru cele mai populare calibre (5.56 mm, 6.5 mm, 6.8 mm, 7.62 mm, 9 mm, .338)<\/p>\n<table width=\"595\">\n<tbody>\n<tr>\n<td colspan=\"2\" width=\"595\"><span style=\"font-size: 150%;color: #282828\"><b>ATRIBUTE CHEIE<\/b><\/span><\/td>\n<\/tr>\n<tr>\n<td width=\"198\"><b>CALIBRU<\/b><\/td>\n<td width=\"397\">5.56 mm, 6.5 mm, 6.8 mm, 7.62 mm, 9 mm, .338 cal<\/td>\n<\/tr>\n<tr>\n<td width=\"198\"><b>CONSTRUC\u021aIE<\/b><\/td>\n<td width=\"397\">O\u021bel inoxidabil tratat termic<\/td>\n<\/tr>\n<\/tbody>\n","protected":false},"excerpt":{"rendered":"<p><strong>Unelte de Aliniere pentru Amortizoare SureFire<\/strong><\/p>\n","protected":false},"featured_media":47819,"template":"","meta":{"_acf_changed":false},"product_brand":[11877],"product_cat":[12767,12730,12798],"product_tag":[],"class_list":{"0":"post-47817","1":"product","2":"type-product","3":"status-publish","4":"has-post-thumbnail","6":"product_brand-surefire","7":"product_cat-accesorii-pentru-supresoare","8":"product_cat-supresoare","9":"product_cat-unelte","11":"first","12":"instock","13":"taxable","14":"shipping-taxable","15":"purchasable","16":"product-type-variable","17":"wvs-archive-product-wrapper"},"acf":[],"_links":{"self":[{"href":"https:\/\/staging.nbg.eu\/ro\/wp-json\/wp\/v2\/product\/47817","targetHints":{"allow":["GET"]}}],"collection":[{"href":"https:\/\/staging.nbg.eu\/ro\/wp-json\/wp\/v2\/product"}],"about":[{"href":"https:\/\/staging.nbg.eu\/ro\/wp-json\/wp\/v2\/types\/product"}],"wp:featuredmedia":[{"embeddable":true,"href":"https:\/\/staging.nbg.eu\/ro\/wp-json\/wp\/v2\/media\/47819"}],"wp:attachment":[{"href":"https:\/\/staging.nbg.eu\/ro\/wp-json\/wp\/v2\/media?parent=47817"}],"wp:term":[{"taxonomy":"product_brand","embeddable":true,"href":"https:\/\/staging.nbg.eu\/ro\/wp-json\/wp\/v2\/product_brand?post=47817"},{"taxonomy":"product_cat","embeddable":true,"href":"https:\/\/staging.nbg.eu\/ro\/wp-json\/wp\/v2\/product_cat?post=47817"},{"taxonomy":"product_tag","embeddable":true,"href":"https:\/\/staging.nbg.eu\/ro\/wp-json\/wp\/v2\/product_tag?post=47817"}],"curies":[{"name":"wp","href":"https:\/\/api.w.org\/{rel}","templated":true}]}}