{"id":47496,"date":"2024-07-30T18:47:47","date_gmt":"2024-09-12T13:40:06","guid":{"rendered":"https:\/\/staging.nbg.eu\/product\/surefire-x400t-a-rd\/"},"modified":"2025-02-19T15:10:33","modified_gmt":"2025-02-19T15:10:33","slug":"surefire-x400t-a-rd","status":"publish","type":"product","link":"https:\/\/staging.nbg.eu\/ro\/produs\/surefire-x400t-a-rd\/","title":{"rendered":"SureFire X400T-A-RD"},"content":{"rendered":"<div class=\"product-description\">\n<h2>SureFire X400T-A-RD (Laser Ro\u0219u) Lantern\u0103 pentru Arm\u0103<\/h2>\n<p>SureFire X400T-A-RD este o lantern\u0103 tactic\u0103 pentru profesioni\u0219ti. Cu o intensitate maxim\u0103 a fasciculului de 66.000 candela \u0219i o putere de 650 lumeni, aceast\u0103 lantern\u0103 ofer\u0103:<\/p>\n<ul>\n<li>Laser ro\u0219u integrat de 5 miliwa\u021bi pentru achizi\u021bia \u021bintei<\/li>\n<li>Model de fascicul turbo pentru identificarea \u021bintei la distan\u021be mari<\/li>\n<li>Sistem de ata\u0219are cu p\u00e2rghie pentru montare pe \u0219ine universale \u0219i Picatinny<\/li>\n<li>Comutare ambidextr\u0103 pentru activare<\/li>\n<li>Compatibilitate cu tocurile existente X300U-A<\/li>\n<li>Corp din aluminiu aerospa\u021bial cu finisaj anodizat dur conform standardelor militare<\/li>\n<li>Clasificare de impermeabilitate IPX7 (1 metru timp de 30 de minute)<\/li>\n<li>Autonomie de 1,5 ore cu dou\u0103 baterii cu litiu 123A incluse<\/li>\n<\/ul>\n<p>X400T-A-RD combin\u0103 lumina alb\u0103 cu un laser ro\u0219u pentru identificarea amenin\u021b\u0103rilor la distan\u021be mari. Cu comutare ambidextr\u0103 \u0219i un corp rezistent la coroziune, aceast\u0103 lantern\u0103 pentru arm\u0103 ofer\u0103 performan\u021b\u0103 \u0219i fiabilitate.<\/p>\n<\/div>\n","protected":false},"excerpt":{"rendered":"<p>SureFire X400T-A-RD: Lumin\u0103 tactic\u0103 de 650 de lumeni cu laser ro\u0219u, montat\u0103 pe \u0219in\u0103.<\/p>\n","protected":false},"featured_media":47497,"template":"","meta":{"_acf_changed":false},"product_brand":[11877],"product_cat":[12786,12779,12752],"product_tag":[],"class_list":{"0":"post-47496","1":"product","2":"type-product","3":"status-publish","4":"has-post-thumbnail","6":"product_brand-surefire","7":"product_cat-lanterne","8":"product_cat-lanterne-pistol","9":"product_cat-pistol","11":"first","12":"instock","13":"taxable","14":"shipping-taxable","15":"purchasable","16":"product-type-simple"},"acf":[],"_links":{"self":[{"href":"https:\/\/staging.nbg.eu\/ro\/wp-json\/wp\/v2\/product\/47496","targetHints":{"allow":["GET"]}}],"collection":[{"href":"https:\/\/staging.nbg.eu\/ro\/wp-json\/wp\/v2\/product"}],"about":[{"href":"https:\/\/staging.nbg.eu\/ro\/wp-json\/wp\/v2\/types\/product"}],"wp:featuredmedia":[{"embeddable":true,"href":"https:\/\/staging.nbg.eu\/ro\/wp-json\/wp\/v2\/media\/47497"}],"wp:attachment":[{"href":"https:\/\/staging.nbg.eu\/ro\/wp-json\/wp\/v2\/media?parent=47496"}],"wp:term":[{"taxonomy":"product_brand","embeddable":true,"href":"https:\/\/staging.nbg.eu\/ro\/wp-json\/wp\/v2\/product_brand?post=47496"},{"taxonomy":"product_cat","embeddable":true,"href":"https:\/\/staging.nbg.eu\/ro\/wp-json\/wp\/v2\/product_cat?post=47496"},{"taxonomy":"product_tag","embeddable":true,"href":"https:\/\/staging.nbg.eu\/ro\/wp-json\/wp\/v2\/product_tag?post=47496"}],"curies":[{"name":"wp","href":"https:\/\/api.w.org\/{rel}","templated":true}]}}