{"id":47359,"date":"2024-07-30T18:47:47","date_gmt":"2024-09-12T13:25:07","guid":{"rendered":"https:\/\/staging.nbg.eu\/product\/surefire-maxvision-tactician-e2t-mv\/"},"modified":"2024-09-12T13:25:57","modified_gmt":"2024-09-12T13:25:57","slug":"surefire-maxvision-tactician-e2t-mv","status":"publish","type":"product","link":"https:\/\/staging.nbg.eu\/ro\/produs\/surefire-maxvision-tactician-e2t-mv\/","title":{"rendered":"SureFire MAXVISION Tactician E2T-MV"},"content":{"rendered":"<div class=\"product-description\">\n<h2>SureFire MAXVISION Tactician E2T-MV<\/h2>\n<p>SureFire MAXVISION Tactician E2T-MV este o lantern\u0103 pentru uz zilnic care poate fi folosit\u0103 \u0219i ca lumin\u0103 pentru arm\u0103.<\/p>\n<ul>\n<li>LED cu dou\u0103 niveluri de putere \u0219i reflector MaxVision Beam\u00ae<\/li>\n<li>800 lumeni la putere mare<\/li>\n<li>5 lumeni la putere mic\u0103 (95 ore autonomie)<\/li>\n<li>Buton la cap\u0103t pentru activare momentan\u0103 sau constant\u0103<\/li>\n<li>Lungime de 12,7 cm \u0219i greutate de 99 g<\/li>\n<li>Construc\u021bie din aluminiu cu finisaj anodizat dur conform specifica\u021biilor militare<\/li>\n<li>Rezisten\u021b\u0103 la ap\u0103 IPX7<\/li>\n<li>Func\u021bioneaz\u0103 cu dou\u0103 baterii 123A incluse<\/li>\n<\/ul>\n<p>Designul lanternei permite ajustarea rapid\u0103 a puterii: str\u00e2nge\u021bi pentru putere maxim\u0103 sau roti\u021bi \u00een sens invers acelor de ceasornic pentru putere mic\u0103. Are o intensitate maxim\u0103 a fasciculului de 3.200 candela \u0219i o distan\u021b\u0103 a fasciculului de 115 metri.<\/p>\n<\/div>\n","protected":false},"excerpt":{"rendered":"<p>Lantern\u0103 tactic\u0103 versatil\u0103 de 800 lumeni cu dou\u0103 niveluri \u0219i fascicul MaxVision Beam\u00ae.<\/p>\n","protected":false},"featured_media":47360,"template":"","meta":{"_acf_changed":false},"product_brand":[11877],"product_cat":[12785,12786,12754],"product_tag":[],"class_list":{"0":"post-47359","1":"product","2":"type-product","3":"status-publish","4":"has-post-thumbnail","6":"product_brand-surefire","7":"product_cat-edc","8":"product_cat-lanterne","9":"product_cat-lanterne-edc","11":"first","12":"instock","13":"taxable","14":"shipping-taxable","15":"purchasable","16":"product-type-simple"},"acf":[],"_links":{"self":[{"href":"https:\/\/staging.nbg.eu\/ro\/wp-json\/wp\/v2\/product\/47359","targetHints":{"allow":["GET"]}}],"collection":[{"href":"https:\/\/staging.nbg.eu\/ro\/wp-json\/wp\/v2\/product"}],"about":[{"href":"https:\/\/staging.nbg.eu\/ro\/wp-json\/wp\/v2\/types\/product"}],"wp:featuredmedia":[{"embeddable":true,"href":"https:\/\/staging.nbg.eu\/ro\/wp-json\/wp\/v2\/media\/47360"}],"wp:attachment":[{"href":"https:\/\/staging.nbg.eu\/ro\/wp-json\/wp\/v2\/media?parent=47359"}],"wp:term":[{"taxonomy":"product_brand","embeddable":true,"href":"https:\/\/staging.nbg.eu\/ro\/wp-json\/wp\/v2\/product_brand?post=47359"},{"taxonomy":"product_cat","embeddable":true,"href":"https:\/\/staging.nbg.eu\/ro\/wp-json\/wp\/v2\/product_cat?post=47359"},{"taxonomy":"product_tag","embeddable":true,"href":"https:\/\/staging.nbg.eu\/ro\/wp-json\/wp\/v2\/product_tag?post=47359"}],"curies":[{"name":"wp","href":"https:\/\/api.w.org\/{rel}","templated":true}]}}