{"id":47252,"date":"2024-07-30T18:50:58","date_gmt":"2024-09-12T13:12:38","guid":{"rendered":"https:\/\/staging.nbg.eu\/product\/surefire-b12-lithium-polymer-battery\/"},"modified":"2024-09-12T13:13:28","modified_gmt":"2024-09-12T13:13:28","slug":"baterie-litiu-polimer-surefire-b12","status":"publish","type":"product","link":"https:\/\/staging.nbg.eu\/ro\/produs\/baterie-litiu-polimer-surefire-b12\/","title":{"rendered":"Baterie Litiu Polimer SureFire B12"},"content":{"rendered":"<div class=\"product-description\">\n<h2>BATERIE LITIU-POLIMER SUREFIRE B12<\/h2>\n<p>Alimenta\u021bi lanternele pentru arme din seria XSC SureFire cu bateria original\u0103 B12 Litiu-Polimer. Aceast\u0103 baterie re\u00eenc\u0103rcabil\u0103, cu deta\u0219are rapid\u0103, este conceput\u0103 pentru schimb\u0103ri rapide f\u0103r\u0103 a \u00eendep\u0103rta XSC de pe pistol.<\/p>\n<ul>\n<li>Conceput\u0103 special pentru lanternele SureFire XSC<\/li>\n<li>Ofer\u0103 p\u00e2n\u0103 la 30 de minute de func\u021bionare la 350 lumeni<\/li>\n<li>Indicator de nivel al bateriei cu buton pentru verific\u0103ri rapide ale st\u0103rii de \u00eenc\u0103rcare<\/li>\n<li>Compatibil\u0103 cu \u00eenc\u0103rc\u0103torul SureFire CH21 pentru re\u00eenc\u0103rcare u\u0219oar\u0103<\/li>\n<li>Solu\u021bie eficient\u0103 din punct de vedere al costurilor pentru utilizare pe termen lung<\/li>\n<\/ul>\n<p>\u00cembun\u0103t\u0103\u021bi\u021bi-v\u0103 iluminarea tactic\u0103 cu SureFire B12 &#8211; sursa de alimentare pentru lanterna XSC.<\/p>\n<\/div>\n","protected":false},"excerpt":{"rendered":"<p>Baterie re\u00eenc\u0103rcabil\u0103 pentru lanternele pentru arme SureFire XSC. \u00cenlocuire rapid\u0103, autonomie de 30 de minute.<\/p>\n","protected":false},"featured_media":47253,"template":"","meta":{"_acf_changed":false},"product_brand":[11877],"product_cat":[12734,12786],"product_tag":[],"class_list":{"0":"post-47252","1":"product","2":"type-product","3":"status-publish","4":"has-post-thumbnail","6":"product_brand-surefire","7":"product_cat-baterii","8":"product_cat-lanterne","10":"first","11":"instock","12":"taxable","13":"shipping-taxable","14":"purchasable","15":"product-type-simple"},"acf":[],"_links":{"self":[{"href":"https:\/\/staging.nbg.eu\/ro\/wp-json\/wp\/v2\/product\/47252","targetHints":{"allow":["GET"]}}],"collection":[{"href":"https:\/\/staging.nbg.eu\/ro\/wp-json\/wp\/v2\/product"}],"about":[{"href":"https:\/\/staging.nbg.eu\/ro\/wp-json\/wp\/v2\/types\/product"}],"wp:featuredmedia":[{"embeddable":true,"href":"https:\/\/staging.nbg.eu\/ro\/wp-json\/wp\/v2\/media\/47253"}],"wp:attachment":[{"href":"https:\/\/staging.nbg.eu\/ro\/wp-json\/wp\/v2\/media?parent=47252"}],"wp:term":[{"taxonomy":"product_brand","embeddable":true,"href":"https:\/\/staging.nbg.eu\/ro\/wp-json\/wp\/v2\/product_brand?post=47252"},{"taxonomy":"product_cat","embeddable":true,"href":"https:\/\/staging.nbg.eu\/ro\/wp-json\/wp\/v2\/product_cat?post=47252"},{"taxonomy":"product_tag","embeddable":true,"href":"https:\/\/staging.nbg.eu\/ro\/wp-json\/wp\/v2\/product_tag?post=47252"}],"curies":[{"name":"wp","href":"https:\/\/api.w.org\/{rel}","templated":true}]}}