{"id":47200,"date":"2024-07-30T18:50:58","date_gmt":"2024-07-30T18:50:58","guid":{"rendered":"https:\/\/staging.nbg.eu\/product\/surefire-sflfp123-batteries-charger\/"},"modified":"2024-09-12T13:08:57","modified_gmt":"2024-09-12T13:08:57","slug":"baterii-surefire-sflfp123-incarcator","status":"publish","type":"product","link":"https:\/\/staging.nbg.eu\/ro\/produs\/baterii-surefire-sflfp123-incarcator\/","title":{"rendered":"Baterii SureFire SFLFP123 + incarcator"},"content":{"rendered":"<p>Kit SureFire SFLFP123 BATERII + \u00cenc\u0103rc\u0103tor<\/p>\n<ul>\n<li>Bateriile re\u00eenc\u0103rcabile SFLFP123 economisesc comparativ cu bateriile de litiu 123A de unic\u0103 folosin\u021b\u0103<\/li>\n<li>Nu con\u021bine metale grele periculoase<\/li>\n<li>\u00cenc\u0103rc\u0103tor cu dou\u0103 compartimente pentru re\u00eenc\u0103rcare acas\u0103 sau \u00een deplasare<\/li>\n<li>Kitul include:\n<ul>\n<li>Dou\u0103 celule re\u00eenc\u0103rcabile de Litiu Fier Fosfat (LiFePO4) 450mAh 3.2V<\/li>\n<li>\u00cenc\u0103rc\u0103tor de baterii cu dou\u0103 compartimente<\/li>\n<li>Cablu MICRO-USB la USB-A<\/li>\n<\/ul>\n<\/li>\n<\/ul>\n<p>Kit SureFire SFLFP123 BATERII + \u00cenc\u0103rc\u0103tor<\/p>\n","protected":false},"excerpt":{"rendered":"<p>Baterii re\u00eenc\u0103rcabile LiFePO4 cu \u00eenc\u0103rc\u0103tor. Ecologice, rentabile.<\/p>\n","protected":false},"featured_media":47178,"template":"","meta":{"_acf_changed":false},"product_brand":[11877],"product_cat":[12810,12734,12786],"product_tag":[],"class_list":{"0":"post-47200","1":"product","2":"type-product","3":"status-publish","4":"has-post-thumbnail","6":"product_brand-surefire","7":"product_cat-accesorii-lanterna","8":"product_cat-baterii","9":"product_cat-lanterne","11":"first","12":"outofstock","13":"taxable","14":"shipping-taxable","15":"purchasable","16":"product-type-simple"},"acf":[],"_links":{"self":[{"href":"https:\/\/staging.nbg.eu\/ro\/wp-json\/wp\/v2\/product\/47200","targetHints":{"allow":["GET"]}}],"collection":[{"href":"https:\/\/staging.nbg.eu\/ro\/wp-json\/wp\/v2\/product"}],"about":[{"href":"https:\/\/staging.nbg.eu\/ro\/wp-json\/wp\/v2\/types\/product"}],"wp:featuredmedia":[{"embeddable":true,"href":"https:\/\/staging.nbg.eu\/ro\/wp-json\/wp\/v2\/media\/47178"}],"wp:attachment":[{"href":"https:\/\/staging.nbg.eu\/ro\/wp-json\/wp\/v2\/media?parent=47200"}],"wp:term":[{"taxonomy":"product_brand","embeddable":true,"href":"https:\/\/staging.nbg.eu\/ro\/wp-json\/wp\/v2\/product_brand?post=47200"},{"taxonomy":"product_cat","embeddable":true,"href":"https:\/\/staging.nbg.eu\/ro\/wp-json\/wp\/v2\/product_cat?post=47200"},{"taxonomy":"product_tag","embeddable":true,"href":"https:\/\/staging.nbg.eu\/ro\/wp-json\/wp\/v2\/product_tag?post=47200"}],"curies":[{"name":"wp","href":"https:\/\/api.w.org\/{rel}","templated":true}]}}