{"id":47148,"date":"2024-07-30T18:50:58","date_gmt":"2024-07-30T18:50:58","guid":{"rendered":"https:\/\/staging.nbg.eu\/product\/surefire-sflfp123-batteries-2-pack\/"},"modified":"2024-09-12T13:04:44","modified_gmt":"2024-09-12T13:04:44","slug":"baterii-surefire-sflfp123-pachet-2-buc","status":"publish","type":"product","link":"https:\/\/staging.nbg.eu\/ro\/produs\/baterii-surefire-sflfp123-pachet-2-buc\/","title":{"rendered":"Baterii SureFire SFLFP123 pachet 2 buc"},"content":{"rendered":"<div class=\"product-description\">\n<h2>Baterii SureFire SFLFP123 &#8211; Pachet de 2<\/h2>\n<p>Alimenta\u021bi dispozitivele cu bateriile SureFire SFLFP123. Acest pachet de 2 baterii cu litiu fosfat ofer\u0103:<\/p>\n<ul>\n<li>Energie pentru lanterne, lumini pentru arme \u0219i alte dispozitive<\/li>\n<li>Tensiune nominal\u0103 de 3,2V cu capacitate de 1500mAh<\/li>\n<li>Rezisten\u021b\u0103 la temperaturi extreme (-40\u00b0C p\u00e2n\u0103 la 60\u00b0C)<\/li>\n<li>Durat\u0103 de valabilitate de 10 ani pentru preg\u0103tire \u00een caz de urgen\u021b\u0103<\/li>\n<li>Re\u00eenc\u0103rcabile p\u00e2n\u0103 la 500 de ori<\/li>\n<li>Fabricate \u00een SUA<\/li>\n<\/ul>\n<p>Aceste baterii compacte \u0219i u\u0219oare ofer\u0103 performan\u021b\u0103 constant\u0103 \u00een situa\u021bii solicitante.<\/p>\n<\/div>\n","protected":false},"excerpt":{"rendered":"<p>Baterii SureFire SFLFP123: Celule de litiu fosfat de 3V de \u00eenalt\u0103 performan\u021b\u0103, concepute pentru o produc\u021bie maxim\u0103 \u0219i longevitate. Acest pachet de 2 ofer\u0103 energie fiabil\u0103 pentru lanterne, lumini pentru arme \u0219i alte dispozitive. \u00cencrede\u021bi-v\u0103 \u00een calitatea SureFire pentru energie consistent\u0103 \u0219i de lung\u0103 durat\u0103 \u00eentr-o dimensiune compact\u0103.<\/p>\n","protected":false},"featured_media":47149,"template":"","meta":{"_acf_changed":false},"product_brand":[11877],"product_cat":[12810,12734,12785,12786,12754],"product_tag":[],"class_list":{"0":"post-47148","1":"product","2":"type-product","3":"status-publish","4":"has-post-thumbnail","6":"product_brand-surefire","7":"product_cat-accesorii-lanterna","8":"product_cat-baterii","9":"product_cat-edc","10":"product_cat-lanterne","11":"product_cat-lanterne-edc","13":"first","14":"instock","15":"taxable","16":"shipping-taxable","17":"purchasable","18":"product-type-simple"},"acf":[],"_links":{"self":[{"href":"https:\/\/staging.nbg.eu\/ro\/wp-json\/wp\/v2\/product\/47148","targetHints":{"allow":["GET"]}}],"collection":[{"href":"https:\/\/staging.nbg.eu\/ro\/wp-json\/wp\/v2\/product"}],"about":[{"href":"https:\/\/staging.nbg.eu\/ro\/wp-json\/wp\/v2\/types\/product"}],"wp:featuredmedia":[{"embeddable":true,"href":"https:\/\/staging.nbg.eu\/ro\/wp-json\/wp\/v2\/media\/47149"}],"wp:attachment":[{"href":"https:\/\/staging.nbg.eu\/ro\/wp-json\/wp\/v2\/media?parent=47148"}],"wp:term":[{"taxonomy":"product_brand","embeddable":true,"href":"https:\/\/staging.nbg.eu\/ro\/wp-json\/wp\/v2\/product_brand?post=47148"},{"taxonomy":"product_cat","embeddable":true,"href":"https:\/\/staging.nbg.eu\/ro\/wp-json\/wp\/v2\/product_cat?post=47148"},{"taxonomy":"product_tag","embeddable":true,"href":"https:\/\/staging.nbg.eu\/ro\/wp-json\/wp\/v2\/product_tag?post=47148"}],"curies":[{"name":"wp","href":"https:\/\/api.w.org\/{rel}","templated":true}]}}