{"id":47081,"date":"2024-07-30T19:06:10","date_gmt":"2024-09-12T12:56:18","guid":{"rendered":"https:\/\/staging.nbg.eu\/product\/iosso-ar-rifle-complete-cleaning-kit\/"},"modified":"2024-09-12T12:57:11","modified_gmt":"2024-09-12T12:57:11","slug":"kit-complet-curatare-pusca-ar-iosso","status":"publish","type":"product","link":"https:\/\/staging.nbg.eu\/ro\/produs\/kit-complet-curatare-pusca-ar-iosso\/","title":{"rendered":"Kit Complet Curatare Pusca AR Iosso"},"content":{"rendered":"<div class=\"product-description\">\n<h2>Kit complet de cur\u0103\u021bare pentru pu\u0219ca AR Iosso<\/h2>\n<p>Men\u021bine\u021bi arma \u00een stare bun\u0103 cu kitul nostru de cur\u0103\u021bare. Caracteristici:<\/p>\n<ul>\n<li>6 perii de precizie pentru cur\u0103\u021bare complet\u0103<\/li>\n<li>Cur\u0103\u021b\u0103 Reciverul Superior, Camera, Portculasa, calibrul .223\/.30, Tubul Cheie \u0219i Tubul de Gaz<\/li>\n<li>Peria pentru tubul de gaz cur\u0103\u021b\u0103 f\u0103r\u0103 dezasamblare<\/li>\n<li>Include toate uneltele necesare, tij\u0103 \u0219i fr\u00e2nghie<\/li>\n<li>Versatil: potrivit pentru pistoale, pu\u0219ti \u0219i arme de v\u00e2n\u0103toare<\/li>\n<li>Include geant\u0103 de transport<\/li>\n<\/ul>\n<p>Utiliza\u021bi \u00eempreun\u0103 cu Solu\u021bia de Cur\u0103\u021bare pentru \u021aeav\u0103 Iosso \u0219i Uleiul cu Ac\u021biune Tripl\u0103 pentru rezultate optime (v\u00e2ndute separat).<\/p>\n<\/div>\n","protected":false},"excerpt":{"rendered":"<p>Kit complet de cur\u0103\u021bare pentru pu\u0219ca AR, cu 6 perii \u0219i unelte esen\u021biale.<\/p>\n","protected":false},"featured_media":107645,"template":"","meta":{"_acf_changed":false},"product_brand":[11474],"product_cat":[12776,12803,12741],"product_tag":[],"class_list":{"0":"post-47081","1":"product","2":"type-product","3":"status-publish","4":"has-post-thumbnail","6":"product_brand-iosso","7":"product_cat-curatare-arme","8":"product_cat-perii","9":"product_cat-seturi-de-curatare","10":"pa_model-ar-308-ro","11":"pa_model-ar-15-ro","13":"first","14":"instock","15":"taxable","16":"shipping-taxable","17":"purchasable","18":"product-type-variable","19":"wvs-archive-product-wrapper"},"acf":[],"_links":{"self":[{"href":"https:\/\/staging.nbg.eu\/ro\/wp-json\/wp\/v2\/product\/47081","targetHints":{"allow":["GET"]}}],"collection":[{"href":"https:\/\/staging.nbg.eu\/ro\/wp-json\/wp\/v2\/product"}],"about":[{"href":"https:\/\/staging.nbg.eu\/ro\/wp-json\/wp\/v2\/types\/product"}],"wp:featuredmedia":[{"embeddable":true,"href":"https:\/\/staging.nbg.eu\/ro\/wp-json\/wp\/v2\/media\/107645"}],"wp:attachment":[{"href":"https:\/\/staging.nbg.eu\/ro\/wp-json\/wp\/v2\/media?parent=47081"}],"wp:term":[{"taxonomy":"product_brand","embeddable":true,"href":"https:\/\/staging.nbg.eu\/ro\/wp-json\/wp\/v2\/product_brand?post=47081"},{"taxonomy":"product_cat","embeddable":true,"href":"https:\/\/staging.nbg.eu\/ro\/wp-json\/wp\/v2\/product_cat?post=47081"},{"taxonomy":"product_tag","embeddable":true,"href":"https:\/\/staging.nbg.eu\/ro\/wp-json\/wp\/v2\/product_tag?post=47081"}],"curies":[{"name":"wp","href":"https:\/\/api.w.org\/{rel}","templated":true}]}}