{"id":46990,"date":"2024-07-30T19:11:42","date_gmt":"2024-09-12T12:43:19","guid":{"rendered":"https:\/\/staging.nbg.eu\/product\/surefire-scout-light-rear-cap\/"},"modified":"2024-09-12T12:44:11","modified_gmt":"2024-09-12T12:44:11","slug":"capac-spate-surefire-scout-light","status":"publish","type":"product","link":"https:\/\/staging.nbg.eu\/ro\/produs\/capac-spate-surefire-scout-light\/","title":{"rendered":"Capac Spate SureFire Scout Light"},"content":{"rendered":"<div class=\"product-description\">\n<h2>CAP POSTERIOR SUREFIRE SCOUT LIGHT<\/h2>\n<p>\u00cembun\u0103t\u0103\u021bi\u021bi Scout Light-ul dvs. cu CAPUL POSTERIOR SUREFIRE SCOUT LIGHT, un ansamblu de cap posterior de \u00eenlocuire conceput pentru versatilitate \u0219i func\u021bionalitate.<\/p>\n<h3>Caracteristici principale:<\/h3>\n<ul>\n<li>Compatibil cu \u00eentrerup\u0103toarele SureFire (ST07 nu este inclus)<\/li>\n<li>Func\u021bie de blocare pentru prevenirea activ\u0103rii accidentale<\/li>\n<li>Construc\u021bie din aluminiu de grad aerospa\u021bial<\/li>\n<li>Finisaj anodizat dur Mil-Spec Tip III<\/li>\n<li>Disponibil \u00een Negru sau Tan De\u0219ert<\/li>\n<\/ul>\n<p>Acest ansamblu de cap posterior v\u0103 permite s\u0103 ata\u0219a\u021bi un \u00eentrerup\u0103tor SureFire, oferind un control mai mare \u00een timpul opera\u021biunilor tactice. Func\u021bia de blocare asigur\u0103 siguran\u021ba \u00een timpul transportului \u0219i depozit\u0103rii.<\/p>\n<h3>Compatibilitate:<\/h3>\n<p>Se potrive\u0219te cu Scout Light WeaponLights \u0219i lanterne cu diametrul \u00eentrerup\u0103torului de 0,75&#8243;, inclusiv:<\/p>\n<ul>\n<li>E1E-HA, E1B, E1L-HA-WH<\/li>\n<li>E2D-BK, E2DL-BK, E2L-HA-WH<\/li>\n<li>L4-HA-WH<\/li>\n<\/ul>\n<p><strong>Not\u0103:<\/strong> Nu este compatibil cu Micro Scout Light Pro<\/p>\n<p>\u00cembun\u0103t\u0103\u021bi\u021bi performan\u021ba Scout Light-ului dvs. cu acest ansamblu de cap posterior durabil \u0219i versatil.<\/p>\n<\/div>\n","protected":false},"excerpt":{"rendered":"<p>Capac posterior de \u00eenlocuire pentru lanternele Scout. Permite utilizarea comutatorului cu band\u0103.<\/p>\n","protected":false},"featured_media":46991,"template":"","meta":{"_acf_changed":false},"product_brand":[11877],"product_cat":[12810,12786,12795],"product_tag":[],"class_list":{"0":"post-46990","1":"product","2":"type-product","3":"status-publish","4":"has-post-thumbnail","6":"product_brand-surefire","7":"product_cat-accesorii-lanterna","8":"product_cat-lanterne","9":"product_cat-pusca","11":"first","12":"instock","13":"taxable","14":"shipping-taxable","15":"purchasable","16":"product-type-variable","17":"wvs-archive-product-wrapper"},"acf":[],"_links":{"self":[{"href":"https:\/\/staging.nbg.eu\/ro\/wp-json\/wp\/v2\/product\/46990","targetHints":{"allow":["GET"]}}],"collection":[{"href":"https:\/\/staging.nbg.eu\/ro\/wp-json\/wp\/v2\/product"}],"about":[{"href":"https:\/\/staging.nbg.eu\/ro\/wp-json\/wp\/v2\/types\/product"}],"wp:featuredmedia":[{"embeddable":true,"href":"https:\/\/staging.nbg.eu\/ro\/wp-json\/wp\/v2\/media\/46991"}],"wp:attachment":[{"href":"https:\/\/staging.nbg.eu\/ro\/wp-json\/wp\/v2\/media?parent=46990"}],"wp:term":[{"taxonomy":"product_brand","embeddable":true,"href":"https:\/\/staging.nbg.eu\/ro\/wp-json\/wp\/v2\/product_brand?post=46990"},{"taxonomy":"product_cat","embeddable":true,"href":"https:\/\/staging.nbg.eu\/ro\/wp-json\/wp\/v2\/product_cat?post=46990"},{"taxonomy":"product_tag","embeddable":true,"href":"https:\/\/staging.nbg.eu\/ro\/wp-json\/wp\/v2\/product_tag?post=46990"}],"curies":[{"name":"wp","href":"https:\/\/api.w.org\/{rel}","templated":true}]}}